{"id":11898,"date":"2026-01-28T16:40:02","date_gmt":"2026-01-28T15:40:02","guid":{"rendered":"https:\/\/parapharmacieenligne.ma\/?post_type=product&#038;p=11898"},"modified":"2026-01-28T16:43:29","modified_gmt":"2026-01-28T15:43:29","slug":"nuxe-nuxuriance-ultra-creme-anti-age-globale-spf30-50ml","status":"publish","type":"product","link":"https:\/\/parapharmacieenligne.ma\/en\/product\/nuxe-nuxuriance-ultra-creme-anti-age-globale-spf30-50ml\/","title":{"rendered":"Nuxe Nuxuriance Ultra Creme Anti-age Globale Spf30 50ml"},"content":{"rendered":"<div aria-labelledby=\"tab-title-description\" class=\"woocommerce-Tabs-panel woocommerce-Tabs-panel--description panel entry-content wc-tab\" id=\"tab-description\" role=\"tabpanel\" style=\"\">\n<h2>Description<\/h2>\n<p><strong>L\u2019ANTI-\u00c2GE GLOBAL PLUS EFFICACE QUE LE RETINOL \u207d\u00b9\u207e<\/strong><\/p>\n<p>Cette cr\u00e8me <strong>SPF30<\/strong> corrige visiblement les principaux signes de l\u2019\u00e2ge et offre une protection contre les UVA et UVB pour pr\u00e9venir le vieillissement cutan\u00e9 pr\u00e9matur\u00e9.<\/p>\n<p><strong>La TECHNOLOGIE ALFA [3R]* permet de [R]evitaliser, [R]\u00e9g\u00e9n\u00e9rer et [R]esurfacer la peau.<\/strong><\/p>\n<p>Instantan\u00e9ment, la peau est tonifi\u00e9e, liss\u00e9e, comme repulp\u00e9e.<\/p>\n<\/p>\n<p>D\u00e8s 1 mois** :<\/p>\n<p>\u2013 La peau du visage est plus forte, comme renforc\u00e9e pour 78% des femmes.<\/p>\n<p>\u2013 Les rides sont liss\u00e9es pour 73% des femmes.<\/p>\n<p>\u2013 La peau est comme retendue 77% des femmes.<\/p>\n<p>Une efficacit\u00e9 anti-\u00e2ge global alli\u00e9e \u00e0 une sensorialit\u00e9 unique gr\u00e2ce \u00e0 son parfum f\u00e9minin moderne et \u00e9l\u00e9gant. Sa texture onctueuse universelle convient \u00e0 tous types de peaux.<\/p>\n<p>\u207d\u00b9\u207e Test in vitro<br \/>\n *Technologie Alfa [3R] = Alfalfa extract + Hyaluronic acid + Hemerocallis Fulva extract<br \/>\n **Test d\u2019usage \u2013 22 volontaires. % de satisfaction..<\/p>\n<\/p><\/div>\n","protected":false},"excerpt":{"rendered":"<p>Highlights:L\u2019anti-\u00e2ge global plus efficace que le retinol \u207d\u00b9\u207eTECHNOLOGIE ALFA [3R]* \u2013 Revitalise, r\u00e9g\u00e9n\u00e8re, resurface et pr\u00e9vient le photo-vieillissement.<\/p>\n","protected":false},"featured_media":11948,"comment_status":"open","ping_status":"closed","template":"","meta":[],"product_cat":[83],"product_tag":[],"yith_product_brand":[157],"class_list":{"0":"post-11898","1":"product","2":"type-product","3":"status-publish","4":"has-post-thumbnail","6":"product_cat-soins-visage","7":"yith_product_brand-nuxe","9":"first","10":"instock","11":"sale","12":"shipping-taxable","13":"purchasable","14":"product-type-simple"},"_links":{"self":[{"href":"https:\/\/parapharmacieenligne.ma\/en\/wp-json\/wp\/v2\/product\/11898","targetHints":{"allow":["GET"]}}],"collection":[{"href":"https:\/\/parapharmacieenligne.ma\/en\/wp-json\/wp\/v2\/product"}],"about":[{"href":"https:\/\/parapharmacieenligne.ma\/en\/wp-json\/wp\/v2\/types\/product"}],"replies":[{"embeddable":true,"href":"https:\/\/parapharmacieenligne.ma\/en\/wp-json\/wp\/v2\/comments?post=11898"}],"version-history":[{"count":1,"href":"https:\/\/parapharmacieenligne.ma\/en\/wp-json\/wp\/v2\/product\/11898\/revisions"}],"predecessor-version":[{"id":11949,"href":"https:\/\/parapharmacieenligne.ma\/en\/wp-json\/wp\/v2\/product\/11898\/revisions\/11949"}],"wp:featuredmedia":[{"embeddable":true,"href":"https:\/\/parapharmacieenligne.ma\/en\/wp-json\/wp\/v2\/media\/11948"}],"wp:attachment":[{"href":"https:\/\/parapharmacieenligne.ma\/en\/wp-json\/wp\/v2\/media?parent=11898"}],"wp:term":[{"taxonomy":"product_cat","embeddable":true,"href":"https:\/\/parapharmacieenligne.ma\/en\/wp-json\/wp\/v2\/product_cat?post=11898"},{"taxonomy":"product_tag","embeddable":true,"href":"https:\/\/parapharmacieenligne.ma\/en\/wp-json\/wp\/v2\/product_tag?post=11898"},{"taxonomy":"yith_product_brand","embeddable":true,"href":"https:\/\/parapharmacieenligne.ma\/en\/wp-json\/wp\/v2\/yith_product_brand?post=11898"}],"curies":[{"name":"wp","href":"https:\/\/api.w.org\/{rel}","templated":true}]}}