{"id":11901,"date":"2026-01-28T16:40:04","date_gmt":"2026-01-28T15:40:04","guid":{"rendered":"https:\/\/parapharmacieenligne.ma\/?post_type=product&#038;p=11901"},"modified":"2026-01-28T16:44:17","modified_gmt":"2026-01-28T15:44:17","slug":"nuxe-creme-fraiche-creme-riche-peau-seche-30ml","status":"publish","type":"product","link":"https:\/\/parapharmacieenligne.ma\/en\/product\/nuxe-creme-fraiche-creme-riche-peau-seche-30ml\/","title":{"rendered":"Nuxe Creme Fraiche Creme Riche Peau Seche 30ml"},"content":{"rendered":"<div aria-labelledby=\"tab-title-description\" class=\"woocommerce-Tabs-panel woocommerce-Tabs-panel--description panel entry-content wc-tab\" id=\"tab-description\" role=\"tabpanel\" style=\"\">\n<h2>Description<\/h2>\n<p style=\"font-weight: 400\">Apr\u00e8s avoir appliqu\u00e9 le s\u00e9rum hydratant cr\u00e8me fra\u00eeche de beaut\u00e9 en base de maquillage, appliquez la cr\u00e8me riche sur l\u2019ensemble du visage.<\/p>\n<\/p><\/div>","protected":false},"excerpt":{"rendered":"<p>Highlights:Lacr\u00e8me riche cr\u00e8me fra\u00eeche de beaut\u00e9deNUXE, aux laits v\u00e9g\u00e9taux et extrait d\u2019algue, permet unehydratation optimale, elleprot\u00e8gedes agressions ext\u00e9rieures comme : la pollution, le stress\u2026Apr\u00e8s appliquation la peau estfra\u00eeche et nourrit tout au long de la journ\u00e9e.<\/p>","protected":false},"featured_media":11956,"comment_status":"open","ping_status":"closed","template":"","meta":[],"product_cat":[83],"product_tag":[],"yith_product_brand":[157],"class_list":{"0":"post-11901","1":"product","2":"type-product","3":"status-publish","4":"has-post-thumbnail","6":"product_cat-soins-visage","7":"yith_product_brand-nuxe","9":"first","10":"instock","11":"sale","12":"shipping-taxable","13":"purchasable","14":"product-type-simple"},"_links":{"self":[{"href":"https:\/\/parapharmacieenligne.ma\/en\/wp-json\/wp\/v2\/product\/11901","targetHints":{"allow":["GET"]}}],"collection":[{"href":"https:\/\/parapharmacieenligne.ma\/en\/wp-json\/wp\/v2\/product"}],"about":[{"href":"https:\/\/parapharmacieenligne.ma\/en\/wp-json\/wp\/v2\/types\/product"}],"replies":[{"embeddable":true,"href":"https:\/\/parapharmacieenligne.ma\/en\/wp-json\/wp\/v2\/comments?post=11901"}],"version-history":[{"count":1,"href":"https:\/\/parapharmacieenligne.ma\/en\/wp-json\/wp\/v2\/product\/11901\/revisions"}],"predecessor-version":[{"id":11957,"href":"https:\/\/parapharmacieenligne.ma\/en\/wp-json\/wp\/v2\/product\/11901\/revisions\/11957"}],"wp:featuredmedia":[{"embeddable":true,"href":"https:\/\/parapharmacieenligne.ma\/en\/wp-json\/wp\/v2\/media\/11956"}],"wp:attachment":[{"href":"https:\/\/parapharmacieenligne.ma\/en\/wp-json\/wp\/v2\/media?parent=11901"}],"wp:term":[{"taxonomy":"product_cat","embeddable":true,"href":"https:\/\/parapharmacieenligne.ma\/en\/wp-json\/wp\/v2\/product_cat?post=11901"},{"taxonomy":"product_tag","embeddable":true,"href":"https:\/\/parapharmacieenligne.ma\/en\/wp-json\/wp\/v2\/product_tag?post=11901"},{"taxonomy":"yith_product_brand","embeddable":true,"href":"https:\/\/parapharmacieenligne.ma\/en\/wp-json\/wp\/v2\/yith_product_brand?post=11901"}],"curies":[{"name":"wp","href":"https:\/\/api.w.org\/{rel}","templated":true}]}}