{"id":11903,"date":"2026-01-28T16:40:06","date_gmt":"2026-01-28T15:40:06","guid":{"rendered":"https:\/\/parapharmacieenligne.ma\/?post_type=product&#038;p=11903"},"modified":"2026-01-28T16:44:42","modified_gmt":"2026-01-28T15:44:42","slug":"nuxe-sun-shampoing-douche-apres-soleil-200ml","status":"publish","type":"product","link":"https:\/\/parapharmacieenligne.ma\/en\/product\/nuxe-sun-shampoing-douche-apres-soleil-200ml\/","title":{"rendered":"Nuxe Sun Shampoing Douche Apres-Soleil 200ml"},"content":{"rendered":"<div aria-labelledby=\"tab-title-description\" class=\"woocommerce-Tabs-panel woocommerce-Tabs-panel--description panel entry-content wc-tab\" id=\"tab-description\" role=\"tabpanel\">\n<h2>Description<\/h2>\n<p>Le Shampooing Douche Apr\u00e8s-Soleil nettoie avec d\u00e9licatesse. Il laisse votre peau douce et vos cheveux l\u00e9gers et brillants. Filtres UV, sel, chlore et sable s\u2019\u00e9vanouissent sous sa mousse onctueuse et d\u00e9licieusement parfum\u00e9e aux notes d\u2019Orange Douce, de Tiar\u00e9 et de Vanille. Une sensation intense d\u2018\u00e9vasion \u00e0 chaque utilisation. Le + pack : 25% de plastique en moins* dans nos tubes !<\/p>\n<p>Soin formul\u00e9 et fabriqu\u00e9 en France.<\/p>\n<\/p><\/div>","protected":false},"excerpt":{"rendered":"<p>Highlights:Rafra\u00eechit et \u00e9limine filtres UV, sel, chlore et sable.Toutes les peaux<\/p>","protected":false},"featured_media":11962,"comment_status":"open","ping_status":"closed","template":"","meta":[],"product_cat":[84],"product_tag":[],"yith_product_brand":[157],"class_list":{"0":"post-11903","1":"product","2":"type-product","3":"status-publish","4":"has-post-thumbnail","6":"product_cat-soins-cheveux","7":"yith_product_brand-nuxe","9":"first","10":"instock","11":"sale","12":"shipping-taxable","13":"purchasable","14":"product-type-simple"},"_links":{"self":[{"href":"https:\/\/parapharmacieenligne.ma\/en\/wp-json\/wp\/v2\/product\/11903","targetHints":{"allow":["GET"]}}],"collection":[{"href":"https:\/\/parapharmacieenligne.ma\/en\/wp-json\/wp\/v2\/product"}],"about":[{"href":"https:\/\/parapharmacieenligne.ma\/en\/wp-json\/wp\/v2\/types\/product"}],"replies":[{"embeddable":true,"href":"https:\/\/parapharmacieenligne.ma\/en\/wp-json\/wp\/v2\/comments?post=11903"}],"version-history":[{"count":1,"href":"https:\/\/parapharmacieenligne.ma\/en\/wp-json\/wp\/v2\/product\/11903\/revisions"}],"predecessor-version":[{"id":11963,"href":"https:\/\/parapharmacieenligne.ma\/en\/wp-json\/wp\/v2\/product\/11903\/revisions\/11963"}],"wp:featuredmedia":[{"embeddable":true,"href":"https:\/\/parapharmacieenligne.ma\/en\/wp-json\/wp\/v2\/media\/11962"}],"wp:attachment":[{"href":"https:\/\/parapharmacieenligne.ma\/en\/wp-json\/wp\/v2\/media?parent=11903"}],"wp:term":[{"taxonomy":"product_cat","embeddable":true,"href":"https:\/\/parapharmacieenligne.ma\/en\/wp-json\/wp\/v2\/product_cat?post=11903"},{"taxonomy":"product_tag","embeddable":true,"href":"https:\/\/parapharmacieenligne.ma\/en\/wp-json\/wp\/v2\/product_tag?post=11903"},{"taxonomy":"yith_product_brand","embeddable":true,"href":"https:\/\/parapharmacieenligne.ma\/en\/wp-json\/wp\/v2\/yith_product_brand?post=11903"}],"curies":[{"name":"wp","href":"https:\/\/api.w.org\/{rel}","templated":true}]}}