{"id":11905,"date":"2026-01-28T16:40:07","date_gmt":"2026-01-28T15:40:07","guid":{"rendered":"https:\/\/parapharmacieenligne.ma\/?post_type=product&#038;p=11905"},"modified":"2026-01-28T16:44:55","modified_gmt":"2026-01-28T15:44:55","slug":"nuxe-bio-soin-hydratant-teinte-multi-perfecteur-teinte-medium-50ml","status":"publish","type":"product","link":"https:\/\/parapharmacieenligne.ma\/en\/product\/nuxe-bio-soin-hydratant-teinte-multi-perfecteur-teinte-medium-50ml\/","title":{"rendered":"Nuxe Bio Soin Hydratant Teint\u00e9 Multi-perfecteur teinte Medium 50ml"},"content":{"rendered":"<div aria-labelledby=\"tab-title-description\" class=\"woocommerce-Tabs-panel woocommerce-Tabs-panel--description panel entry-content wc-tab\" id=\"tab-description\" role=\"tabpanel\">\n<h2>Description<\/h2>\n<p>A la fois cr\u00e8me teint\u00e9e bio* et soin hydratant, ce multi-perfecteur au Th\u00e9 Blanc offre un fini \u00ab peau parfaite \u00bb naturel, qui dure toute la journ\u00e9e. Sa texture fondante riche en Pigments min\u00e9raux existe en 2 teintes. Les ridules sont liss\u00e9es, les rougeurs et taches sont unifi\u00e9es pour r\u00e9v\u00e9ler un teint lumineux.<\/p>\n<p>Le Soin Hydratant Teint\u00e9 Multi-perfecteur en teinte claire convient aux carnations claires.<\/p>\n<p><strong><strong>Conseils d\u2019Utilisation : <\/strong> <\/strong><\/p>\n<p>Pr\u00e9levez une noisette de cr\u00e8me, chauffez la texture entre les mains puis appliquez sur l\u2019ensemble du visage ou plus localement sur les zones \u00e0 parfaire.<\/p>\n<p><strong>FORMULE :<\/strong><\/p>\n<div>Actif star : l\u2019extrait de Th\u00e9 Blanc, un alli\u00e9 \u00ab teint parfait \u00bb d\u2019origine 100% naturelle, riche en polyph\u00e9nols.<\/div>\n<div>Actifs compl\u00e9mentaires : les pigments min\u00e9raux, qui unifient et illuminent le teint sans effet masque.<\/div>\n<\/p><\/div>","protected":false},"excerpt":{"rendered":"<p>Highlights:Hydrate, lisse, unifie et illumine le teint.Toutes peaux, m\u00eame sensibles.<\/p>","protected":false},"featured_media":11966,"comment_status":"open","ping_status":"closed","template":"","meta":[],"product_cat":[83],"product_tag":[],"yith_product_brand":[157],"class_list":{"0":"post-11905","1":"product","2":"type-product","3":"status-publish","4":"has-post-thumbnail","6":"product_cat-soins-visage","7":"yith_product_brand-nuxe","9":"first","10":"instock","11":"sale","12":"shipping-taxable","13":"purchasable","14":"product-type-simple"},"_links":{"self":[{"href":"https:\/\/parapharmacieenligne.ma\/en\/wp-json\/wp\/v2\/product\/11905","targetHints":{"allow":["GET"]}}],"collection":[{"href":"https:\/\/parapharmacieenligne.ma\/en\/wp-json\/wp\/v2\/product"}],"about":[{"href":"https:\/\/parapharmacieenligne.ma\/en\/wp-json\/wp\/v2\/types\/product"}],"replies":[{"embeddable":true,"href":"https:\/\/parapharmacieenligne.ma\/en\/wp-json\/wp\/v2\/comments?post=11905"}],"version-history":[{"count":1,"href":"https:\/\/parapharmacieenligne.ma\/en\/wp-json\/wp\/v2\/product\/11905\/revisions"}],"predecessor-version":[{"id":11967,"href":"https:\/\/parapharmacieenligne.ma\/en\/wp-json\/wp\/v2\/product\/11905\/revisions\/11967"}],"wp:featuredmedia":[{"embeddable":true,"href":"https:\/\/parapharmacieenligne.ma\/en\/wp-json\/wp\/v2\/media\/11966"}],"wp:attachment":[{"href":"https:\/\/parapharmacieenligne.ma\/en\/wp-json\/wp\/v2\/media?parent=11905"}],"wp:term":[{"taxonomy":"product_cat","embeddable":true,"href":"https:\/\/parapharmacieenligne.ma\/en\/wp-json\/wp\/v2\/product_cat?post=11905"},{"taxonomy":"product_tag","embeddable":true,"href":"https:\/\/parapharmacieenligne.ma\/en\/wp-json\/wp\/v2\/product_tag?post=11905"},{"taxonomy":"yith_product_brand","embeddable":true,"href":"https:\/\/parapharmacieenligne.ma\/en\/wp-json\/wp\/v2\/yith_product_brand?post=11905"}],"curies":[{"name":"wp","href":"https:\/\/api.w.org\/{rel}","templated":true}]}}