{"id":11906,"date":"2026-01-28T16:40:07","date_gmt":"2026-01-28T15:40:07","guid":{"rendered":"https:\/\/parapharmacieenligne.ma\/?post_type=product&#038;p=11906"},"modified":"2026-01-28T16:45:13","modified_gmt":"2026-01-28T15:45:13","slug":"nuxe-reve-de-the-eau-exaltante-parfumante-30-ml","status":"publish","type":"product","link":"https:\/\/parapharmacieenligne.ma\/en\/product\/nuxe-reve-de-the-eau-exaltante-parfumante-30-ml\/","title":{"rendered":"NUXE R\u00eave de Th\u00e9 Eau Exaltante Parfumante 30 ml"},"content":{"rendered":"<div aria-labelledby=\"tab-title-description\" class=\"woocommerce-Tabs-panel woocommerce-Tabs-panel--description panel entry-content wc-tab\" id=\"tab-description\" role=\"tabpanel\">\n<h2>Description<\/h2>\n<p>Cette eau parfumante, condens\u00e9 de bonne humeur aux vertus vivifiantes et ressour\u00e7antes, booste les sens gr\u00e2ce \u00e0 sa fragrance addictive mariant des notes de Rhubarbe, Th\u00e9 Vert et Herbes fra\u00eeches. Son sillage p\u00e9tillant procure une sensation de fra\u00eecheur, enveloppant la peau tel un halo de bien-\u00eatre.91%* des femmes ressentent la sensation de fra\u00eecheur et trouvent leur peau douce.<\/p>\n<p>*Test consommateurs \u2013 63 volontaires. % de satisfaction imm\u00e9diatement apr\u00e8s application.<\/p>\n<div class=\"productDescription_contentPropertyHeading productDescription_contentPropertyHeading-tabbed\" data-tab-title=\"Conseils beaut\u00e9\"><strong>Conseils beaut\u00e9 :<\/strong><\/div>\n<div aria-labelledby=\"product-description-heading-lg-15\" class=\"productDescription_contentProperties productDescription_contentProperties_list\" data-item-content=\"\" id=\"product-description-content-lg-15\">\n<div class=\"productDescription_synopsisContent\">\n<div>\n<p>A l\u2019envie, vaporisez quelques pschitts d\u2019eau parfum\u00e9e sur la peau pour l\u2019envelopper d\u2019un voile de bien-\u00eatre parfum\u00e9.<\/p>\n<p><strong>Formule : <\/strong><\/p>\n<p>Extrait de th\u00e9 vert : ingr\u00e9dient mill\u00e9naire qui contribue \u00e0 adoucir la peau. Cet extrait d\u2019origine naturelle est obtenu par un proc\u00e9d\u00e9 biotechnologique 100% Made in France, respectueux de l\u2019environnement ; \u00e0 partir d\u2019un tout petit fragment de plante, des cellules v\u00e9g\u00e9tales de th\u00e9 enrichies en mol\u00e9cules actives sont d\u00e9multipli\u00e9es. Formule v\u00e9gane sans ingr\u00e9dients ni d\u00e9riv\u00e9s d\u2019origine animale.93 % du total des ingr\u00e9dients sont d\u2019origine naturelle.<\/p>\n<\/p><\/div>\n<\/p><\/div>\n<\/p><\/div>\n<\/p><\/div>","protected":false},"excerpt":{"rendered":"<p>Highlights:Eau Parfum th\u00e9 vert \u2013 \u00e9veille les sens, ressource l\u2019esprit93% d\u2019ingr\u00e9dients d\u2019origine naturelle<\/p>","protected":false},"featured_media":11972,"comment_status":"open","ping_status":"closed","template":"","meta":[],"product_cat":[83],"product_tag":[],"yith_product_brand":[157],"class_list":{"0":"post-11906","1":"product","2":"type-product","3":"status-publish","4":"has-post-thumbnail","6":"product_cat-soins-visage","7":"yith_product_brand-nuxe","9":"first","10":"instock","11":"shipping-taxable","12":"purchasable","13":"product-type-simple"},"_links":{"self":[{"href":"https:\/\/parapharmacieenligne.ma\/en\/wp-json\/wp\/v2\/product\/11906","targetHints":{"allow":["GET"]}}],"collection":[{"href":"https:\/\/parapharmacieenligne.ma\/en\/wp-json\/wp\/v2\/product"}],"about":[{"href":"https:\/\/parapharmacieenligne.ma\/en\/wp-json\/wp\/v2\/types\/product"}],"replies":[{"embeddable":true,"href":"https:\/\/parapharmacieenligne.ma\/en\/wp-json\/wp\/v2\/comments?post=11906"}],"version-history":[{"count":1,"href":"https:\/\/parapharmacieenligne.ma\/en\/wp-json\/wp\/v2\/product\/11906\/revisions"}],"predecessor-version":[{"id":11973,"href":"https:\/\/parapharmacieenligne.ma\/en\/wp-json\/wp\/v2\/product\/11906\/revisions\/11973"}],"wp:featuredmedia":[{"embeddable":true,"href":"https:\/\/parapharmacieenligne.ma\/en\/wp-json\/wp\/v2\/media\/11972"}],"wp:attachment":[{"href":"https:\/\/parapharmacieenligne.ma\/en\/wp-json\/wp\/v2\/media?parent=11906"}],"wp:term":[{"taxonomy":"product_cat","embeddable":true,"href":"https:\/\/parapharmacieenligne.ma\/en\/wp-json\/wp\/v2\/product_cat?post=11906"},{"taxonomy":"product_tag","embeddable":true,"href":"https:\/\/parapharmacieenligne.ma\/en\/wp-json\/wp\/v2\/product_tag?post=11906"},{"taxonomy":"yith_product_brand","embeddable":true,"href":"https:\/\/parapharmacieenligne.ma\/en\/wp-json\/wp\/v2\/yith_product_brand?post=11906"}],"curies":[{"name":"wp","href":"https:\/\/api.w.org\/{rel}","templated":true}]}}