{"id":11908,"date":"2026-01-28T16:40:08","date_gmt":"2026-01-28T15:40:08","guid":{"rendered":"https:\/\/parapharmacieenligne.ma\/?post_type=product&#038;p=11908"},"modified":"2026-01-28T16:45:40","modified_gmt":"2026-01-28T15:45:40","slug":"nuxe-creme-fraiche-riche-peau-seche-30ml-very-rose-eau-micellaire-50ml-pack","status":"publish","type":"product","link":"https:\/\/parapharmacieenligne.ma\/en\/product\/nuxe-creme-fraiche-riche-peau-seche-30ml-very-rose-eau-micellaire-50ml-pack\/","title":{"rendered":"Nuxe Cr\u00e8me Fraiche Riche Peau S\u00e8che 30ml+ Very Rose Eau Micellaire 50ml pack"},"content":{"rendered":"<div aria-labelledby=\"tab-title-description\" class=\"woocommerce-Tabs-panel woocommerce-Tabs-panel--description panel entry-content wc-tab\" id=\"tab-description\" role=\"tabpanel\" style=\"\">\n<h2>Description<\/h2>\n<p>La Cr\u00e8me Repulpante 48 Heures Nuxe Cr\u00e8me Fraiche de Beaut\u00e9 est enrichie en Lait et Huile V\u00e9g\u00e9tale d\u2019Amande Douce pour booster l\u2019hydratation pendant 48 heures et rendre instantan\u00e9ment la peau plus lisse et plus rebondie.<\/p>\n<p>L\u2019eau micellaire Very Rose \u00e9limine en douceur maquillage et impuret\u00e9s de la peau tout en respectant son \u00e9quilibre.<\/p>\n<\/p><\/div>","protected":false},"excerpt":{"rendered":"<p>Highlights:Une texture velout\u00e9e et irr\u00e9sistible qui fond sur la peau et lui conf\u00e8re des bienfaits hydratants.<\/p>","protected":false},"featured_media":11978,"comment_status":"open","ping_status":"closed","template":"","meta":[],"product_cat":[83],"product_tag":[],"yith_product_brand":[157],"class_list":{"0":"post-11908","1":"product","2":"type-product","3":"status-publish","4":"has-post-thumbnail","6":"product_cat-soins-visage","7":"yith_product_brand-nuxe","9":"first","10":"instock","11":"sale","12":"shipping-taxable","13":"purchasable","14":"product-type-simple"},"_links":{"self":[{"href":"https:\/\/parapharmacieenligne.ma\/en\/wp-json\/wp\/v2\/product\/11908","targetHints":{"allow":["GET"]}}],"collection":[{"href":"https:\/\/parapharmacieenligne.ma\/en\/wp-json\/wp\/v2\/product"}],"about":[{"href":"https:\/\/parapharmacieenligne.ma\/en\/wp-json\/wp\/v2\/types\/product"}],"replies":[{"embeddable":true,"href":"https:\/\/parapharmacieenligne.ma\/en\/wp-json\/wp\/v2\/comments?post=11908"}],"version-history":[{"count":1,"href":"https:\/\/parapharmacieenligne.ma\/en\/wp-json\/wp\/v2\/product\/11908\/revisions"}],"predecessor-version":[{"id":11979,"href":"https:\/\/parapharmacieenligne.ma\/en\/wp-json\/wp\/v2\/product\/11908\/revisions\/11979"}],"wp:featuredmedia":[{"embeddable":true,"href":"https:\/\/parapharmacieenligne.ma\/en\/wp-json\/wp\/v2\/media\/11978"}],"wp:attachment":[{"href":"https:\/\/parapharmacieenligne.ma\/en\/wp-json\/wp\/v2\/media?parent=11908"}],"wp:term":[{"taxonomy":"product_cat","embeddable":true,"href":"https:\/\/parapharmacieenligne.ma\/en\/wp-json\/wp\/v2\/product_cat?post=11908"},{"taxonomy":"product_tag","embeddable":true,"href":"https:\/\/parapharmacieenligne.ma\/en\/wp-json\/wp\/v2\/product_tag?post=11908"},{"taxonomy":"yith_product_brand","embeddable":true,"href":"https:\/\/parapharmacieenligne.ma\/en\/wp-json\/wp\/v2\/yith_product_brand?post=11908"}],"curies":[{"name":"wp","href":"https:\/\/api.w.org\/{rel}","templated":true}]}}