{"id":11909,"date":"2026-01-28T16:40:09","date_gmt":"2026-01-28T15:40:09","guid":{"rendered":"https:\/\/parapharmacieenligne.ma\/?post_type=product&#038;p=11909"},"modified":"2026-01-28T16:45:50","modified_gmt":"2026-01-28T15:45:50","slug":"nuxe-creme-fraiche-creme-riche-peaux-normal-30mlvery-rose-eau-micellaire-50ml-pack","status":"publish","type":"product","link":"https:\/\/parapharmacieenligne.ma\/en\/product\/nuxe-creme-fraiche-creme-riche-peaux-normal-30mlvery-rose-eau-micellaire-50ml-pack\/","title":{"rendered":"Nuxe Creme Fraiche Creme Riche Peaux Normal 30ml+Very Rose Eau Micellaire 50ml Pack"},"content":{"rendered":"<div aria-labelledby=\"tab-title-description\" class=\"woocommerce-Tabs-panel woocommerce-Tabs-panel--description panel entry-content wc-tab\" id=\"tab-description\" role=\"tabpanel\" style=\"\">\n<h2>Description<\/h2>\n<p>D\u00e8s la 1\u00e8re application, id\u00e9alement hydrat\u00e9e et nourrie, votre peau est souple et confortable. Jour apr\u00e8s jour, la luminosit\u00e9 du teint est boost\u00e9e et les 1ers signes de l\u2019\u00e2ge sont estomp\u00e9s : la peau est liss\u00e9e, d\u00e9froiss\u00e9e, plus rebondie. Comme \u00e9nergis\u00e9e, elle resplendit d\u2019un teint \u00e9clatant de sant\u00e9.<\/p>\n<\/p><\/div>","protected":false},"excerpt":{"rendered":"<p>Highlights:Cette nouvelle g\u00e9n\u00e9ration de soin Multi-Correction, enrichi d\u2019un complexe anti-oxydant \u00e0 la Fleur de Jasmin, lutte contre les effets n\u00e9fastes de votre style de vie intense (fatigue, stress) et de l\u2019environnement urbain sur votre peau.<\/p>","protected":false},"featured_media":11980,"comment_status":"open","ping_status":"closed","template":"","meta":[],"product_cat":[83],"product_tag":[],"yith_product_brand":[157],"class_list":{"0":"post-11909","1":"product","2":"type-product","3":"status-publish","4":"has-post-thumbnail","6":"product_cat-soins-visage","7":"yith_product_brand-nuxe","9":"first","10":"instock","11":"sale","12":"shipping-taxable","13":"purchasable","14":"product-type-simple"},"_links":{"self":[{"href":"https:\/\/parapharmacieenligne.ma\/en\/wp-json\/wp\/v2\/product\/11909","targetHints":{"allow":["GET"]}}],"collection":[{"href":"https:\/\/parapharmacieenligne.ma\/en\/wp-json\/wp\/v2\/product"}],"about":[{"href":"https:\/\/parapharmacieenligne.ma\/en\/wp-json\/wp\/v2\/types\/product"}],"replies":[{"embeddable":true,"href":"https:\/\/parapharmacieenligne.ma\/en\/wp-json\/wp\/v2\/comments?post=11909"}],"version-history":[{"count":1,"href":"https:\/\/parapharmacieenligne.ma\/en\/wp-json\/wp\/v2\/product\/11909\/revisions"}],"predecessor-version":[{"id":11981,"href":"https:\/\/parapharmacieenligne.ma\/en\/wp-json\/wp\/v2\/product\/11909\/revisions\/11981"}],"wp:featuredmedia":[{"embeddable":true,"href":"https:\/\/parapharmacieenligne.ma\/en\/wp-json\/wp\/v2\/media\/11980"}],"wp:attachment":[{"href":"https:\/\/parapharmacieenligne.ma\/en\/wp-json\/wp\/v2\/media?parent=11909"}],"wp:term":[{"taxonomy":"product_cat","embeddable":true,"href":"https:\/\/parapharmacieenligne.ma\/en\/wp-json\/wp\/v2\/product_cat?post=11909"},{"taxonomy":"product_tag","embeddable":true,"href":"https:\/\/parapharmacieenligne.ma\/en\/wp-json\/wp\/v2\/product_tag?post=11909"},{"taxonomy":"yith_product_brand","embeddable":true,"href":"https:\/\/parapharmacieenligne.ma\/en\/wp-json\/wp\/v2\/yith_product_brand?post=11909"}],"curies":[{"name":"wp","href":"https:\/\/api.w.org\/{rel}","templated":true}]}}