{"id":11915,"date":"2026-01-28T16:40:12","date_gmt":"2026-01-28T15:40:12","guid":{"rendered":"https:\/\/parapharmacieenligne.ma\/?post_type=product&#038;p=11915"},"modified":"2026-01-28T16:47:27","modified_gmt":"2026-01-28T15:47:27","slug":"nuxe-hair-prodigieux-le-shampooing-brillance-miroir-200ml","status":"publish","type":"product","link":"https:\/\/parapharmacieenligne.ma\/en\/product\/nuxe-hair-prodigieux-le-shampooing-brillance-miroir-200ml\/","title":{"rendered":"Nuxe HAIR PRODIGIEUX Le Shampooing Brillance Miroir 200ml"},"content":{"rendered":"<div aria-labelledby=\"tab-title-description\" class=\"woocommerce-Tabs-panel woocommerce-Tabs-panel--description panel entry-content wc-tab\" id=\"tab-description\" role=\"tabpanel\" style=\"\">\n<h2>Description<\/h2>\n<p>Transformez vos cheveux gr\u00e2ce \u00e0 la puissance sublimatrice de l\u2019huile ferment\u00e9e de Cam\u00e9lia rose ! Le Shampooing Brillance Miroir lave et parfume d\u00e9licatement les cheveux. Formul\u00e9 sans silicone et sans sulfate*, il nourrit la fibre capillaire sans l\u2019alourdir. Vos cheveux sont \u00e9clatants de brillance, leur toucher soyeux, addictif. D\u00e8s la 1\u00e8re application\u207d\u00b9\u207e :<\/p>\n<p>\u2013 Les cheveux sont lav\u00e9s en douceur pour 95% des utilisatrices.<br \/>\n \u2013 Les cheveux sont souples pour 91% des utilisatrices.<br \/>\n \u2013 Les cheveux ne sont pas alourdis pour 95% des utilisatrices.<\/p>\n<p>Sa texture lait \u00e0 la fragrance mythique de l\u2019Huile Prodigieuse\u00ae enveloppe vos cheveux d\u2019un parfum envo\u00fbtant pour un rituel sensoriel inou\u00ef.<\/p>\n<p><strong>Composition :<\/strong><\/p>\n<p>\u2013 Huile ferment\u00e9e de Cam\u00e9lia Rose : gr\u00e2ce \u00e0 son processus de fermentation, l\u2019huile de cam\u00e9lia a des propri\u00e9t\u00e9s de r\u00e9paration et de nutrition augment\u00e9es.<\/p>\n<p>\u2013 Base lavante d\u2019origine naturelle : contient 4 tensioactifs d\u2019origine naturelle et de types diff\u00e9rents afin de combiner une bonne efficacit\u00e9 nettoyante et une bonne tol\u00e9rance.<br \/>\n INGREDIENTS : AQUA\/WATER, COCAMIDOPROPYL BETAINE, SODIUM METHYL COCOYL TAURATE, SODIUM COCOYL ISETHIONATE, SODIUM CHLORIDE, LAURYL GLUCOSIDE, GLYCOL DISTEARATE, PARFUM\/FRAGRANCE, GLYCERIN, SODIUM BENZOATE, CAMELLIA JAPONICA SEED OIL, CITRIC ACID, GUAR HYDROXYPROPYLTRIMONIUM CHLORIDE, CELLULOSE, CELLULOSE GUM, CARAMEL, BENZOIC ACID, CANDIDA BOMBICOLA\/GLUCOSE\/METHYL RAPESEEDATE FERMENT, LINALOOL, CITRONELLOL, LIMONENE, GERANIOL [N5402\/A].<\/p>\n<p><strong>Conseils d\u2019utilisation :<\/strong><\/p>\n<p>Appliquez le shampooing Hair Prodigieux\u00ae sur vos cheveux mouill\u00e9s, massez le cuir chevelu puis rincez.<\/p>\n<p>Rincez en cas de contact avec les yeux.<\/p>\n<\/p><\/div>\n","protected":false},"excerpt":{"rendered":"<p>Highlights:Transformez vos cheveux gr\u00e2ce \u00e0 la puissance sublimatrice de l\u2019huile ferment\u00e9e de Cam\u00e9lia rose ! Le Shampooing Brillance Miroir lave et parfume d\u00e9licatement les cheveux. Formul\u00e9 sans silicone et sans sulfate*, il nourrit la fibre capillaire sans l\u2019alourdir. Vos cheveux sont \u00e9clatants de brillance, leur toucher soyeux, addictif. D\u00e8s la 1\u00e8re application\u207d\u00b9\u207e :<\/p>","protected":false},"featured_media":11998,"comment_status":"open","ping_status":"closed","template":"","meta":[],"product_cat":[84],"product_tag":[],"yith_product_brand":[157],"class_list":{"0":"post-11915","1":"product","2":"type-product","3":"status-publish","4":"has-post-thumbnail","6":"product_cat-soins-cheveux","7":"yith_product_brand-nuxe","9":"first","10":"instock","11":"sale","12":"shipping-taxable","13":"purchasable","14":"product-type-simple"},"_links":{"self":[{"href":"https:\/\/parapharmacieenligne.ma\/en\/wp-json\/wp\/v2\/product\/11915","targetHints":{"allow":["GET"]}}],"collection":[{"href":"https:\/\/parapharmacieenligne.ma\/en\/wp-json\/wp\/v2\/product"}],"about":[{"href":"https:\/\/parapharmacieenligne.ma\/en\/wp-json\/wp\/v2\/types\/product"}],"replies":[{"embeddable":true,"href":"https:\/\/parapharmacieenligne.ma\/en\/wp-json\/wp\/v2\/comments?post=11915"}],"version-history":[{"count":1,"href":"https:\/\/parapharmacieenligne.ma\/en\/wp-json\/wp\/v2\/product\/11915\/revisions"}],"predecessor-version":[{"id":11999,"href":"https:\/\/parapharmacieenligne.ma\/en\/wp-json\/wp\/v2\/product\/11915\/revisions\/11999"}],"wp:featuredmedia":[{"embeddable":true,"href":"https:\/\/parapharmacieenligne.ma\/en\/wp-json\/wp\/v2\/media\/11998"}],"wp:attachment":[{"href":"https:\/\/parapharmacieenligne.ma\/en\/wp-json\/wp\/v2\/media?parent=11915"}],"wp:term":[{"taxonomy":"product_cat","embeddable":true,"href":"https:\/\/parapharmacieenligne.ma\/en\/wp-json\/wp\/v2\/product_cat?post=11915"},{"taxonomy":"product_tag","embeddable":true,"href":"https:\/\/parapharmacieenligne.ma\/en\/wp-json\/wp\/v2\/product_tag?post=11915"},{"taxonomy":"yith_product_brand","embeddable":true,"href":"https:\/\/parapharmacieenligne.ma\/en\/wp-json\/wp\/v2\/yith_product_brand?post=11915"}],"curies":[{"name":"wp","href":"https:\/\/api.w.org\/{rel}","templated":true}]}}