{"id":11917,"date":"2026-01-28T16:40:13","date_gmt":"2026-01-28T15:40:13","guid":{"rendered":"https:\/\/parapharmacieenligne.ma\/?post_type=product&#038;p=11917"},"modified":"2026-01-28T16:47:50","modified_gmt":"2026-01-28T15:47:50","slug":"nuxe-hair-prodigieux-soin-capillaire-nutrition-intense-100ml","status":"publish","type":"product","link":"https:\/\/parapharmacieenligne.ma\/en\/product\/nuxe-hair-prodigieux-soin-capillaire-nutrition-intense-100ml\/","title":{"rendered":"NUXE HAIR PRODIGIEUX Soin Capillaire Nutrition Intense 100ml"},"content":{"rendered":"<div aria-labelledby=\"tab-title-description\" class=\"woocommerce-Tabs-panel woocommerce-Tabs-panel--description panel entry-content wc-tab\" id=\"tab-description\" role=\"tabpanel\" style=\"\">\n<h2>Description<\/h2>\n<p>Transformez vos cheveux gr\u00e2ce \u00e0 la puissance sublimatrice de l\u2019huile ferment\u00e9e de Cam\u00e9lia rose !<\/p>\n<p>Le Soin Capillaire Nutrition Intense nourrit et r\u00e9pare vos cheveux sans les alourdir. Cette cr\u00e8me thermo-protectrice facilite le coiffage et prot\u00e8ge vos cheveux de la chaleur des appareils chauffants jusqu\u2019\u00e0 220\u00b0C\/428\u00b0F. Ils sont gain\u00e9s et \u00e9clatants de brillance, leur toucher soyeux, addictif.<\/p>\n<p>D\u00e8s la 1\u00e8re application\u207d\u00b9\u207e, les cheveux sont hydrat\u00e9s et tr\u00e8s soyeux pour 86 % des utilisatrices.<\/p>\n<p>Apr\u00e8s 12 applications\u207d\u00b2\u207e, retrouvez des cheveux intens\u00e9ment r\u00e9par\u00e9s et nourris (+ 41% de nutrition\/r\u00e9paration).<\/p>\n<p>Cette cr\u00e8me fondante \u00e0 la fragrance mythique de l\u2019Huile Prodigieuse\u00ae enveloppe vos cheveux d\u2019un parfum envo\u00fbtant pour un rituel sensoriel inou\u00ef.<\/p>\n<p>\u207d\u00b9\u207eTest usage \u2013 22 femmes \u2013 % de satisfaction imm\u00e9diatement apr\u00e8s application.<br \/>\n \u207d\u00b2\u207eTest instrumental sur m\u00e8che \u2013 % d\u2019am\u00e9lioration apr\u00e8s 12 applications.<\/p>\n<h2 class=\"tips__content__title subtitle-1\"><strong>Conseils d\u2019utilisation :<\/strong><\/h2>\n<div class=\"tips__content__text\">\n<p><span class=\"metafield-multi_line_text_field\">Sur cheveux essor\u00e9s ou secs, appliquez tous les jours une noisette sur les longueurs et pointes.<\/span><\/p>\n<p>Ce soin ne se rince pas.<\/p>\n<\/p><\/div>\n<div><\/div>\n<div><strong>Composition :<\/strong><\/div>\n<div>\n<p>\u2013 Huile ferment\u00e9e de Cam\u00e9lia Rose : gr\u00e2ce \u00e0 son processus de fermentation, l\u2019huile de cam\u00e9lia a des propri\u00e9t\u00e9s de r\u00e9paration et de nutrition augment\u00e9es.<\/p>\n<p>\u2013 Extrait de quinoa : contient 17 acides amin\u00e9s capables de se fixer \u00e0 la surface du cheveu pour le prot\u00e9ger et raviver sa brillance.<\/p>\n<\/p><\/div>\n<\/p><\/div>","protected":false},"excerpt":{"rendered":"<p>Highlights:Transformez vos cheveux gr\u00e2ce \u00e0 la puissance sublimatrice de l\u2019huile ferment\u00e9e de Cam\u00e9lia rose !<\/p>","protected":false},"featured_media":12004,"comment_status":"open","ping_status":"closed","template":"","meta":[],"product_cat":[84],"product_tag":[],"yith_product_brand":[157],"class_list":{"0":"post-11917","1":"product","2":"type-product","3":"status-publish","4":"has-post-thumbnail","6":"product_cat-soins-cheveux","7":"yith_product_brand-nuxe","9":"first","10":"instock","11":"sale","12":"shipping-taxable","13":"purchasable","14":"product-type-simple"},"_links":{"self":[{"href":"https:\/\/parapharmacieenligne.ma\/en\/wp-json\/wp\/v2\/product\/11917","targetHints":{"allow":["GET"]}}],"collection":[{"href":"https:\/\/parapharmacieenligne.ma\/en\/wp-json\/wp\/v2\/product"}],"about":[{"href":"https:\/\/parapharmacieenligne.ma\/en\/wp-json\/wp\/v2\/types\/product"}],"replies":[{"embeddable":true,"href":"https:\/\/parapharmacieenligne.ma\/en\/wp-json\/wp\/v2\/comments?post=11917"}],"version-history":[{"count":1,"href":"https:\/\/parapharmacieenligne.ma\/en\/wp-json\/wp\/v2\/product\/11917\/revisions"}],"predecessor-version":[{"id":12005,"href":"https:\/\/parapharmacieenligne.ma\/en\/wp-json\/wp\/v2\/product\/11917\/revisions\/12005"}],"wp:featuredmedia":[{"embeddable":true,"href":"https:\/\/parapharmacieenligne.ma\/en\/wp-json\/wp\/v2\/media\/12004"}],"wp:attachment":[{"href":"https:\/\/parapharmacieenligne.ma\/en\/wp-json\/wp\/v2\/media?parent=11917"}],"wp:term":[{"taxonomy":"product_cat","embeddable":true,"href":"https:\/\/parapharmacieenligne.ma\/en\/wp-json\/wp\/v2\/product_cat?post=11917"},{"taxonomy":"product_tag","embeddable":true,"href":"https:\/\/parapharmacieenligne.ma\/en\/wp-json\/wp\/v2\/product_tag?post=11917"},{"taxonomy":"yith_product_brand","embeddable":true,"href":"https:\/\/parapharmacieenligne.ma\/en\/wp-json\/wp\/v2\/yith_product_brand?post=11917"}],"curies":[{"name":"wp","href":"https:\/\/api.w.org\/{rel}","templated":true}]}}