{"id":11993,"date":"2026-01-28T16:47:00","date_gmt":"2026-01-28T15:47:00","guid":{"rendered":"https:\/\/parapharmacieenligne.ma\/?post_type=product&#038;p=11993"},"modified":"2026-01-28T16:55:48","modified_gmt":"2026-01-28T15:55:48","slug":"nuxe-merveillance-lift-creme-concentre-nuit-50ml","status":"publish","type":"product","link":"https:\/\/parapharmacieenligne.ma\/en\/product\/nuxe-merveillance-lift-creme-concentre-nuit-50ml\/","title":{"rendered":"Nuxe Merveillance Lift Cr\u00e8me Concentr\u00e9 nuit 50ml"},"content":{"rendered":"<div aria-labelledby=\"tab-title-description\" class=\"woocommerce-Tabs-panel woocommerce-Tabs-panel--description panel entry-content wc-tab\" id=\"tab-description\" role=\"tabpanel\" style=\"\">\n<h2>Description<\/h2>\n<div aria-labelledby=\"product-description-heading-lg-2\" class=\"productDescription_contentProperties productDescription_contentProperties_list\" data-item-content=\"\" id=\"product-description-content-lg-2\">\n<div class=\"productDescription_synopsisContent\">\n<div>\n<p>Merveillance LIFT \u2013 La Cr\u00e8me Concentr\u00e9e de Nuit : r\u00e9v\u00e9lez une peau aussi forte que vous !<\/p>\n<p>Votre concentr\u00e9 d\u2019efficacit\u00e9 anti-\u00e2ge pour une peau repos\u00e9e et d\u00e9froiss\u00e9e comme si vous aviez dormi 2h de plus<sup>(1)<\/sup>.<\/p>\n<p>Cette cr\u00e8me raffermissante nuit est infus\u00e9e d\u2019Huile de Micro-Algue ultra-corrective, un actif green<sup>(3)<\/sup> qui concentre en une seule goutte la puissance de 4 milliards de cellules actives pour renforcer votre peau au quotidien.<\/p>\n<p>Au r\u00e9veil, la peau est recharg\u00e9e en \u00e9nergie. Comme r\u00e9par\u00e9e, elle est liss\u00e9e pour 100% des femmes<sup>(2)<\/sup>. Les rides sont corrig\u00e9es, la peau est comme lift\u00e9e. Plus ferme, elle parait visiblement plus jeune.<\/p>\n<p>Une efficacit\u00e9 anti-\u00e2ge et un plaisir ultime aux d\u00e9licats accords floraux et musqu\u00e9s.<\/p>\n<p>Soin formul\u00e9 et fabriqu\u00e9 en France.<\/p>\n<\/p><\/div>\n<\/p><\/div>\n<\/p><\/div>\n<\/p><\/div>","protected":false},"excerpt":{"rendered":"<p>Highlights:Cr\u00e8me raffermissante nuit \u2013 correction rides, fermet\u00e997% d\u2019ingr\u00e9dients d\u2019origine naturelle<\/p>","protected":false},"featured_media":12077,"comment_status":"open","ping_status":"closed","template":"","meta":[],"product_cat":[83],"product_tag":[],"yith_product_brand":[157],"class_list":{"0":"post-11993","1":"product","2":"type-product","3":"status-publish","4":"has-post-thumbnail","6":"product_cat-soins-visage","7":"yith_product_brand-nuxe","9":"first","10":"instock","11":"sale","12":"shipping-taxable","13":"purchasable","14":"product-type-simple"},"_links":{"self":[{"href":"https:\/\/parapharmacieenligne.ma\/en\/wp-json\/wp\/v2\/product\/11993","targetHints":{"allow":["GET"]}}],"collection":[{"href":"https:\/\/parapharmacieenligne.ma\/en\/wp-json\/wp\/v2\/product"}],"about":[{"href":"https:\/\/parapharmacieenligne.ma\/en\/wp-json\/wp\/v2\/types\/product"}],"replies":[{"embeddable":true,"href":"https:\/\/parapharmacieenligne.ma\/en\/wp-json\/wp\/v2\/comments?post=11993"}],"version-history":[{"count":1,"href":"https:\/\/parapharmacieenligne.ma\/en\/wp-json\/wp\/v2\/product\/11993\/revisions"}],"predecessor-version":[{"id":12078,"href":"https:\/\/parapharmacieenligne.ma\/en\/wp-json\/wp\/v2\/product\/11993\/revisions\/12078"}],"wp:featuredmedia":[{"embeddable":true,"href":"https:\/\/parapharmacieenligne.ma\/en\/wp-json\/wp\/v2\/media\/12077"}],"wp:attachment":[{"href":"https:\/\/parapharmacieenligne.ma\/en\/wp-json\/wp\/v2\/media?parent=11993"}],"wp:term":[{"taxonomy":"product_cat","embeddable":true,"href":"https:\/\/parapharmacieenligne.ma\/en\/wp-json\/wp\/v2\/product_cat?post=11993"},{"taxonomy":"product_tag","embeddable":true,"href":"https:\/\/parapharmacieenligne.ma\/en\/wp-json\/wp\/v2\/product_tag?post=11993"},{"taxonomy":"yith_product_brand","embeddable":true,"href":"https:\/\/parapharmacieenligne.ma\/en\/wp-json\/wp\/v2\/yith_product_brand?post=11993"}],"curies":[{"name":"wp","href":"https:\/\/api.w.org\/{rel}","templated":true}]}}