{"id":11994,"date":"2026-01-28T16:47:01","date_gmt":"2026-01-28T15:47:01","guid":{"rendered":"https:\/\/parapharmacieenligne.ma\/?post_type=product&#038;p=11994"},"modified":"2026-01-28T16:55:59","modified_gmt":"2026-01-28T15:55:59","slug":"nuxe-merveillance-lift-creme-velours-50ml","status":"publish","type":"product","link":"https:\/\/parapharmacieenligne.ma\/en\/product\/nuxe-merveillance-lift-creme-velours-50ml\/","title":{"rendered":"Nuxe Merveillance lift creme velours 50ml"},"content":{"rendered":"<div aria-labelledby=\"tab-title-description\" class=\"woocommerce-Tabs-panel woocommerce-Tabs-panel--description panel entry-content wc-tab\" id=\"tab-description\" role=\"tabpanel\" style=\"\">\n<h2>Description<\/h2>\n<div aria-labelledby=\"product-description-heading-lg-2\" class=\"productDescription_contentProperties productDescription_contentProperties_list\" data-item-content=\"\" id=\"product-description-content-lg-2\">\n<div class=\"productDescription_synopsisContent\">\n<div>\n<p>Merveillance LIFT \u2013 La Cr\u00e8me Velours Effet Liftant : r\u00e9v\u00e9lez une peau aussi forte que vous !<\/p>\n<p>Cette cr\u00e8me lissante est infus\u00e9e d\u2019Huile de Micro-Algue ultra-corrective, un actif green<sup>(3)<\/sup> qui concentre en une seule goutte la puissance de 4 milliards de cellules actives pour renforcer votre peau au quotidien.<\/p>\n<p>Les traits sont comme retendus pour 64% des femmes<sup>(1)<\/sup>. Les rides sont liss\u00e9es, la peau est plus ferme, comme lift\u00e9e.<\/p>\n<p>Apr\u00e8s 2 mois, 100% des femmes trouvent leur peau plus belle et plus souple<sup>(2)<\/sup>. Plus forte, elle parait visiblement plus jeune.<\/p>\n<p>Id\u00e9ale pour les peaux normales \u00e0 s\u00e8ches, sa texture enveloppante apporte souplesse et tonicit\u00e9 instantan\u00e9ment.<\/p>\n<p>Une efficacit\u00e9 anti-\u00e2ge et un plaisir ultime aux d\u00e9licats accords floraux et musqu\u00e9s.<\/p>\n<p>Soin formul\u00e9 et fabriqu\u00e9 en France.<\/p>\n<\/p><\/div>\n<\/p><\/div>\n<\/p><\/div>\n<\/p><\/div>","protected":false},"excerpt":{"rendered":"<p>Highlights:Cr\u00e8me lissante \u2013 correction rides, fermet\u00e997% d\u2019ingr\u00e9dients d\u2019origine naturelle<\/p>","protected":false},"featured_media":12079,"comment_status":"open","ping_status":"closed","template":"","meta":[],"product_cat":[83],"product_tag":[],"yith_product_brand":[157],"class_list":{"0":"post-11994","1":"product","2":"type-product","3":"status-publish","4":"has-post-thumbnail","6":"product_cat-soins-visage","7":"yith_product_brand-nuxe","9":"first","10":"instock","11":"sale","12":"shipping-taxable","13":"purchasable","14":"product-type-simple"},"_links":{"self":[{"href":"https:\/\/parapharmacieenligne.ma\/en\/wp-json\/wp\/v2\/product\/11994","targetHints":{"allow":["GET"]}}],"collection":[{"href":"https:\/\/parapharmacieenligne.ma\/en\/wp-json\/wp\/v2\/product"}],"about":[{"href":"https:\/\/parapharmacieenligne.ma\/en\/wp-json\/wp\/v2\/types\/product"}],"replies":[{"embeddable":true,"href":"https:\/\/parapharmacieenligne.ma\/en\/wp-json\/wp\/v2\/comments?post=11994"}],"version-history":[{"count":1,"href":"https:\/\/parapharmacieenligne.ma\/en\/wp-json\/wp\/v2\/product\/11994\/revisions"}],"predecessor-version":[{"id":12080,"href":"https:\/\/parapharmacieenligne.ma\/en\/wp-json\/wp\/v2\/product\/11994\/revisions\/12080"}],"wp:featuredmedia":[{"embeddable":true,"href":"https:\/\/parapharmacieenligne.ma\/en\/wp-json\/wp\/v2\/media\/12079"}],"wp:attachment":[{"href":"https:\/\/parapharmacieenligne.ma\/en\/wp-json\/wp\/v2\/media?parent=11994"}],"wp:term":[{"taxonomy":"product_cat","embeddable":true,"href":"https:\/\/parapharmacieenligne.ma\/en\/wp-json\/wp\/v2\/product_cat?post=11994"},{"taxonomy":"product_tag","embeddable":true,"href":"https:\/\/parapharmacieenligne.ma\/en\/wp-json\/wp\/v2\/product_tag?post=11994"},{"taxonomy":"yith_product_brand","embeddable":true,"href":"https:\/\/parapharmacieenligne.ma\/en\/wp-json\/wp\/v2\/yith_product_brand?post=11994"}],"curies":[{"name":"wp","href":"https:\/\/api.w.org\/{rel}","templated":true}]}}