{"id":12000,"date":"2026-01-28T16:47:33","date_gmt":"2026-01-28T15:47:33","guid":{"rendered":"https:\/\/parapharmacieenligne.ma\/?post_type=product&#038;p=12000"},"modified":"2026-01-28T16:56:35","modified_gmt":"2026-01-28T15:56:35","slug":"nuxe-merveillance-lift-creme-poudree-effet-liftant-50-ml","status":"publish","type":"product","link":"https:\/\/parapharmacieenligne.ma\/en\/product\/nuxe-merveillance-lift-creme-poudree-effet-liftant-50-ml\/","title":{"rendered":"NUXE Merveillance Lift Cr\u00e8me Poudr\u00e9e Effet Liftant 50 ml"},"content":{"rendered":"<div aria-labelledby=\"tab-title-description\" class=\"woocommerce-Tabs-panel woocommerce-Tabs-panel--description panel entry-content wc-tab\" id=\"tab-description\" role=\"tabpanel\" style=\"\">\n<h2>Description<\/h2>\n<p>Merveillance LIFT \u2013 La Cr\u00e8me Poudr\u00e9e Effet Liftant : r\u00e9v\u00e9lez une peau aussi forte que vous !<\/p>\n<p>Exp\u00e9rimentez un r\u00e9sultat anti-\u00e2ge instantan\u00e9 gr\u00e2ce \u00e0 une texture comblante in\u00e9dite.<\/p>\n<p>9 femmes sur 10 sont convaincues<sup>(3)<\/sup>.<\/p>\n<p>Cette cr\u00e8me lissante est infus\u00e9e d\u2019Huile de Micro-Algue ultra-corrective, un actif green<sup>(4)<\/sup> qui concentre en une seule goutte la puissance de 4 milliards de cellules actives pour renforcer votre peau au quotidien.<\/p>\n<p>D\u00e8s l\u2019application, la peau est comme lift\u00e9e pour 71% des femmes<sup>(1)<\/sup>.<\/p>\n<p>En 2 mois, elle est plus lisse : +63%<sup>(2)<\/sup>. Les rides sont corrig\u00e9es. Plus ferme, la peau parait visiblement plus jeune.<\/p>\n<p><strong>Conseils d\u2019utilisation :<\/strong><\/p>\n<p>Pr\u00e9levez une bonne noisette de cr\u00e8me de jour, faites-la chauffer entre vos mains, puis appliquez-la sur votre visage avec vos deux mains \u00e0 plat, toujours du centre vers l\u2019ext\u00e9rieur (en \u00e9vitant le contour des yeux). N\u2019h\u00e9sitez pas \u00e0 en faire profiter aussi votre cou et votre d\u00e9collet\u00e9.<\/p>\n<p>Massez jusqu\u2019\u00e0 la p\u00e9n\u00e9tration compl\u00e8te de la cr\u00e8me. Finissez par de l\u00e9gers tapotements (du bout des doigts) sur l\u2019ensemble du visage pour r\u00e9veiller l\u2019\u00e9clat de votre teint.<\/p>\n<p>Le matin et\/ou soir, id\u00e9alement apr\u00e8s le s\u00e9rum.<\/p>\n<\/p><\/div>","protected":false},"excerpt":{"rendered":"<p>Highlights:Cr\u00e8me lissante \u2013 correction rides, fermet\u00e9<\/p>","protected":false},"featured_media":12085,"comment_status":"open","ping_status":"closed","template":"","meta":[],"product_cat":[83],"product_tag":[],"yith_product_brand":[157],"class_list":{"0":"post-12000","1":"product","2":"type-product","3":"status-publish","4":"has-post-thumbnail","6":"product_cat-soins-visage","7":"yith_product_brand-nuxe","9":"first","10":"instock","11":"sale","12":"shipping-taxable","13":"purchasable","14":"product-type-simple"},"_links":{"self":[{"href":"https:\/\/parapharmacieenligne.ma\/en\/wp-json\/wp\/v2\/product\/12000","targetHints":{"allow":["GET"]}}],"collection":[{"href":"https:\/\/parapharmacieenligne.ma\/en\/wp-json\/wp\/v2\/product"}],"about":[{"href":"https:\/\/parapharmacieenligne.ma\/en\/wp-json\/wp\/v2\/types\/product"}],"replies":[{"embeddable":true,"href":"https:\/\/parapharmacieenligne.ma\/en\/wp-json\/wp\/v2\/comments?post=12000"}],"version-history":[{"count":1,"href":"https:\/\/parapharmacieenligne.ma\/en\/wp-json\/wp\/v2\/product\/12000\/revisions"}],"predecessor-version":[{"id":12086,"href":"https:\/\/parapharmacieenligne.ma\/en\/wp-json\/wp\/v2\/product\/12000\/revisions\/12086"}],"wp:featuredmedia":[{"embeddable":true,"href":"https:\/\/parapharmacieenligne.ma\/en\/wp-json\/wp\/v2\/media\/12085"}],"wp:attachment":[{"href":"https:\/\/parapharmacieenligne.ma\/en\/wp-json\/wp\/v2\/media?parent=12000"}],"wp:term":[{"taxonomy":"product_cat","embeddable":true,"href":"https:\/\/parapharmacieenligne.ma\/en\/wp-json\/wp\/v2\/product_cat?post=12000"},{"taxonomy":"product_tag","embeddable":true,"href":"https:\/\/parapharmacieenligne.ma\/en\/wp-json\/wp\/v2\/product_tag?post=12000"},{"taxonomy":"yith_product_brand","embeddable":true,"href":"https:\/\/parapharmacieenligne.ma\/en\/wp-json\/wp\/v2\/yith_product_brand?post=12000"}],"curies":[{"name":"wp","href":"https:\/\/api.w.org\/{rel}","templated":true}]}}