{"id":12001,"date":"2026-01-28T16:47:34","date_gmt":"2026-01-28T15:47:34","guid":{"rendered":"https:\/\/parapharmacieenligne.ma\/?post_type=product&#038;p=12001"},"modified":"2026-01-28T16:56:49","modified_gmt":"2026-01-28T15:56:49","slug":"nuxe-merveillance-lift-serum-en-huile-activateur-de-fermete-30ml","status":"publish","type":"product","link":"https:\/\/parapharmacieenligne.ma\/en\/product\/nuxe-merveillance-lift-serum-en-huile-activateur-de-fermete-30ml\/","title":{"rendered":"NUXE Merveillance Lift S\u00e9rum-en-Huile Activateur de Fermet\u00e9 30ml"},"content":{"rendered":"<div aria-labelledby=\"tab-title-description\" class=\"woocommerce-Tabs-panel woocommerce-Tabs-panel--description panel entry-content wc-tab\" id=\"tab-description\" role=\"tabpanel\" style=\"\">\n<h2>Description<\/h2>\n<p>Exp\u00e9rimentez la force \u00e0 l\u2019\u00e9tat pur avec une texture 100% active.<\/p>\n<p>Ce s\u00e9rum anti-\u00e2ge est infus\u00e9 d\u2019Huile de Micro-Algue ultra-corrective, un actif green (2) qui concentre en une seule goutte la puissance de 4 milliards de cellules actives pour renforcer votre peau au quotidien.<\/p>\n<p>3 gouttes suffisent pour une peau liss\u00e9e, souple et tonifi\u00e9e instantan\u00e9ment.<\/p>\n<p>+32% de fermet\u00e9 d\u00e8s 1 mois (1). Plus forte, plus r\u00e9sistante, la peau parait visiblement plus jeune.<\/p>\n<p>L\u2019alli\u00e9 id\u00e9al de toutes les peaux gr\u00e2ce \u00e0 une texture huile non grasse et non collante.<\/p>\n<p>Une efficacit\u00e9 anti-\u00e2ge et un plaisir ultime aux d\u00e9licats accords floraux et musqu\u00e9s..<\/p>\n<p>Soin formule et fabriqu\u00e9 en France.<\/p>\n<p>(1) Test d\u2019usage \u2013 18 volontaires. % d\u2019am\u00e9lioration \u00e9valu\u00e9 par les volontaires.<\/p>\n<p>(2) Green = vert<\/p>\n<p>*Test d\u2019usage \u2013 23 volontaires. % de satisfaction apr\u00e8s 21 jours<\/p>\n<p>**Test d\u2019usage \u2013 23 volontaires. % de satisfaction apr\u00e8s la 1\u00e8re application<\/p>\n<p>Soin formul\u00e9 et fabriqu\u00e9 en France.<\/p>\n<p>B\u00e9n\u00e9fice produit<\/p>\n<p>Merveillance LIFT \u2013 Le S\u00e9rum-en-Huile Activateur de Fermet\u00e9 : r\u00e9v\u00e9lez une peau aussi forte que vous !<\/p>\n<p>Exp\u00e9rimentez la force \u00e0 l\u2019\u00e9tat pur avec une texture 100% active.<\/p>\n<p>Huile de Micro-Algue ultra-corrective :<\/p>\n<p>NUXE a s\u00e9lectionn\u00e9 la Chlorella Vulgaris, une algue verte microscopique d\u2019eau douce qui poss\u00e8de d\u2019exceptionnelles capacit\u00e9s de r\u00e9g\u00e9n\u00e9ration. Apparue il y a 2,5 milliards d\u2019ann\u00e9es, elle a surv\u00e9cu jusqu\u2019\u00e0 notre \u00e8re gr\u00e2ce \u00e0 son \u00e9tonnante r\u00e9sistance, qu\u2019elle doit \u00e0 sa membrane imp\u00e9n\u00e9trable.<\/p>\n<p>L\u2019Huile de Micro-algue est obtenue gr\u00e2ce \u00e0 une technologie verte de pointe, qui permet d\u2019extraire des mol\u00e9cules actives de la membrane, difficiles \u00e0 atteindre autrement.<\/p>\n<p>Une goutte d\u2019Huile de Micro-Algue concentre la puissance anti-\u00e2ge de 4 milliards de cellules actives.<\/p>\n<p><strong>Conseils d\u2019utilisation :<\/strong><\/p>\n<div class=\"prdct__details-content\" id=\"conseils\">\n<p>Appliquer 3 gouttes le matin et\/ou le soir sur le visage, le cou et le d\u00e9collet\u00e9.<\/p>\n<\/p><\/div>\n<\/p><\/div>","protected":false},"excerpt":{"rendered":"<p>Highlights:Merveillance LIFT \u2013 Le S\u00e9rum-en-Huile Activateur de Fermet\u00e9 : r\u00e9v\u00e9lez une peau aussi forte que vous !<\/p>","protected":false},"featured_media":12089,"comment_status":"open","ping_status":"closed","template":"","meta":[],"product_cat":[83],"product_tag":[],"yith_product_brand":[157],"class_list":{"0":"post-12001","1":"product","2":"type-product","3":"status-publish","4":"has-post-thumbnail","6":"product_cat-soins-visage","7":"yith_product_brand-nuxe","9":"first","10":"instock","11":"sale","12":"shipping-taxable","13":"purchasable","14":"product-type-simple"},"_links":{"self":[{"href":"https:\/\/parapharmacieenligne.ma\/en\/wp-json\/wp\/v2\/product\/12001","targetHints":{"allow":["GET"]}}],"collection":[{"href":"https:\/\/parapharmacieenligne.ma\/en\/wp-json\/wp\/v2\/product"}],"about":[{"href":"https:\/\/parapharmacieenligne.ma\/en\/wp-json\/wp\/v2\/types\/product"}],"replies":[{"embeddable":true,"href":"https:\/\/parapharmacieenligne.ma\/en\/wp-json\/wp\/v2\/comments?post=12001"}],"version-history":[{"count":1,"href":"https:\/\/parapharmacieenligne.ma\/en\/wp-json\/wp\/v2\/product\/12001\/revisions"}],"predecessor-version":[{"id":12090,"href":"https:\/\/parapharmacieenligne.ma\/en\/wp-json\/wp\/v2\/product\/12001\/revisions\/12090"}],"wp:featuredmedia":[{"embeddable":true,"href":"https:\/\/parapharmacieenligne.ma\/en\/wp-json\/wp\/v2\/media\/12089"}],"wp:attachment":[{"href":"https:\/\/parapharmacieenligne.ma\/en\/wp-json\/wp\/v2\/media?parent=12001"}],"wp:term":[{"taxonomy":"product_cat","embeddable":true,"href":"https:\/\/parapharmacieenligne.ma\/en\/wp-json\/wp\/v2\/product_cat?post=12001"},{"taxonomy":"product_tag","embeddable":true,"href":"https:\/\/parapharmacieenligne.ma\/en\/wp-json\/wp\/v2\/product_tag?post=12001"},{"taxonomy":"yith_product_brand","embeddable":true,"href":"https:\/\/parapharmacieenligne.ma\/en\/wp-json\/wp\/v2\/yith_product_brand?post=12001"}],"curies":[{"name":"wp","href":"https:\/\/api.w.org\/{rel}","templated":true}]}}