{"id":12008,"date":"2026-01-28T16:48:05","date_gmt":"2026-01-28T15:48:05","guid":{"rendered":"https:\/\/parapharmacieenligne.ma\/?post_type=product&#038;p=12008"},"modified":"2026-01-28T16:56:54","modified_gmt":"2026-01-28T15:56:54","slug":"nuxe-merveillance-lift-creme-liftante-regard-15-ml","status":"publish","type":"product","link":"https:\/\/parapharmacieenligne.ma\/en\/product\/nuxe-merveillance-lift-creme-liftante-regard-15-ml\/","title":{"rendered":"Nuxe Merveillance Lift Cr\u00e8me Liftante Regard 15 ml"},"content":{"rendered":"<div aria-labelledby=\"tab-title-description\" class=\"woocommerce-Tabs-panel woocommerce-Tabs-panel--description panel entry-content wc-tab\" id=\"tab-description\" role=\"tabpanel\" style=\"\">\n<h2>Description<\/h2>\n<p>Merveillance LIFT \u2013 La Cr\u00e8me Liftante Regard : r\u00e9v\u00e9lez une peau aussi forte que vous !Pour un contour des yeux comme transform\u00e9 : poches r\u00e9duites, rides combl\u00e9es, paupi\u00e8res rehauss\u00e9es.100% des femmes sont convaincues(1).<\/p>\n<p>Ce contour des yeux raffermissant est infus\u00e9 d\u2019Huile de Micro-Algue ultra-corrective, un actif green(2) qui concentre la puissance de 4 milliards de cellules actives (en une seule goutte) pour renforcer votre peau au quotidien.Gr\u00e2ce \u00e0 son incroyable texture effet blur(3) d\u2019origine naturelle, il estompe instantan\u00e9ment rides, poches et signes de fatigue pour un regard plus jeune d\u00e8s la 1\u00e8re application. Les rides sont liss\u00e9es, les paupi\u00e8res sont rehauss\u00e9es, le contour des yeux est comme lift\u00e9 pour un regard agrandi.<\/p>\n<p>Une efficacit\u00e9 anti-\u00e2ge et un plaisir ultime avec un parfum l\u00e9ger, sp\u00e9cifiquement d\u00e9velopp\u00e9 pour le contour des yeux.<\/p>\n<p><strong>Conseil d\u2019utilisation :<\/strong><\/p>\n<p>Appliquer le matin et \/ ou le soir sur le contour des yeux.<\/p>\n<\/p><\/div>","protected":false},"excerpt":{"rendered":"<p>Highlights:Contour des yeux raffermissant \u2013 correction rides, anti-poches97% d\u2019ingr\u00e9dients d\u2019origine naturelle<\/p>","protected":false},"featured_media":12091,"comment_status":"open","ping_status":"closed","template":"","meta":[],"product_cat":[83],"product_tag":[],"yith_product_brand":[157],"class_list":{"0":"post-12008","1":"product","2":"type-product","3":"status-publish","4":"has-post-thumbnail","6":"product_cat-soins-visage","7":"yith_product_brand-nuxe","9":"first","10":"instock","11":"sale","12":"shipping-taxable","13":"purchasable","14":"product-type-simple"},"_links":{"self":[{"href":"https:\/\/parapharmacieenligne.ma\/en\/wp-json\/wp\/v2\/product\/12008","targetHints":{"allow":["GET"]}}],"collection":[{"href":"https:\/\/parapharmacieenligne.ma\/en\/wp-json\/wp\/v2\/product"}],"about":[{"href":"https:\/\/parapharmacieenligne.ma\/en\/wp-json\/wp\/v2\/types\/product"}],"replies":[{"embeddable":true,"href":"https:\/\/parapharmacieenligne.ma\/en\/wp-json\/wp\/v2\/comments?post=12008"}],"version-history":[{"count":1,"href":"https:\/\/parapharmacieenligne.ma\/en\/wp-json\/wp\/v2\/product\/12008\/revisions"}],"predecessor-version":[{"id":12092,"href":"https:\/\/parapharmacieenligne.ma\/en\/wp-json\/wp\/v2\/product\/12008\/revisions\/12092"}],"wp:featuredmedia":[{"embeddable":true,"href":"https:\/\/parapharmacieenligne.ma\/en\/wp-json\/wp\/v2\/media\/12091"}],"wp:attachment":[{"href":"https:\/\/parapharmacieenligne.ma\/en\/wp-json\/wp\/v2\/media?parent=12008"}],"wp:term":[{"taxonomy":"product_cat","embeddable":true,"href":"https:\/\/parapharmacieenligne.ma\/en\/wp-json\/wp\/v2\/product_cat?post=12008"},{"taxonomy":"product_tag","embeddable":true,"href":"https:\/\/parapharmacieenligne.ma\/en\/wp-json\/wp\/v2\/product_tag?post=12008"},{"taxonomy":"yith_product_brand","embeddable":true,"href":"https:\/\/parapharmacieenligne.ma\/en\/wp-json\/wp\/v2\/yith_product_brand?post=12008"}],"curies":[{"name":"wp","href":"https:\/\/api.w.org\/{rel}","templated":true}]}}