{"id":12052,"date":"2026-01-28T16:52:28","date_gmt":"2026-01-28T15:52:28","guid":{"rendered":"https:\/\/parapharmacieenligne.ma\/?post_type=product&#038;p=12052"},"modified":"2026-01-28T16:59:38","modified_gmt":"2026-01-28T15:59:38","slug":"nuxe-sun-creme-fondante-spf30-50ml","status":"publish","type":"product","link":"https:\/\/parapharmacieenligne.ma\/en\/product\/nuxe-sun-creme-fondante-spf30-50ml\/","title":{"rendered":"Nuxe Sun Creme Fondante Spf30 50ml"},"content":{"rendered":"<div aria-labelledby=\"tab-title-description\" class=\"woocommerce-Tabs-panel woocommerce-Tabs-panel--description panel entry-content wc-tab\" id=\"tab-description\" role=\"tabpanel\" style=\"\">\n<h2>Description<\/h2>\n<p>NUXE Sun \u2013 Cr\u00e8me Solaire SPF30 : une haute protection divinement clean* !<\/p>\n<p>Cette Cr\u00e8me Solaire SPF30 prot\u00e8ge le visage des rayons du soleil tout en contribuant au respect du milieu marin. Son complexe filtrant brevet\u00e9** offre une protection large spectre UVA\/UVB et pr\u00e9vient le photo-vieillissement cutan\u00e9 pr\u00e9matur\u00e9.<\/p>\n<p>Sa texture fondante p\u00e9n\u00e8tre rapidement sans laisser de traces pour hydrater la peau et sublimer le bronzage.<\/p>\n<p>Son parfum d\u2019\u00e9vasion aux notes d\u2019Orange douce, de Fleur de Tiar\u00e9 et de Vanille est une irr\u00e9sistible invitation \u00e0 profiter de l\u2019\u00e9t\u00e9.<\/p>\n<p>Notre engagement NUXE Sun : Formule clean*, non toxique pour l\u2019ecosyst\u00e8me marin (test\u00e9e sur algues, coraux et bact\u00e9ries repr\u00e9sentatifs de la vie marine)<\/p>\n<p>Soin formul\u00e9 et fabriqu\u00e9 en France. R\u00e9sistant \u00e0 l\u2019eau. Non com\u00e9dog\u00e8ne.<\/p>\n<\/p><\/div>","protected":false},"excerpt":{"rendered":"<p>Highlights:Protection cellulaire anti-\u00e2ge.Sublime le bronzage.Toutes Peaux.<\/p>","protected":false},"featured_media":12138,"comment_status":"open","ping_status":"closed","template":"","meta":[],"product_cat":[83],"product_tag":[],"yith_product_brand":[157],"class_list":{"0":"post-12052","1":"product","2":"type-product","3":"status-publish","4":"has-post-thumbnail","6":"product_cat-soins-visage","7":"yith_product_brand-nuxe","9":"first","10":"instock","11":"sale","12":"shipping-taxable","13":"purchasable","14":"product-type-simple"},"_links":{"self":[{"href":"https:\/\/parapharmacieenligne.ma\/en\/wp-json\/wp\/v2\/product\/12052","targetHints":{"allow":["GET"]}}],"collection":[{"href":"https:\/\/parapharmacieenligne.ma\/en\/wp-json\/wp\/v2\/product"}],"about":[{"href":"https:\/\/parapharmacieenligne.ma\/en\/wp-json\/wp\/v2\/types\/product"}],"replies":[{"embeddable":true,"href":"https:\/\/parapharmacieenligne.ma\/en\/wp-json\/wp\/v2\/comments?post=12052"}],"version-history":[{"count":1,"href":"https:\/\/parapharmacieenligne.ma\/en\/wp-json\/wp\/v2\/product\/12052\/revisions"}],"predecessor-version":[{"id":12139,"href":"https:\/\/parapharmacieenligne.ma\/en\/wp-json\/wp\/v2\/product\/12052\/revisions\/12139"}],"wp:featuredmedia":[{"embeddable":true,"href":"https:\/\/parapharmacieenligne.ma\/en\/wp-json\/wp\/v2\/media\/12138"}],"wp:attachment":[{"href":"https:\/\/parapharmacieenligne.ma\/en\/wp-json\/wp\/v2\/media?parent=12052"}],"wp:term":[{"taxonomy":"product_cat","embeddable":true,"href":"https:\/\/parapharmacieenligne.ma\/en\/wp-json\/wp\/v2\/product_cat?post=12052"},{"taxonomy":"product_tag","embeddable":true,"href":"https:\/\/parapharmacieenligne.ma\/en\/wp-json\/wp\/v2\/product_tag?post=12052"},{"taxonomy":"yith_product_brand","embeddable":true,"href":"https:\/\/parapharmacieenligne.ma\/en\/wp-json\/wp\/v2\/yith_product_brand?post=12052"}],"curies":[{"name":"wp","href":"https:\/\/api.w.org\/{rel}","templated":true}]}}