{"id":12064,"date":"2026-01-28T16:53:34","date_gmt":"2026-01-28T15:53:34","guid":{"rendered":"https:\/\/parapharmacieenligne.ma\/?post_type=product&#038;p=12064"},"modified":"2026-01-28T17:00:11","modified_gmt":"2026-01-28T16:00:11","slug":"nuxe-coffret-super-serum-10","status":"publish","type":"product","link":"https:\/\/parapharmacieenligne.ma\/en\/product\/nuxe-coffret-super-serum-10\/","title":{"rendered":"Nuxe Coffret Super Serum 10"},"content":{"rendered":"<div aria-labelledby=\"tab-title-description\" class=\"woocommerce-Tabs-panel woocommerce-Tabs-panel--description panel entry-content wc-tab\" id=\"tab-description\" role=\"tabpanel\" style=\"\">\n<h2>Description<\/h2>\n<p>Laissez vous emporter dans un moment ultime d\u2019efficacit\u00e9 gr\u00e2ce au concentr\u00e9 anti-\u00e2ge de ce Super Serum et \u00e0 son Gua Sha offert dans ce Coffret Serum Visage anti-\u00e2ge :<\/p>\n<p>\u2013 Super Serum [10], Le concentr\u00e9 anti-\u00e2ge universel 30 ml: la peau fonctionne comme si elle avait 10 ans de moins**.<\/p>\n<p>\u2013 Gua Sha \u2013 Rituel de soin et de beaut\u00e9 ancestrale, le Gua Sha en Quartz Rose est un outil de massage facial auquel on pr\u00eate des vertues raffermissantes.<\/p>\n<p>Soins formul\u00e9s et fabriqu\u00e9s en France.<\/p>\n<p>Coffret fabriqu\u00e9 en France, 100% carton, 0% plastique et recyclable.<\/p>\n<p>*N\u00b01 des s\u00e9rums de la marque NUXE en pharmacie et parapharmacie en France et en Belgique, \u00e0 fin d\u00e9cembre 2021 (Donn\u00e9es sell-in wholesales \u2013 cumul annuel fixe \u2013 valeur).<\/p>\n<\/p><\/div>\n","protected":false},"excerpt":{"rendered":"<p>Highlights:Coffret Serum Visage anti-\u00e2ge \u2013 Un concentr\u00e9 d\u2019efficacit\u00e9 avec notre Super Serum N\u00b01*<\/p>","protected":false},"featured_media":12149,"comment_status":"open","ping_status":"closed","template":"","meta":[],"product_cat":[83],"product_tag":[],"yith_product_brand":[157],"class_list":{"0":"post-12064","1":"product","2":"type-product","3":"status-publish","4":"has-post-thumbnail","6":"product_cat-soins-visage","7":"yith_product_brand-nuxe","9":"first","10":"instock","11":"sale","12":"shipping-taxable","13":"purchasable","14":"product-type-simple"},"_links":{"self":[{"href":"https:\/\/parapharmacieenligne.ma\/en\/wp-json\/wp\/v2\/product\/12064","targetHints":{"allow":["GET"]}}],"collection":[{"href":"https:\/\/parapharmacieenligne.ma\/en\/wp-json\/wp\/v2\/product"}],"about":[{"href":"https:\/\/parapharmacieenligne.ma\/en\/wp-json\/wp\/v2\/types\/product"}],"replies":[{"embeddable":true,"href":"https:\/\/parapharmacieenligne.ma\/en\/wp-json\/wp\/v2\/comments?post=12064"}],"version-history":[{"count":1,"href":"https:\/\/parapharmacieenligne.ma\/en\/wp-json\/wp\/v2\/product\/12064\/revisions"}],"predecessor-version":[{"id":12150,"href":"https:\/\/parapharmacieenligne.ma\/en\/wp-json\/wp\/v2\/product\/12064\/revisions\/12150"}],"wp:featuredmedia":[{"embeddable":true,"href":"https:\/\/parapharmacieenligne.ma\/en\/wp-json\/wp\/v2\/media\/12149"}],"wp:attachment":[{"href":"https:\/\/parapharmacieenligne.ma\/en\/wp-json\/wp\/v2\/media?parent=12064"}],"wp:term":[{"taxonomy":"product_cat","embeddable":true,"href":"https:\/\/parapharmacieenligne.ma\/en\/wp-json\/wp\/v2\/product_cat?post=12064"},{"taxonomy":"product_tag","embeddable":true,"href":"https:\/\/parapharmacieenligne.ma\/en\/wp-json\/wp\/v2\/product_tag?post=12064"},{"taxonomy":"yith_product_brand","embeddable":true,"href":"https:\/\/parapharmacieenligne.ma\/en\/wp-json\/wp\/v2\/yith_product_brand?post=12064"}],"curies":[{"name":"wp","href":"https:\/\/api.w.org\/{rel}","templated":true}]}}