{"id":12124,"date":"2026-01-28T16:58:45","date_gmt":"2026-01-28T15:58:45","guid":{"rendered":"https:\/\/parapharmacieenligne.ma\/?post_type=product&#038;p=12124"},"modified":"2026-01-28T17:04:10","modified_gmt":"2026-01-28T16:04:10","slug":"nuxe-insta-masque-purifiantlissant-50ml","status":"publish","type":"product","link":"https:\/\/parapharmacieenligne.ma\/en\/product\/nuxe-insta-masque-purifiantlissant-50ml\/","title":{"rendered":"Nuxe Insta-Masque purifiant+lissant 50ml"},"content":{"rendered":"<div aria-labelledby=\"tab-title-description\" class=\"woocommerce-Tabs-panel woocommerce-Tabs-panel--description panel entry-content wc-tab\" id=\"tab-description\" role=\"tabpanel\" style=\"\">\n<h2>Description<\/h2>\n<p>Ce masque purifiant allie les bienfaits de l\u2019eau florale de Rose \u00e0 de l\u2019argile blanche pour purifier la peau tout en douceur.<\/p>\n<p>En 2 minutes chrono, la peau est nette et visiblement liss\u00e9e. Ultra-sensorielle, sa texture fra\u00eeche et a\u00e9rienne ne dess\u00e8che pas la peau et ne tiraille pas pour un confort id\u00e9al.<\/p>\n<p><strong><strong>Conseils d\u2019Utilisation : <\/strong> <\/strong><\/p>\n<p>1 \u00e0 2 fois par semaine<\/p>\n<p>Appliquer g\u00e9n\u00e9reusement sur peau s\u00e8che sur l\u2019ensemble des zones \u00e0 corriger, en \u00e9vitant le contour des yeux.<\/p>\n<p>Laisser poser 2 minutes pour matifier la peau et resserrer les pores.<\/p>\n<p>Rincer ensuite \u00e0 l\u2019eau.<\/p>\n<p>Peut s\u2019utiliser sous la douche pour un geste express.<\/p>\n<\/p><\/div>","protected":false},"excerpt":{"rendered":"<p>Highlights:Masque purifiant \u00e0 l\u2019argile \u2013 purifie et lisse le grain de peauToutes peaux, m\u00eame sensibles.<\/p>","protected":false},"featured_media":12200,"comment_status":"open","ping_status":"closed","template":"","meta":[],"product_cat":[83],"product_tag":[],"yith_product_brand":[157],"class_list":{"0":"post-12124","1":"product","2":"type-product","3":"status-publish","4":"has-post-thumbnail","6":"product_cat-soins-visage","7":"yith_product_brand-nuxe","9":"first","10":"instock","11":"sale","12":"shipping-taxable","13":"purchasable","14":"product-type-simple"},"_links":{"self":[{"href":"https:\/\/parapharmacieenligne.ma\/en\/wp-json\/wp\/v2\/product\/12124","targetHints":{"allow":["GET"]}}],"collection":[{"href":"https:\/\/parapharmacieenligne.ma\/en\/wp-json\/wp\/v2\/product"}],"about":[{"href":"https:\/\/parapharmacieenligne.ma\/en\/wp-json\/wp\/v2\/types\/product"}],"replies":[{"embeddable":true,"href":"https:\/\/parapharmacieenligne.ma\/en\/wp-json\/wp\/v2\/comments?post=12124"}],"version-history":[{"count":1,"href":"https:\/\/parapharmacieenligne.ma\/en\/wp-json\/wp\/v2\/product\/12124\/revisions"}],"predecessor-version":[{"id":12201,"href":"https:\/\/parapharmacieenligne.ma\/en\/wp-json\/wp\/v2\/product\/12124\/revisions\/12201"}],"wp:featuredmedia":[{"embeddable":true,"href":"https:\/\/parapharmacieenligne.ma\/en\/wp-json\/wp\/v2\/media\/12200"}],"wp:attachment":[{"href":"https:\/\/parapharmacieenligne.ma\/en\/wp-json\/wp\/v2\/media?parent=12124"}],"wp:term":[{"taxonomy":"product_cat","embeddable":true,"href":"https:\/\/parapharmacieenligne.ma\/en\/wp-json\/wp\/v2\/product_cat?post=12124"},{"taxonomy":"product_tag","embeddable":true,"href":"https:\/\/parapharmacieenligne.ma\/en\/wp-json\/wp\/v2\/product_tag?post=12124"},{"taxonomy":"yith_product_brand","embeddable":true,"href":"https:\/\/parapharmacieenligne.ma\/en\/wp-json\/wp\/v2\/yith_product_brand?post=12124"}],"curies":[{"name":"wp","href":"https:\/\/api.w.org\/{rel}","templated":true}]}}