{"id":12132,"date":"2026-01-28T16:59:17","date_gmt":"2026-01-28T15:59:17","guid":{"rendered":"https:\/\/parapharmacieenligne.ma\/?post_type=product&#038;p=12132"},"modified":"2026-01-28T17:04:31","modified_gmt":"2026-01-28T16:04:31","slug":"nuxe-prodigieuse-boost-concentre-preparateur-energisant-creme100ml","status":"publish","type":"product","link":"https:\/\/parapharmacieenligne.ma\/en\/product\/nuxe-prodigieuse-boost-concentre-preparateur-energisant-creme100ml\/","title":{"rendered":"Nuxe Prodigieuse\u00ae Boost Concentr\u00e9 pr\u00e9parateur \u00e9nergisant Cr\u00e8me100ml"},"content":{"rendered":"<div aria-labelledby=\"tab-title-description\" class=\"woocommerce-Tabs-panel woocommerce-Tabs-panel--description panel entry-content wc-tab\" id=\"tab-description\" role=\"tabpanel\" style=\"\">\n<h2>Description<\/h2>\n<p>Inspir\u00e9e de la cosm\u00e9tique cor\u00e9enne, cette <strong>lotion pr\u00e9paratrice <\/strong>liquide, au complexe antioxydant \u00e0 la fleur de Jasmin<\/p>\n<p>et \u00e0 la Vitamine C, d\u00e9fatigue, repulpe et r\u00e9v\u00e8le la fra\u00eecheur de la peau.<\/p>\n<p>Pleine d\u2019\u00e9nergie, elle est pr\u00eate \u00e0 profiter pleinement des bienfaits des soins quotidien.<\/p>\n<p><strong><strong>Conseils d\u2019Utilisation : <\/strong> <\/strong><\/p>\n<div class=\"product-entry\">Appliquer matin et\/ou soir avant le soin quotidien sur le visage, le cou et le d\u00e9collet\u00e9.<\/p>\n<p>Effectuer de l\u00e9gers tapotements pour favoriser la p\u00e9n\u00e9tration. Gr\u00e2ce \u00e0 sa formule l\u00e9g\u00e8rement textur\u00e9e, elle peut s\u2019appliquer directement avec les doigts.<\/p>\n<\/div><\/div>","protected":false},"excerpt":{"rendered":"<p>Highlights:Lotion pr\u00e9paratrice \u00e9nergisanteToutes peaux.<\/p>","protected":false},"featured_media":12204,"comment_status":"open","ping_status":"closed","template":"","meta":[],"product_cat":[83],"product_tag":[],"yith_product_brand":[157],"class_list":{"0":"post-12132","1":"product","2":"type-product","3":"status-publish","4":"has-post-thumbnail","6":"product_cat-soins-visage","7":"yith_product_brand-nuxe","9":"first","10":"instock","11":"sale","12":"shipping-taxable","13":"purchasable","14":"product-type-simple"},"_links":{"self":[{"href":"https:\/\/parapharmacieenligne.ma\/en\/wp-json\/wp\/v2\/product\/12132","targetHints":{"allow":["GET"]}}],"collection":[{"href":"https:\/\/parapharmacieenligne.ma\/en\/wp-json\/wp\/v2\/product"}],"about":[{"href":"https:\/\/parapharmacieenligne.ma\/en\/wp-json\/wp\/v2\/types\/product"}],"replies":[{"embeddable":true,"href":"https:\/\/parapharmacieenligne.ma\/en\/wp-json\/wp\/v2\/comments?post=12132"}],"version-history":[{"count":1,"href":"https:\/\/parapharmacieenligne.ma\/en\/wp-json\/wp\/v2\/product\/12132\/revisions"}],"predecessor-version":[{"id":12205,"href":"https:\/\/parapharmacieenligne.ma\/en\/wp-json\/wp\/v2\/product\/12132\/revisions\/12205"}],"wp:featuredmedia":[{"embeddable":true,"href":"https:\/\/parapharmacieenligne.ma\/en\/wp-json\/wp\/v2\/media\/12204"}],"wp:attachment":[{"href":"https:\/\/parapharmacieenligne.ma\/en\/wp-json\/wp\/v2\/media?parent=12132"}],"wp:term":[{"taxonomy":"product_cat","embeddable":true,"href":"https:\/\/parapharmacieenligne.ma\/en\/wp-json\/wp\/v2\/product_cat?post=12132"},{"taxonomy":"product_tag","embeddable":true,"href":"https:\/\/parapharmacieenligne.ma\/en\/wp-json\/wp\/v2\/product_tag?post=12132"},{"taxonomy":"yith_product_brand","embeddable":true,"href":"https:\/\/parapharmacieenligne.ma\/en\/wp-json\/wp\/v2\/yith_product_brand?post=12132"}],"curies":[{"name":"wp","href":"https:\/\/api.w.org\/{rel}","templated":true}]}}