{"id":12140,"date":"2026-01-28T16:59:42","date_gmt":"2026-01-28T15:59:42","guid":{"rendered":"https:\/\/parapharmacieenligne.ma\/?post_type=product&#038;p=12140"},"modified":"2026-01-28T17:04:43","modified_gmt":"2026-01-28T16:04:43","slug":"nuxe-prodigieuse-boost-creme-soyeuse-multi-correction-creme-40ml","status":"publish","type":"product","link":"https:\/\/parapharmacieenligne.ma\/en\/product\/nuxe-prodigieuse-boost-creme-soyeuse-multi-correction-creme-40ml\/","title":{"rendered":"Nuxe Prodigieuse\u00ae Boost Cr\u00e8me soyeuse multi-correction Cr\u00e8me 40ml"},"content":{"rendered":"<div aria-labelledby=\"tab-title-description\" class=\"woocommerce-Tabs-panel woocommerce-Tabs-panel--description panel entry-content wc-tab\" id=\"tab-description\" role=\"tabpanel\" style=\"\">\n<h2>Description<\/h2>\n<p>Cette cr\u00e8me soyeuse multi-correction au complexe antioxydant \u00e0 la fleur de jasmin, lutte contre les effets n\u00e9fastes de votre vie quotidienne (stress, fatigue, pollution\u2026), tout en respectant l\u2019\u00e9quilibre naturel de votre peau. Jour apr\u00e8s jour, elle est plus fra\u00eeche et \u00e9clatante et les premiers signes de l\u2019\u00e2ge sont estomp\u00e9s (la peau est liss\u00e9e, d\u00e9froiss\u00e9e, plus rebondie).<\/p>\n<p>Sa texture velout\u00e9e apporte de la douceur et du confort aux peaux normales \u00e0 s\u00e8ches.<\/p>\n<p><strong><strong>Conseils d\u2019Utilisation : <\/strong> <\/strong><\/p>\n<p>Appliquer le matin sur le visage, le cou et le d\u00e9collet\u00e9.<\/p>\n<\/p><\/div>","protected":false},"excerpt":{"rendered":"<p>Highlights:Cr\u00e8me correctrice 1erssignes de l\u2019\u00e2gePeaux normales \u00e0 s\u00e8ches.<\/p>","protected":false},"featured_media":12208,"comment_status":"open","ping_status":"closed","template":"","meta":[],"product_cat":[83],"product_tag":[],"yith_product_brand":[157],"class_list":{"0":"post-12140","1":"product","2":"type-product","3":"status-publish","4":"has-post-thumbnail","6":"product_cat-soins-visage","7":"yith_product_brand-nuxe","9":"first","10":"instock","11":"sale","12":"shipping-taxable","13":"purchasable","14":"product-type-simple"},"_links":{"self":[{"href":"https:\/\/parapharmacieenligne.ma\/en\/wp-json\/wp\/v2\/product\/12140","targetHints":{"allow":["GET"]}}],"collection":[{"href":"https:\/\/parapharmacieenligne.ma\/en\/wp-json\/wp\/v2\/product"}],"about":[{"href":"https:\/\/parapharmacieenligne.ma\/en\/wp-json\/wp\/v2\/types\/product"}],"replies":[{"embeddable":true,"href":"https:\/\/parapharmacieenligne.ma\/en\/wp-json\/wp\/v2\/comments?post=12140"}],"version-history":[{"count":1,"href":"https:\/\/parapharmacieenligne.ma\/en\/wp-json\/wp\/v2\/product\/12140\/revisions"}],"predecessor-version":[{"id":12209,"href":"https:\/\/parapharmacieenligne.ma\/en\/wp-json\/wp\/v2\/product\/12140\/revisions\/12209"}],"wp:featuredmedia":[{"embeddable":true,"href":"https:\/\/parapharmacieenligne.ma\/en\/wp-json\/wp\/v2\/media\/12208"}],"wp:attachment":[{"href":"https:\/\/parapharmacieenligne.ma\/en\/wp-json\/wp\/v2\/media?parent=12140"}],"wp:term":[{"taxonomy":"product_cat","embeddable":true,"href":"https:\/\/parapharmacieenligne.ma\/en\/wp-json\/wp\/v2\/product_cat?post=12140"},{"taxonomy":"product_tag","embeddable":true,"href":"https:\/\/parapharmacieenligne.ma\/en\/wp-json\/wp\/v2\/product_tag?post=12140"},{"taxonomy":"yith_product_brand","embeddable":true,"href":"https:\/\/parapharmacieenligne.ma\/en\/wp-json\/wp\/v2\/yith_product_brand?post=12140"}],"curies":[{"name":"wp","href":"https:\/\/api.w.org\/{rel}","templated":true}]}}