{"id":12142,"date":"2026-01-28T16:59:44","date_gmt":"2026-01-28T15:59:44","guid":{"rendered":"https:\/\/parapharmacieenligne.ma\/?post_type=product&#038;p=12142"},"modified":"2026-01-28T17:04:52","modified_gmt":"2026-01-28T16:04:52","slug":"nuxe-prodigieuse-boost-baume-huile-recuperateur-nuit-creme-50ml","status":"publish","type":"product","link":"https:\/\/parapharmacieenligne.ma\/en\/product\/nuxe-prodigieuse-boost-baume-huile-recuperateur-nuit-creme-50ml\/","title":{"rendered":"Nuxe Prodigieuse\u00ae Boost Baume-huile r\u00e9cup\u00e9rateur nuit Cr\u00e8me 50Ml"},"content":{"rendered":"<div aria-labelledby=\"tab-title-description\" class=\"woocommerce-Tabs-panel woocommerce-Tabs-panel--description panel entry-content wc-tab\" id=\"tab-description\" role=\"tabpanel\" style=\"\">\n<h2>Description<\/h2>\n<p>Ce <strong>baume-huile visage <\/strong>au complexe antioxydant \u00e0 la fleur de jasmin aide la peau \u00e0 r\u00e9cup\u00e9rer pendant la nuit des effets n\u00e9fastes de votre vie quotidienne (stress, fatigue, pollution\u2026), tout en respectant l\u2019\u00e9quilibre naturel de votre peau. Sa texture ultra-cocooning infus\u00e9e d\u2019huile de Macadamia enveloppe la peau d\u2019un cocon de douceur sans fini gras. Au r\u00e9veil, les traits sont d\u00e9tendus et le teint est frais. La peau retrouve toute son \u00e9nergie pour affronter une nouvelle journ\u00e9e<\/p>\n<p><strong>Conseils d\u2019Utilisation : <\/strong> <\/p>\n<div class=\"product-entry\">\n<p>Appliquer le soir sur le visage, le cou et le d\u00e9collet\u00e9.<\/p>\n<\/p><\/div>\n<\/p><\/div>","protected":false},"excerpt":{"rendered":"<p>Highlights:Baume-huile r\u00e9cup\u00e9rateur nuitToutes peaux.<\/p>","protected":false},"featured_media":12212,"comment_status":"open","ping_status":"closed","template":"","meta":[],"product_cat":[83],"product_tag":[],"yith_product_brand":[157],"class_list":{"0":"post-12142","1":"product","2":"type-product","3":"status-publish","4":"has-post-thumbnail","6":"product_cat-soins-visage","7":"yith_product_brand-nuxe","9":"first","10":"instock","11":"sale","12":"shipping-taxable","13":"purchasable","14":"product-type-simple"},"_links":{"self":[{"href":"https:\/\/parapharmacieenligne.ma\/en\/wp-json\/wp\/v2\/product\/12142","targetHints":{"allow":["GET"]}}],"collection":[{"href":"https:\/\/parapharmacieenligne.ma\/en\/wp-json\/wp\/v2\/product"}],"about":[{"href":"https:\/\/parapharmacieenligne.ma\/en\/wp-json\/wp\/v2\/types\/product"}],"replies":[{"embeddable":true,"href":"https:\/\/parapharmacieenligne.ma\/en\/wp-json\/wp\/v2\/comments?post=12142"}],"version-history":[{"count":1,"href":"https:\/\/parapharmacieenligne.ma\/en\/wp-json\/wp\/v2\/product\/12142\/revisions"}],"predecessor-version":[{"id":12213,"href":"https:\/\/parapharmacieenligne.ma\/en\/wp-json\/wp\/v2\/product\/12142\/revisions\/12213"}],"wp:featuredmedia":[{"embeddable":true,"href":"https:\/\/parapharmacieenligne.ma\/en\/wp-json\/wp\/v2\/media\/12212"}],"wp:attachment":[{"href":"https:\/\/parapharmacieenligne.ma\/en\/wp-json\/wp\/v2\/media?parent=12142"}],"wp:term":[{"taxonomy":"product_cat","embeddable":true,"href":"https:\/\/parapharmacieenligne.ma\/en\/wp-json\/wp\/v2\/product_cat?post=12142"},{"taxonomy":"product_tag","embeddable":true,"href":"https:\/\/parapharmacieenligne.ma\/en\/wp-json\/wp\/v2\/product_tag?post=12142"},{"taxonomy":"yith_product_brand","embeddable":true,"href":"https:\/\/parapharmacieenligne.ma\/en\/wp-json\/wp\/v2\/yith_product_brand?post=12142"}],"curies":[{"name":"wp","href":"https:\/\/api.w.org\/{rel}","templated":true}]}}