{"id":12151,"date":"2026-01-28T17:00:21","date_gmt":"2026-01-28T16:00:21","guid":{"rendered":"https:\/\/parapharmacieenligne.ma\/?post_type=product&#038;p=12151"},"modified":"2026-01-28T17:04:56","modified_gmt":"2026-01-28T16:04:56","slug":"nuxe-very-rose-lait-demaquillant-onctueux-200ml","status":"publish","type":"product","link":"https:\/\/parapharmacieenligne.ma\/en\/product\/nuxe-very-rose-lait-demaquillant-onctueux-200ml\/","title":{"rendered":"Nuxe Very Rose Lait D\u00e9maquillant Onctueux 200ml"},"content":{"rendered":"<div aria-labelledby=\"tab-title-description\" class=\"woocommerce-Tabs-panel woocommerce-Tabs-panel--description panel entry-content wc-tab\" id=\"tab-description\" role=\"tabpanel\" style=\"\">\n<h2>Description<\/h2>\n<p>Ce lait onctueux au doux parfum de rose d\u00e9maquille parfaitement, hydrate et r\u00e9conforte la peau du visage et des yeux,<\/p>\n<p>tout en respectant son \u00e9quilibre. Sa texture ultra-sensorielle \u00ab lait en huile \u00bb d\u00e9maquille tout en douceur et apporte du confort<\/p>\n<p>sans laisser de fini gras. Imm\u00e9diatement, les impuret\u00e9s et le maquillage sont \u00e9limin\u00e9s, la peau est hydrat\u00e9e, douce et confortable.<\/p>\n<p><strong><strong>Conseils d\u2019Utilisation : <\/strong> <\/strong><\/p>\n<p>Le d\u00e9maquillage est la premi\u00e8re \u00e9tape incontournable de votre routine de soin !<\/p>\n<p>Appliquez matin et\/ou soir \u00e0 l\u2019aide d\u2019un coton ou appliquez directement le lait du bout des doigts,<\/p>\n<p>massez d\u00e9licatement puis rincez \u00e0 l\u2019eau ti\u00e8de.<\/p>\n<\/p><\/div>","protected":false},"excerpt":{"rendered":"<p>Highlights:D\u00e9maquille, hydrate et r\u00e9conforte \u2013 Visage et yeuxToutes peaux.<\/p>","protected":false},"featured_media":12214,"comment_status":"open","ping_status":"closed","template":"","meta":[],"product_cat":[83],"product_tag":[],"yith_product_brand":[157],"class_list":{"0":"post-12151","1":"product","2":"type-product","3":"status-publish","4":"has-post-thumbnail","6":"product_cat-soins-visage","7":"yith_product_brand-nuxe","9":"first","10":"instock","11":"sale","12":"shipping-taxable","13":"purchasable","14":"product-type-simple"},"_links":{"self":[{"href":"https:\/\/parapharmacieenligne.ma\/en\/wp-json\/wp\/v2\/product\/12151","targetHints":{"allow":["GET"]}}],"collection":[{"href":"https:\/\/parapharmacieenligne.ma\/en\/wp-json\/wp\/v2\/product"}],"about":[{"href":"https:\/\/parapharmacieenligne.ma\/en\/wp-json\/wp\/v2\/types\/product"}],"replies":[{"embeddable":true,"href":"https:\/\/parapharmacieenligne.ma\/en\/wp-json\/wp\/v2\/comments?post=12151"}],"version-history":[{"count":1,"href":"https:\/\/parapharmacieenligne.ma\/en\/wp-json\/wp\/v2\/product\/12151\/revisions"}],"predecessor-version":[{"id":12215,"href":"https:\/\/parapharmacieenligne.ma\/en\/wp-json\/wp\/v2\/product\/12151\/revisions\/12215"}],"wp:featuredmedia":[{"embeddable":true,"href":"https:\/\/parapharmacieenligne.ma\/en\/wp-json\/wp\/v2\/media\/12214"}],"wp:attachment":[{"href":"https:\/\/parapharmacieenligne.ma\/en\/wp-json\/wp\/v2\/media?parent=12151"}],"wp:term":[{"taxonomy":"product_cat","embeddable":true,"href":"https:\/\/parapharmacieenligne.ma\/en\/wp-json\/wp\/v2\/product_cat?post=12151"},{"taxonomy":"product_tag","embeddable":true,"href":"https:\/\/parapharmacieenligne.ma\/en\/wp-json\/wp\/v2\/product_tag?post=12151"},{"taxonomy":"yith_product_brand","embeddable":true,"href":"https:\/\/parapharmacieenligne.ma\/en\/wp-json\/wp\/v2\/yith_product_brand?post=12151"}],"curies":[{"name":"wp","href":"https:\/\/api.w.org\/{rel}","templated":true}]}}