{"id":12314,"date":"2026-01-28T17:41:27","date_gmt":"2026-01-28T16:41:27","guid":{"rendered":"https:\/\/parapharmacieenligne.ma\/?post_type=product&#038;p=12314"},"modified":"2026-01-28T17:42:02","modified_gmt":"2026-01-28T16:42:02","slug":"gamarde-fluide-equilibrant-40ml","status":"publish","type":"product","link":"https:\/\/parapharmacieenligne.ma\/en\/product\/gamarde-fluide-equilibrant-40ml\/","title":{"rendered":"Gamarde Fluide Equilibrant 40ml"},"content":{"rendered":"<div aria-labelledby=\"tab-title-description\" class=\"woocommerce-Tabs-panel woocommerce-Tabs-panel--description panel entry-content wc-tab\" id=\"tab-description\" role=\"tabpanel\" style=\"\">\n<h2>Description<\/h2>\n<div class=\"re_wooinner_title_compact flowhidden\"><strong class=\"product-short-desc\">Soin s\u00e9bo-r\u00e9gulateur aux huiles essentielles Bio<\/strong><\/div>\n<div class=\"clear\"><\/div>\n<p>Purifiant, le Fluide \u00c9quilibrant S\u00e9bo-Control estompe les imperfections cutan\u00e9es des peaux mixtes \u00e0 grasses. Fluide et non gras, il matifie et lisse le grain de peau pour un teint plus lumineux. Purifie, normalise. Enrichi en huiles essentielles aux propri\u00e9t\u00e9s stimulantes<\/p>\n<\/p><\/div>","protected":false},"excerpt":{"rendered":"<p>Highlights:E\u0301quilibre \u2013 Purifie \u2013Matifie\u2022 Huiles essentielles de Girofle bio\u2022 Huile essentielle de Citron bio\u2022 Huile de Noisette bio\u2022 Huile d\u2019Argan bio\u2022 Eau Thermale de Gamarde<\/p>","protected":false},"featured_media":12336,"comment_status":"open","ping_status":"closed","template":"","meta":[],"product_cat":[83],"product_tag":[],"yith_product_brand":[159],"class_list":{"0":"post-12314","1":"product","2":"type-product","3":"status-publish","4":"has-post-thumbnail","6":"product_cat-soins-visage","7":"yith_product_brand-gamarde","9":"first","10":"instock","11":"sale","12":"shipping-taxable","13":"purchasable","14":"product-type-simple"},"_links":{"self":[{"href":"https:\/\/parapharmacieenligne.ma\/en\/wp-json\/wp\/v2\/product\/12314","targetHints":{"allow":["GET"]}}],"collection":[{"href":"https:\/\/parapharmacieenligne.ma\/en\/wp-json\/wp\/v2\/product"}],"about":[{"href":"https:\/\/parapharmacieenligne.ma\/en\/wp-json\/wp\/v2\/types\/product"}],"replies":[{"embeddable":true,"href":"https:\/\/parapharmacieenligne.ma\/en\/wp-json\/wp\/v2\/comments?post=12314"}],"version-history":[{"count":1,"href":"https:\/\/parapharmacieenligne.ma\/en\/wp-json\/wp\/v2\/product\/12314\/revisions"}],"predecessor-version":[{"id":12337,"href":"https:\/\/parapharmacieenligne.ma\/en\/wp-json\/wp\/v2\/product\/12314\/revisions\/12337"}],"wp:featuredmedia":[{"embeddable":true,"href":"https:\/\/parapharmacieenligne.ma\/en\/wp-json\/wp\/v2\/media\/12336"}],"wp:attachment":[{"href":"https:\/\/parapharmacieenligne.ma\/en\/wp-json\/wp\/v2\/media?parent=12314"}],"wp:term":[{"taxonomy":"product_cat","embeddable":true,"href":"https:\/\/parapharmacieenligne.ma\/en\/wp-json\/wp\/v2\/product_cat?post=12314"},{"taxonomy":"product_tag","embeddable":true,"href":"https:\/\/parapharmacieenligne.ma\/en\/wp-json\/wp\/v2\/product_tag?post=12314"},{"taxonomy":"yith_product_brand","embeddable":true,"href":"https:\/\/parapharmacieenligne.ma\/en\/wp-json\/wp\/v2\/yith_product_brand?post=12314"}],"curies":[{"name":"wp","href":"https:\/\/api.w.org\/{rel}","templated":true}]}}