{"id":12319,"date":"2026-01-28T17:41:33","date_gmt":"2026-01-28T16:41:33","guid":{"rendered":"https:\/\/parapharmacieenligne.ma\/?post_type=product&#038;p=12319"},"modified":"2026-01-28T17:43:00","modified_gmt":"2026-01-28T16:43:00","slug":"gamarde-demaquillant-douceur-yeux-30ml","status":"publish","type":"product","link":"https:\/\/parapharmacieenligne.ma\/en\/product\/gamarde-demaquillant-douceur-yeux-30ml\/","title":{"rendered":"Gamarde Demaquillant Douceur Yeux 30ml"},"content":{"rendered":"<div aria-labelledby=\"tab-title-description\" class=\"woocommerce-Tabs-panel woocommerce-Tabs-panel--description panel entry-content wc-tab\" id=\"tab-description\" role=\"tabpanel\" style=\"\">\n<h2>Description<\/h2>\n<div class=\"re_wooinner_title_compact flowhidden\"><strong class=\"product-short-desc\">Huile d\u00e9maquillante ultra-douce<\/strong><\/div>\n<div class=\"clear\"><\/div>\n<p>Formul\u00e9 avec de l\u2019Extrait de Calendula bio adoucissant et apaisant associ\u00e9 \u00e0 de l\u2019Huile essentielle de Myrte bio tonifiante, nle D\u00e9maquillant Douceur Yeux, certifi\u00e9 Bio et 100% d\u2019origine naturelle, permet d\u2019\u00e9liminer avec une infinie douceur toutes traces de maquillage, y compris les waterproofs. Le contour des yeux et les cils sont nourris<\/p>\n<\/p><\/div>","protected":false},"excerpt":{"rendered":"<p>Highlights:Nettoie, d\u00e9maquille et hydrate en douceur pour \u00e9liminer les salet\u00e9s et le maquillage.\u2022 Besoin :Nettoyer | Hydrater | Peau normale \u00e0 s\u00e8che | Peau sensible.\u2022 Ingr\u00e9dients Cl\u00e9s :C\u00e9ramides (1, 3 et 6-II) pour prot\u00e9ger et nourrir | Acide Hyaluronique pour maintenir la peau hydrat\u00e9e | Niacinamide pour apaiser la peau.\u2022S\u00e9curit\u00e9 :Sans Parfum | Sans Parab\u00e8ne | Hypoallerg\u00e9nique | Non-Com\u00e9dog\u00e8ne.\u2022 Utilisation :Appliquer \u00e0 l\u2019aide d\u2019un coton imbib\u00e9. Sans rin\u00e7age. Visage et yeux.<\/p>","protected":false},"featured_media":12346,"comment_status":"open","ping_status":"closed","template":"","meta":[],"product_cat":[83],"product_tag":[],"yith_product_brand":[159],"class_list":{"0":"post-12319","1":"product","2":"type-product","3":"status-publish","4":"has-post-thumbnail","6":"product_cat-soins-visage","7":"yith_product_brand-gamarde","9":"first","10":"instock","11":"sale","12":"shipping-taxable","13":"purchasable","14":"product-type-simple"},"_links":{"self":[{"href":"https:\/\/parapharmacieenligne.ma\/en\/wp-json\/wp\/v2\/product\/12319","targetHints":{"allow":["GET"]}}],"collection":[{"href":"https:\/\/parapharmacieenligne.ma\/en\/wp-json\/wp\/v2\/product"}],"about":[{"href":"https:\/\/parapharmacieenligne.ma\/en\/wp-json\/wp\/v2\/types\/product"}],"replies":[{"embeddable":true,"href":"https:\/\/parapharmacieenligne.ma\/en\/wp-json\/wp\/v2\/comments?post=12319"}],"version-history":[{"count":1,"href":"https:\/\/parapharmacieenligne.ma\/en\/wp-json\/wp\/v2\/product\/12319\/revisions"}],"predecessor-version":[{"id":12347,"href":"https:\/\/parapharmacieenligne.ma\/en\/wp-json\/wp\/v2\/product\/12319\/revisions\/12347"}],"wp:featuredmedia":[{"embeddable":true,"href":"https:\/\/parapharmacieenligne.ma\/en\/wp-json\/wp\/v2\/media\/12346"}],"wp:attachment":[{"href":"https:\/\/parapharmacieenligne.ma\/en\/wp-json\/wp\/v2\/media?parent=12319"}],"wp:term":[{"taxonomy":"product_cat","embeddable":true,"href":"https:\/\/parapharmacieenligne.ma\/en\/wp-json\/wp\/v2\/product_cat?post=12319"},{"taxonomy":"product_tag","embeddable":true,"href":"https:\/\/parapharmacieenligne.ma\/en\/wp-json\/wp\/v2\/product_tag?post=12319"},{"taxonomy":"yith_product_brand","embeddable":true,"href":"https:\/\/parapharmacieenligne.ma\/en\/wp-json\/wp\/v2\/yith_product_brand?post=12319"}],"curies":[{"name":"wp","href":"https:\/\/api.w.org\/{rel}","templated":true}]}}