{"id":12320,"date":"2026-01-28T17:41:33","date_gmt":"2026-01-28T16:41:33","guid":{"rendered":"https:\/\/parapharmacieenligne.ma\/?post_type=product&#038;p=12320"},"modified":"2026-01-28T17:43:15","modified_gmt":"2026-01-28T16:43:15","slug":"gamarde-masque-creme-40ml","status":"publish","type":"product","link":"https:\/\/parapharmacieenligne.ma\/en\/product\/gamarde-masque-creme-40ml\/","title":{"rendered":"Gamarde Masque Creme 40ml"},"content":{"rendered":"<div aria-labelledby=\"tab-title-description\" class=\"woocommerce-Tabs-panel woocommerce-Tabs-panel--description panel entry-content wc-tab\" id=\"tab-description\" role=\"tabpanel\" style=\"\">\n<h2>Description<\/h2>\n<div class=\"re_wooinner_title_compact flowhidden\"><strong class=\"product-short-desc\">Hydratation imm\u00e9diate et durable<\/strong><\/div>\n<div class=\"clear\"><\/div>\n<p>V\u00e9ritable soin compl\u00e9mentaire, le Masque Cr\u00e8me assure une hydratation imm\u00e9diate et durable aux peaux d\u00e9licates d\u00e9shydrat\u00e9es. La peau retrouve \u00e9clat, souplesse et douceur. Contient de l\u2019Acide Hyaluronique d\u2019origine v\u00e9g\u00e9tale aux propri\u00e9t\u00e9s hydratantes.<\/p>\n<\/p><\/div>","protected":false},"excerpt":{"rendered":"<p>Highlights:Hydrate \u2013 Assouplit \u2013 AdoucitSoin compl\u00e9mentaire quid\u00e9salt\u00e8re et ressource la peau\u2022 Acide Hyaluronique d\u2019origine v\u00e9g\u00e9tale\u2022 Huile essentielle de Bois de H\u00f4\u2022 Vitamine E d\u2019origine v\u00e9g\u00e9tale\u2022 Huile d\u2019Argan bio\u2022 Eau Thermale de Gamarde<\/p>","protected":false},"featured_media":12348,"comment_status":"open","ping_status":"closed","template":"","meta":[],"product_cat":[83],"product_tag":[],"yith_product_brand":[159],"class_list":{"0":"post-12320","1":"product","2":"type-product","3":"status-publish","4":"has-post-thumbnail","6":"product_cat-soins-visage","7":"yith_product_brand-gamarde","9":"first","10":"instock","11":"sale","12":"shipping-taxable","13":"purchasable","14":"product-type-simple"},"_links":{"self":[{"href":"https:\/\/parapharmacieenligne.ma\/en\/wp-json\/wp\/v2\/product\/12320","targetHints":{"allow":["GET"]}}],"collection":[{"href":"https:\/\/parapharmacieenligne.ma\/en\/wp-json\/wp\/v2\/product"}],"about":[{"href":"https:\/\/parapharmacieenligne.ma\/en\/wp-json\/wp\/v2\/types\/product"}],"replies":[{"embeddable":true,"href":"https:\/\/parapharmacieenligne.ma\/en\/wp-json\/wp\/v2\/comments?post=12320"}],"version-history":[{"count":1,"href":"https:\/\/parapharmacieenligne.ma\/en\/wp-json\/wp\/v2\/product\/12320\/revisions"}],"predecessor-version":[{"id":12349,"href":"https:\/\/parapharmacieenligne.ma\/en\/wp-json\/wp\/v2\/product\/12320\/revisions\/12349"}],"wp:featuredmedia":[{"embeddable":true,"href":"https:\/\/parapharmacieenligne.ma\/en\/wp-json\/wp\/v2\/media\/12348"}],"wp:attachment":[{"href":"https:\/\/parapharmacieenligne.ma\/en\/wp-json\/wp\/v2\/media?parent=12320"}],"wp:term":[{"taxonomy":"product_cat","embeddable":true,"href":"https:\/\/parapharmacieenligne.ma\/en\/wp-json\/wp\/v2\/product_cat?post=12320"},{"taxonomy":"product_tag","embeddable":true,"href":"https:\/\/parapharmacieenligne.ma\/en\/wp-json\/wp\/v2\/product_tag?post=12320"},{"taxonomy":"yith_product_brand","embeddable":true,"href":"https:\/\/parapharmacieenligne.ma\/en\/wp-json\/wp\/v2\/yith_product_brand?post=12320"}],"curies":[{"name":"wp","href":"https:\/\/api.w.org\/{rel}","templated":true}]}}