{"id":12321,"date":"2026-01-28T17:41:34","date_gmt":"2026-01-28T16:41:34","guid":{"rendered":"https:\/\/parapharmacieenligne.ma\/?post_type=product&#038;p=12321"},"modified":"2026-01-28T17:43:26","modified_gmt":"2026-01-28T16:43:26","slug":"gamarde-elixir-serum-hydratant-30ml","status":"publish","type":"product","link":"https:\/\/parapharmacieenligne.ma\/en\/product\/gamarde-elixir-serum-hydratant-30ml\/","title":{"rendered":"Gamarde Elixir Serum Hydratant 30ml"},"content":{"rendered":"<div aria-labelledby=\"tab-title-description\" class=\"woocommerce-Tabs-panel woocommerce-Tabs-panel--description panel entry-content wc-tab\" id=\"tab-description\" role=\"tabpanel\" style=\"\">\n<h2>Description<\/h2>\n<div class=\"re_wooinner_title_compact flowhidden\"><strong class=\"product-short-desc\">S\u00e9rum aqueux visage booster d\u2019hydratation<\/strong><\/div>\n<div class=\"clear\"><\/div>\n<p>Appliqu\u00e9 seul, cet \u00e9lixir est l\u2019hydratant le plus doux, il laisse la peau soyeuse. Associ\u00e9 aux autres produits de la gamme Hydratation Active, c\u2019est un v\u00e9ritable booster d\u2019hydratation. Il optimise la pr\u00e9paration : la peau est hydrat\u00e9e et d\u00e9salt\u00e9r\u00e9e pour un confort instantan\u00e9. Contient de l\u2019Acide Hyaluronique d\u2019origine v\u00e9g\u00e9tale aux propri\u00e9t\u00e9s hydratantes et de l\u2019Aloe Vera aux propri\u00e9t\u00e9s apaisantes.<\/p>\n<\/p><\/div>","protected":false},"excerpt":{"rendered":"<p>Highlights:Booster d\u2019hydratation \u2013 AdoucitPremier soin avant la cr\u00e8me dejour et\/ou de nuit\u2022 Acide Hyaluronique d\u2019origine v\u00e9g\u00e9tale\u2022 Extrait d\u2019Aloe Vera bio\u2022 Huile de Noisette bio\u2022 Eau Thermale de Gamarde<\/p>","protected":false},"featured_media":12350,"comment_status":"open","ping_status":"closed","template":"","meta":[],"product_cat":[83],"product_tag":[],"yith_product_brand":[159],"class_list":{"0":"post-12321","1":"product","2":"type-product","3":"status-publish","4":"has-post-thumbnail","6":"product_cat-soins-visage","7":"yith_product_brand-gamarde","9":"first","10":"instock","11":"sale","12":"shipping-taxable","13":"purchasable","14":"product-type-simple"},"_links":{"self":[{"href":"https:\/\/parapharmacieenligne.ma\/en\/wp-json\/wp\/v2\/product\/12321","targetHints":{"allow":["GET"]}}],"collection":[{"href":"https:\/\/parapharmacieenligne.ma\/en\/wp-json\/wp\/v2\/product"}],"about":[{"href":"https:\/\/parapharmacieenligne.ma\/en\/wp-json\/wp\/v2\/types\/product"}],"replies":[{"embeddable":true,"href":"https:\/\/parapharmacieenligne.ma\/en\/wp-json\/wp\/v2\/comments?post=12321"}],"version-history":[{"count":1,"href":"https:\/\/parapharmacieenligne.ma\/en\/wp-json\/wp\/v2\/product\/12321\/revisions"}],"predecessor-version":[{"id":12351,"href":"https:\/\/parapharmacieenligne.ma\/en\/wp-json\/wp\/v2\/product\/12321\/revisions\/12351"}],"wp:featuredmedia":[{"embeddable":true,"href":"https:\/\/parapharmacieenligne.ma\/en\/wp-json\/wp\/v2\/media\/12350"}],"wp:attachment":[{"href":"https:\/\/parapharmacieenligne.ma\/en\/wp-json\/wp\/v2\/media?parent=12321"}],"wp:term":[{"taxonomy":"product_cat","embeddable":true,"href":"https:\/\/parapharmacieenligne.ma\/en\/wp-json\/wp\/v2\/product_cat?post=12321"},{"taxonomy":"product_tag","embeddable":true,"href":"https:\/\/parapharmacieenligne.ma\/en\/wp-json\/wp\/v2\/product_tag?post=12321"},{"taxonomy":"yith_product_brand","embeddable":true,"href":"https:\/\/parapharmacieenligne.ma\/en\/wp-json\/wp\/v2\/yith_product_brand?post=12321"}],"curies":[{"name":"wp","href":"https:\/\/api.w.org\/{rel}","templated":true}]}}