{"id":12367,"date":"2026-01-28T18:46:33","date_gmt":"2026-01-28T17:46:33","guid":{"rendered":"https:\/\/parapharmacieenligne.ma\/?post_type=product&#038;p=12367"},"modified":"2026-01-28T18:46:57","modified_gmt":"2026-01-28T17:46:57","slug":"racine-vita-savon-a-la-poudre-de-perle-vitamine-e-80g","status":"publish","type":"product","link":"https:\/\/parapharmacieenligne.ma\/en\/product\/racine-vita-savon-a-la-poudre-de-perle-vitamine-e-80g\/","title":{"rendered":"Racine Vita Savon A la poudre de perle Vitamine E 80g"},"content":{"rendered":"<div aria-labelledby=\"tab-title-description\" class=\"woocommerce-Tabs-panel woocommerce-Tabs-panel--description panel entry-content wc-tab\" id=\"tab-description\" role=\"tabpanel\" style=\"\">\n<h2>Description<\/h2>\n<\/p>\n<p>Tr\u00e8s riche en min\u00e9raux, acides amines, calcium et vitamine, le savon \u00e9claircissant a la poudre de perle,<\/p>\n<p>est un savon doux et cr\u00e9meux, dot\u00e9 d\u2019effet nettoyant et \u00e9claircissant.<\/p>\n<p>Il nettoie en douceur la peau, \u00e9claircit le visage et le corps, \u00e9limine les impuret\u00e9s et rend votre peau \u00e9clatante et lumineuse.<\/p>\n<p>En utilisation r\u00e9guli\u00e8re, votre peau devient plus clair, unifie et soyeuse, il est adapt\u00e9 a tous types de peaux.<\/p>\n<\/p><\/div>","protected":false},"excerpt":{"rendered":"<p>Highlights:Racine-Vita Savon \u00c9claircissant \u00e0 La Poudre de Perle et Vitamine E 80G<\/p>","protected":false},"featured_media":12399,"comment_status":"open","ping_status":"closed","template":"","meta":[],"product_cat":[83],"product_tag":[],"yith_product_brand":[160],"class_list":{"0":"post-12367","1":"product","2":"type-product","3":"status-publish","4":"has-post-thumbnail","6":"product_cat-soins-visage","7":"yith_product_brand-racine-vita","9":"first","10":"instock","11":"sale","12":"shipping-taxable","13":"purchasable","14":"product-type-simple"},"_links":{"self":[{"href":"https:\/\/parapharmacieenligne.ma\/en\/wp-json\/wp\/v2\/product\/12367","targetHints":{"allow":["GET"]}}],"collection":[{"href":"https:\/\/parapharmacieenligne.ma\/en\/wp-json\/wp\/v2\/product"}],"about":[{"href":"https:\/\/parapharmacieenligne.ma\/en\/wp-json\/wp\/v2\/types\/product"}],"replies":[{"embeddable":true,"href":"https:\/\/parapharmacieenligne.ma\/en\/wp-json\/wp\/v2\/comments?post=12367"}],"version-history":[{"count":1,"href":"https:\/\/parapharmacieenligne.ma\/en\/wp-json\/wp\/v2\/product\/12367\/revisions"}],"predecessor-version":[{"id":12400,"href":"https:\/\/parapharmacieenligne.ma\/en\/wp-json\/wp\/v2\/product\/12367\/revisions\/12400"}],"wp:featuredmedia":[{"embeddable":true,"href":"https:\/\/parapharmacieenligne.ma\/en\/wp-json\/wp\/v2\/media\/12399"}],"wp:attachment":[{"href":"https:\/\/parapharmacieenligne.ma\/en\/wp-json\/wp\/v2\/media?parent=12367"}],"wp:term":[{"taxonomy":"product_cat","embeddable":true,"href":"https:\/\/parapharmacieenligne.ma\/en\/wp-json\/wp\/v2\/product_cat?post=12367"},{"taxonomy":"product_tag","embeddable":true,"href":"https:\/\/parapharmacieenligne.ma\/en\/wp-json\/wp\/v2\/product_tag?post=12367"},{"taxonomy":"yith_product_brand","embeddable":true,"href":"https:\/\/parapharmacieenligne.ma\/en\/wp-json\/wp\/v2\/yith_product_brand?post=12367"}],"curies":[{"name":"wp","href":"https:\/\/api.w.org\/{rel}","templated":true}]}}