{"id":12375,"date":"2026-01-28T18:46:35","date_gmt":"2026-01-28T17:46:35","guid":{"rendered":"https:\/\/parapharmacieenligne.ma\/?post_type=product&#038;p=12375"},"modified":"2026-01-28T18:47:24","modified_gmt":"2026-01-28T17:47:24","slug":"racine-vita-serum-extra-lissant-35ml-serum-argan-35-ml-offert","status":"publish","type":"product","link":"https:\/\/parapharmacieenligne.ma\/en\/product\/racine-vita-serum-extra-lissant-35ml-serum-argan-35-ml-offert\/","title":{"rendered":"RACINE VITA Serum Extra Lissant 35ml + Serum Argan 35 ml OFFERT"},"content":{"rendered":"<div aria-labelledby=\"tab-title-description\" class=\"woocommerce-Tabs-panel woocommerce-Tabs-panel--description panel entry-content wc-tab\" id=\"tab-description\" role=\"tabpanel\" style=\"\">\n<h2>Description<\/h2>\n<p><span style=\"color: #000000;\">Le S\u00e9rum Extra Lissant Racine-Vita \u00e0 base de la k\u00e9ratine et \u00e0 l\u2019Huile de Coco, apporte une hydratation et un soin complet \u00e0 vos cheveux.<\/span><\/p>\n<p><strong><span style=\"color: #000000;\">conseils d\u2019utilisation:<\/span><\/strong><\/p>\n<p><span style=\"color: #000000;\">appliquer une goutte de serum extra lissant racine vita sur les longeurs et les pointes, sur des cheveux humides (essor\u00e9s apres la douche) ou secs<\/span><\/p>\n<p><span style=\"color: #000000;\">ne pas rincer<\/span><\/p>\n<\/p><\/div>","protected":false},"excerpt":{"rendered":"<p>Highlights:COMPL\u00c9MENT ID\u00c9AL DES SOINS ANTI-CHUTE.UN BAIN D\u2019\u00c9NERGIE, V\u00c9RITABLE SOURCE DE BEAUT\u00c9 ET DE VIGUEUR, DESTIN\u00c9 AUX CHEVEUX FINS, FRAGILES ET SANS VOLUME.<\/p>","protected":false},"featured_media":12420,"comment_status":"open","ping_status":"closed","template":"","meta":[],"product_cat":[84],"product_tag":[],"yith_product_brand":[160],"class_list":{"0":"post-12375","1":"product","2":"type-product","3":"status-publish","4":"has-post-thumbnail","6":"product_cat-soins-cheveux","7":"yith_product_brand-racine-vita","9":"first","10":"instock","11":"sale","12":"shipping-taxable","13":"purchasable","14":"product-type-simple"},"_links":{"self":[{"href":"https:\/\/parapharmacieenligne.ma\/en\/wp-json\/wp\/v2\/product\/12375","targetHints":{"allow":["GET"]}}],"collection":[{"href":"https:\/\/parapharmacieenligne.ma\/en\/wp-json\/wp\/v2\/product"}],"about":[{"href":"https:\/\/parapharmacieenligne.ma\/en\/wp-json\/wp\/v2\/types\/product"}],"replies":[{"embeddable":true,"href":"https:\/\/parapharmacieenligne.ma\/en\/wp-json\/wp\/v2\/comments?post=12375"}],"version-history":[{"count":1,"href":"https:\/\/parapharmacieenligne.ma\/en\/wp-json\/wp\/v2\/product\/12375\/revisions"}],"predecessor-version":[{"id":12421,"href":"https:\/\/parapharmacieenligne.ma\/en\/wp-json\/wp\/v2\/product\/12375\/revisions\/12421"}],"wp:featuredmedia":[{"embeddable":true,"href":"https:\/\/parapharmacieenligne.ma\/en\/wp-json\/wp\/v2\/media\/12420"}],"wp:attachment":[{"href":"https:\/\/parapharmacieenligne.ma\/en\/wp-json\/wp\/v2\/media?parent=12375"}],"wp:term":[{"taxonomy":"product_cat","embeddable":true,"href":"https:\/\/parapharmacieenligne.ma\/en\/wp-json\/wp\/v2\/product_cat?post=12375"},{"taxonomy":"product_tag","embeddable":true,"href":"https:\/\/parapharmacieenligne.ma\/en\/wp-json\/wp\/v2\/product_tag?post=12375"},{"taxonomy":"yith_product_brand","embeddable":true,"href":"https:\/\/parapharmacieenligne.ma\/en\/wp-json\/wp\/v2\/yith_product_brand?post=12375"}],"curies":[{"name":"wp","href":"https:\/\/api.w.org\/{rel}","templated":true}]}}