{"id":12379,"date":"2026-01-28T18:46:40","date_gmt":"2026-01-28T17:46:40","guid":{"rendered":"https:\/\/parapharmacieenligne.ma\/?post_type=product&#038;p=12379"},"modified":"2026-01-28T18:47:44","modified_gmt":"2026-01-28T17:47:44","slug":"racine-vita-serum-intensif-contour-des-yeux-10ml","status":"publish","type":"product","link":"https:\/\/parapharmacieenligne.ma\/en\/product\/racine-vita-serum-intensif-contour-des-yeux-10ml\/","title":{"rendered":"Racine vita serum intensif contour des yeux 10ml"},"content":{"rendered":"<div aria-labelledby=\"tab-title-description\" class=\"woocommerce-Tabs-panel woocommerce-Tabs-panel--description panel entry-content wc-tab\" id=\"tab-description\" role=\"tabpanel\" style=\"\">\n<h2>Description<\/h2>\n<p>S\u00c9RUM INTENSIF CONTOUR YEUX A BASE DE L\u2019ACIDE HYALURONIQUE- R\u00c9TINOL- PRO-VITAMINE B5-VITAMINE C et E<\/p>\n<p>triple action soin contour yeux anti rides et ridules, hydratation speciale peau s\u00e9che<\/p>\n<\/p><\/div>","protected":false},"excerpt":{"rendered":"<p>Highlights:\u2022 EXFOLIE, contient des microbilles de cellulose et de cire de jojoba.\u2022 PURIFIEgr\u00e2ce \u00e0 son effet peeling.\u2022 APAISEgr\u00e2ce aux propri\u00e9t\u00e9s de l\u2019Eau thermale d\u2019Av\u00e8ne.<\/p>","protected":false},"featured_media":12437,"comment_status":"open","ping_status":"closed","template":"","meta":[],"product_cat":[83],"product_tag":[],"yith_product_brand":[160],"class_list":{"0":"post-12379","1":"product","2":"type-product","3":"status-publish","4":"has-post-thumbnail","6":"product_cat-soins-visage","7":"yith_product_brand-racine-vita","9":"first","10":"instock","11":"sale","12":"shipping-taxable","13":"purchasable","14":"product-type-simple"},"_links":{"self":[{"href":"https:\/\/parapharmacieenligne.ma\/en\/wp-json\/wp\/v2\/product\/12379","targetHints":{"allow":["GET"]}}],"collection":[{"href":"https:\/\/parapharmacieenligne.ma\/en\/wp-json\/wp\/v2\/product"}],"about":[{"href":"https:\/\/parapharmacieenligne.ma\/en\/wp-json\/wp\/v2\/types\/product"}],"replies":[{"embeddable":true,"href":"https:\/\/parapharmacieenligne.ma\/en\/wp-json\/wp\/v2\/comments?post=12379"}],"version-history":[{"count":1,"href":"https:\/\/parapharmacieenligne.ma\/en\/wp-json\/wp\/v2\/product\/12379\/revisions"}],"predecessor-version":[{"id":12438,"href":"https:\/\/parapharmacieenligne.ma\/en\/wp-json\/wp\/v2\/product\/12379\/revisions\/12438"}],"wp:featuredmedia":[{"embeddable":true,"href":"https:\/\/parapharmacieenligne.ma\/en\/wp-json\/wp\/v2\/media\/12437"}],"wp:attachment":[{"href":"https:\/\/parapharmacieenligne.ma\/en\/wp-json\/wp\/v2\/media?parent=12379"}],"wp:term":[{"taxonomy":"product_cat","embeddable":true,"href":"https:\/\/parapharmacieenligne.ma\/en\/wp-json\/wp\/v2\/product_cat?post=12379"},{"taxonomy":"product_tag","embeddable":true,"href":"https:\/\/parapharmacieenligne.ma\/en\/wp-json\/wp\/v2\/product_tag?post=12379"},{"taxonomy":"yith_product_brand","embeddable":true,"href":"https:\/\/parapharmacieenligne.ma\/en\/wp-json\/wp\/v2\/yith_product_brand?post=12379"}],"curies":[{"name":"wp","href":"https:\/\/api.w.org\/{rel}","templated":true}]}}