{"id":12389,"date":"2026-01-28T18:46:42","date_gmt":"2026-01-28T17:46:42","guid":{"rendered":"https:\/\/parapharmacieenligne.ma\/?post_type=product&#038;p=12389"},"modified":"2026-01-28T18:48:25","modified_gmt":"2026-01-28T17:48:25","slug":"racine-vita-shampoing-sans-sulfat-420ml","status":"publish","type":"product","link":"https:\/\/parapharmacieenligne.ma\/en\/product\/racine-vita-shampoing-sans-sulfat-420ml\/","title":{"rendered":"RACINE VITA SHAMPOING SANS SULFAT 420ML"},"content":{"rendered":"<div aria-labelledby=\"tab-title-description\" class=\"woocommerce-Tabs-panel woocommerce-Tabs-panel--description panel entry-content wc-tab\" id=\"tab-description\" role=\"tabpanel\" style=\"\">\n<h2>Description<\/h2>\n<ul>\n<li>shampooing sans sulfate pour cheveux normaux \u00e0 secs<\/li>\n<li>sans sulfate<\/li>\n<li>sans silicone<\/li>\n<li>sans parab\u00e8ne<\/li>\n<li>sans colorant<\/li>\n<li>douceur et l\u00e9g\u00e8ret\u00e9<\/li>\n<\/ul><\/div>","protected":false},"excerpt":{"rendered":"<p>Highlights:La coloration BioKap Nutricolor, votre partenaire pour la beaut\u00e9 et la coloration des cheveux. Sa formulation exclusive en ingr\u00e9dients v\u00e9g\u00e9taux nourrit et r\u00e9pare les cheveux pendant la coloration. BioKap Nutricolor couvre parfaitement les cheveux blancs et est tr\u00e8s bien tol\u00e9r\u00e9e.<\/p>","protected":false},"featured_media":12464,"comment_status":"open","ping_status":"closed","template":"","meta":[],"product_cat":[84],"product_tag":[],"yith_product_brand":[160],"class_list":{"0":"post-12389","1":"product","2":"type-product","3":"status-publish","4":"has-post-thumbnail","6":"product_cat-soins-cheveux","7":"yith_product_brand-racine-vita","9":"first","10":"instock","11":"sale","12":"shipping-taxable","13":"purchasable","14":"product-type-simple"},"_links":{"self":[{"href":"https:\/\/parapharmacieenligne.ma\/en\/wp-json\/wp\/v2\/product\/12389","targetHints":{"allow":["GET"]}}],"collection":[{"href":"https:\/\/parapharmacieenligne.ma\/en\/wp-json\/wp\/v2\/product"}],"about":[{"href":"https:\/\/parapharmacieenligne.ma\/en\/wp-json\/wp\/v2\/types\/product"}],"replies":[{"embeddable":true,"href":"https:\/\/parapharmacieenligne.ma\/en\/wp-json\/wp\/v2\/comments?post=12389"}],"version-history":[{"count":1,"href":"https:\/\/parapharmacieenligne.ma\/en\/wp-json\/wp\/v2\/product\/12389\/revisions"}],"predecessor-version":[{"id":12465,"href":"https:\/\/parapharmacieenligne.ma\/en\/wp-json\/wp\/v2\/product\/12389\/revisions\/12465"}],"wp:featuredmedia":[{"embeddable":true,"href":"https:\/\/parapharmacieenligne.ma\/en\/wp-json\/wp\/v2\/media\/12464"}],"wp:attachment":[{"href":"https:\/\/parapharmacieenligne.ma\/en\/wp-json\/wp\/v2\/media?parent=12389"}],"wp:term":[{"taxonomy":"product_cat","embeddable":true,"href":"https:\/\/parapharmacieenligne.ma\/en\/wp-json\/wp\/v2\/product_cat?post=12389"},{"taxonomy":"product_tag","embeddable":true,"href":"https:\/\/parapharmacieenligne.ma\/en\/wp-json\/wp\/v2\/product_tag?post=12389"},{"taxonomy":"yith_product_brand","embeddable":true,"href":"https:\/\/parapharmacieenligne.ma\/en\/wp-json\/wp\/v2\/yith_product_brand?post=12389"}],"curies":[{"name":"wp","href":"https:\/\/api.w.org\/{rel}","templated":true}]}}