{"id":12390,"date":"2026-01-28T18:46:43","date_gmt":"2026-01-28T17:46:43","guid":{"rendered":"https:\/\/parapharmacieenligne.ma\/?post_type=product&#038;p=12390"},"modified":"2026-01-28T18:48:28","modified_gmt":"2026-01-28T17:48:28","slug":"racine-vita-vitamine-e-10-ml","status":"publish","type":"product","link":"https:\/\/parapharmacieenligne.ma\/en\/product\/racine-vita-vitamine-e-10-ml\/","title":{"rendered":"Racine-Vita Vitamine E \u2013 10 ml"},"content":{"rendered":"<div aria-labelledby=\"tab-title-description\" class=\"woocommerce-Tabs-panel woocommerce-Tabs-panel--description panel entry-content wc-tab\" id=\"tab-description\" role=\"tabpanel\" style=\"\">\n<h2>Description<\/h2>\n<p>Description<br \/>\n La Vitamine E (ou Tocoph\u00e9rol) est une vitamine liposoluble (soluble dans les huiles mais pas dans l\u2019eau).<br \/>\n Reconnue pour ses propri\u00e9t\u00e9s antioxydantes et son action protectrice des membranes cellulaires, elle est utilis\u00e9e pour conserver les pr\u00e9parations \u00e0 forte teneur en huiles car elle \u00e9vite leur rancissement.<br \/>\n La vitamine E est \u00e9galement reconnue pour ses propri\u00e9t\u00e9s hydratantes et pour son action sur la microcirculation cutan\u00e9e.<br \/>\n Elle assure donc un r\u00f4le \u00e0 la fois de conservateur et d\u2019agent d\u2019entretien de la peau. 100% naturelle.<br \/>\n -antioxydant assure un r\u00f4le de conservateur au niveau des pr\u00e9parations , et prot\u00e8ge les huiles et beurres du rancissement .<br \/>\n -Un excellent actif anti-\u00e2ge , particuli\u00e8rement recommand\u00e9 pour les peaux s\u00e8ches et natures<br \/>\n -Bloque l\u2019action des radiaux libres sur la peau .<br \/>\n -Am\u00e9liore la microcirculation cutan\u00e9e<br \/>\n -Aide \u00e0 maintenir l\u2019\u00e9lasticit\u00e9 et l\u2019hydratation de la peau en renfor\u00e7ant le film hydrolipidique cutan\u00e9.<br \/>\n -Activit\u00e9 anti-inflammatoire sur la peau, (utile en cas de coups de soleil, \u2026)<\/p>\n<\/p><\/div>","protected":false},"excerpt":{"rendered":"<p>Highlights:Tr\u00e8s connu pour ses qualit\u00e9s anti oxydantes, elle prot\u00e8ge la peau de l\u2019agression ext\u00e9rieure, freine le vieillissement cutan\u00e9, et aide la peau \u00e0 rester aussi souple et lisse que possible.<\/p>","protected":false},"featured_media":12466,"comment_status":"open","ping_status":"closed","template":"","meta":[],"product_cat":[83],"product_tag":[],"yith_product_brand":[160],"class_list":{"0":"post-12390","1":"product","2":"type-product","3":"status-publish","4":"has-post-thumbnail","6":"product_cat-soins-visage","7":"yith_product_brand-racine-vita","9":"first","10":"instock","11":"sale","12":"shipping-taxable","13":"purchasable","14":"product-type-simple"},"_links":{"self":[{"href":"https:\/\/parapharmacieenligne.ma\/en\/wp-json\/wp\/v2\/product\/12390","targetHints":{"allow":["GET"]}}],"collection":[{"href":"https:\/\/parapharmacieenligne.ma\/en\/wp-json\/wp\/v2\/product"}],"about":[{"href":"https:\/\/parapharmacieenligne.ma\/en\/wp-json\/wp\/v2\/types\/product"}],"replies":[{"embeddable":true,"href":"https:\/\/parapharmacieenligne.ma\/en\/wp-json\/wp\/v2\/comments?post=12390"}],"version-history":[{"count":1,"href":"https:\/\/parapharmacieenligne.ma\/en\/wp-json\/wp\/v2\/product\/12390\/revisions"}],"predecessor-version":[{"id":12467,"href":"https:\/\/parapharmacieenligne.ma\/en\/wp-json\/wp\/v2\/product\/12390\/revisions\/12467"}],"wp:featuredmedia":[{"embeddable":true,"href":"https:\/\/parapharmacieenligne.ma\/en\/wp-json\/wp\/v2\/media\/12466"}],"wp:attachment":[{"href":"https:\/\/parapharmacieenligne.ma\/en\/wp-json\/wp\/v2\/media?parent=12390"}],"wp:term":[{"taxonomy":"product_cat","embeddable":true,"href":"https:\/\/parapharmacieenligne.ma\/en\/wp-json\/wp\/v2\/product_cat?post=12390"},{"taxonomy":"product_tag","embeddable":true,"href":"https:\/\/parapharmacieenligne.ma\/en\/wp-json\/wp\/v2\/product_tag?post=12390"},{"taxonomy":"yith_product_brand","embeddable":true,"href":"https:\/\/parapharmacieenligne.ma\/en\/wp-json\/wp\/v2\/yith_product_brand?post=12390"}],"curies":[{"name":"wp","href":"https:\/\/api.w.org\/{rel}","templated":true}]}}