{"id":12405,"date":"2026-01-28T18:47:09","date_gmt":"2026-01-28T17:47:09","guid":{"rendered":"https:\/\/parapharmacieenligne.ma\/?post_type=product&#038;p=12405"},"modified":"2026-01-28T18:48:52","modified_gmt":"2026-01-28T17:48:52","slug":"racine-vita-vitamine-c-creme-eclat-50-ml","status":"publish","type":"product","link":"https:\/\/parapharmacieenligne.ma\/en\/product\/racine-vita-vitamine-c-creme-eclat-50-ml\/","title":{"rendered":"Racine-Vita Vitamine C Cr\u00e9me Eclat \u2013 50 ml"},"content":{"rendered":"<div aria-labelledby=\"tab-title-description\" class=\"woocommerce-Tabs-panel woocommerce-Tabs-panel--description panel entry-content wc-tab\" id=\"tab-description\" role=\"tabpanel\" style=\"\">\n<h2>Description<\/h2>\n<p>Description<br \/>\n \u2013 Cr\u00e8me d\u2019\u00e9clat racine vita l\u00e9g\u00e8re et fondante offre un v\u00e9ritable effet \u00e9clat, bon mine et jeunesse a votre peau<br \/>\n \u2013 Id\u00e9ale pour traiter le teint irr\u00e9gulier et la perte d\u2019\u00e9clat de la peau.<br \/>\n \u2013 Hydrate, illumine imm\u00e9diatement la peau et r\u00e9v\u00e8le l\u2019\u00e9clat du teint.<br \/>\n Regarde les effets du vieillissement en stimulant la production de collag\u00e8ne et le renouvellement cellulaire pour un effet \u00ab peau neuve \u00bb<br \/>\n \u2013 Pr\u00e9vient l\u2019apparition de taches brunes<br \/>\n \u2013 Concentr\u00e9e en antioxydants qui contribuent \u00e0 pr\u00e9venir des m\u00e9faits des radicaux libres, stress et pollution<br \/>\n \u2013 Lisse la peau et estompe visiblement les rides et ridules<\/p>\n<\/p><\/div>","protected":false},"excerpt":{"rendered":"<p>Highlights:Cr\u00e8me d\u2019\u00e9clat Racine-Vita l\u00e9g\u00e8re et fondante offre un v\u00e9ritable effet \u00e9clat, bon mine et jeunesse \u00e0 votre peau.<\/p>","protected":false},"featured_media":12482,"comment_status":"open","ping_status":"closed","template":"","meta":[],"product_cat":[83],"product_tag":[],"yith_product_brand":[160],"class_list":{"0":"post-12405","1":"product","2":"type-product","3":"status-publish","4":"has-post-thumbnail","6":"product_cat-soins-visage","7":"yith_product_brand-racine-vita","9":"first","10":"instock","11":"sale","12":"shipping-taxable","13":"purchasable","14":"product-type-simple"},"_links":{"self":[{"href":"https:\/\/parapharmacieenligne.ma\/en\/wp-json\/wp\/v2\/product\/12405","targetHints":{"allow":["GET"]}}],"collection":[{"href":"https:\/\/parapharmacieenligne.ma\/en\/wp-json\/wp\/v2\/product"}],"about":[{"href":"https:\/\/parapharmacieenligne.ma\/en\/wp-json\/wp\/v2\/types\/product"}],"replies":[{"embeddable":true,"href":"https:\/\/parapharmacieenligne.ma\/en\/wp-json\/wp\/v2\/comments?post=12405"}],"version-history":[{"count":1,"href":"https:\/\/parapharmacieenligne.ma\/en\/wp-json\/wp\/v2\/product\/12405\/revisions"}],"predecessor-version":[{"id":12483,"href":"https:\/\/parapharmacieenligne.ma\/en\/wp-json\/wp\/v2\/product\/12405\/revisions\/12483"}],"wp:featuredmedia":[{"embeddable":true,"href":"https:\/\/parapharmacieenligne.ma\/en\/wp-json\/wp\/v2\/media\/12482"}],"wp:attachment":[{"href":"https:\/\/parapharmacieenligne.ma\/en\/wp-json\/wp\/v2\/media?parent=12405"}],"wp:term":[{"taxonomy":"product_cat","embeddable":true,"href":"https:\/\/parapharmacieenligne.ma\/en\/wp-json\/wp\/v2\/product_cat?post=12405"},{"taxonomy":"product_tag","embeddable":true,"href":"https:\/\/parapharmacieenligne.ma\/en\/wp-json\/wp\/v2\/product_tag?post=12405"},{"taxonomy":"yith_product_brand","embeddable":true,"href":"https:\/\/parapharmacieenligne.ma\/en\/wp-json\/wp\/v2\/yith_product_brand?post=12405"}],"curies":[{"name":"wp","href":"https:\/\/api.w.org\/{rel}","templated":true}]}}