{"id":12409,"date":"2026-01-28T18:47:10","date_gmt":"2026-01-28T17:47:10","guid":{"rendered":"https:\/\/parapharmacieenligne.ma\/?post_type=product&#038;p=12409"},"modified":"2026-01-28T18:49:18","modified_gmt":"2026-01-28T17:49:18","slug":"racine-vita-pure-vaseline-a-la-vitamine-e","status":"publish","type":"product","link":"https:\/\/parapharmacieenligne.ma\/en\/product\/racine-vita-pure-vaseline-a-la-vitamine-e\/","title":{"rendered":"RACINE VITA PURE VASELINE A LA VITAMINE E"},"content":{"rendered":"<div aria-labelledby=\"tab-title-description\" class=\"woocommerce-Tabs-panel woocommerce-Tabs-panel--description panel entry-content wc-tab\" id=\"tab-description\" role=\"tabpanel\" style=\"\">\n<h2>Description<\/h2>\n<div class=\"container_9 clearfix\" id=\"page\">\n<div class=\"grid_9 alpha omega clearfix\" id=\"columns\">\n<div id=\"center_column\">\n<div id=\"category_produit\">\n<div class=\"clear\" id=\"more_info_block\">\n<div class=\"sheets align_justify\" id=\"more_info_sheets\">\n<div class=\"rte\" id=\"idTab1\">\n<p>Pure vasline extra white a la vitamine E pour hydratation et protection (mains visage corps et levres)<\/p>\n<\/p><\/div>\n<\/p><\/div>\n<\/p><\/div>\n<\/p><\/div>\n<\/p><\/div>\n<div class=\"column grid_2 omega\" id=\"right_column\"><\/div>\n<\/p><\/div>\n<\/p><\/div>\n<div class=\"grid_9 alpha omega clearfix\" id=\"footer\">\n<div id=\"sous_footer\">\n<div class=\"block_various_links\" id=\"block_various_links_footer\"><\/div>\n<\/p><\/div>\n<\/p><\/div>\n<\/p>\n<\/p><\/div>","protected":false},"excerpt":{"rendered":"<p>Highlights:Hydrate la peau en continu et aide \u00e0 restaurer la barri\u00e8re protectrice de la peau.\u2022 Besoin :Hydrater | Nourrir | Peau s\u00e8che \u00e0 tr\u00e8s s\u00e8che | Peau sensible.\u2022 Ingr\u00e9dients Cl\u00e9s :C\u00e9ramides (1, 3 et 6-II) pour prot\u00e9ger et nourrir | Acide Hyaluronique pour maintenir la peau hydrat\u00e9e | Glyc\u00e9rine pour adoucir et prot\u00e9ger.\u2022S\u00e9curit\u00e9 :Sans Parfum | Hypoallerg\u00e9nique | Non-Com\u00e9dog\u00e8ne.\u2022 Utilisation :Appliquer aussi souvent que n\u00e9cessaire. Visage, corps et mains.Approuv\u00e9 par les membres de l\u2019Association Fran\u00e7aise de l\u2019Ecz\u00e9ma.<\/p>","protected":false},"featured_media":12497,"comment_status":"open","ping_status":"closed","template":"","meta":[],"product_cat":[85],"product_tag":[],"yith_product_brand":[160],"class_list":{"0":"post-12409","1":"product","2":"type-product","3":"status-publish","4":"has-post-thumbnail","6":"product_cat-soins-corps","7":"yith_product_brand-racine-vita","9":"first","10":"instock","11":"sale","12":"shipping-taxable","13":"purchasable","14":"product-type-simple"},"_links":{"self":[{"href":"https:\/\/parapharmacieenligne.ma\/en\/wp-json\/wp\/v2\/product\/12409","targetHints":{"allow":["GET"]}}],"collection":[{"href":"https:\/\/parapharmacieenligne.ma\/en\/wp-json\/wp\/v2\/product"}],"about":[{"href":"https:\/\/parapharmacieenligne.ma\/en\/wp-json\/wp\/v2\/types\/product"}],"replies":[{"embeddable":true,"href":"https:\/\/parapharmacieenligne.ma\/en\/wp-json\/wp\/v2\/comments?post=12409"}],"version-history":[{"count":1,"href":"https:\/\/parapharmacieenligne.ma\/en\/wp-json\/wp\/v2\/product\/12409\/revisions"}],"predecessor-version":[{"id":12498,"href":"https:\/\/parapharmacieenligne.ma\/en\/wp-json\/wp\/v2\/product\/12409\/revisions\/12498"}],"wp:featuredmedia":[{"embeddable":true,"href":"https:\/\/parapharmacieenligne.ma\/en\/wp-json\/wp\/v2\/media\/12497"}],"wp:attachment":[{"href":"https:\/\/parapharmacieenligne.ma\/en\/wp-json\/wp\/v2\/media?parent=12409"}],"wp:term":[{"taxonomy":"product_cat","embeddable":true,"href":"https:\/\/parapharmacieenligne.ma\/en\/wp-json\/wp\/v2\/product_cat?post=12409"},{"taxonomy":"product_tag","embeddable":true,"href":"https:\/\/parapharmacieenligne.ma\/en\/wp-json\/wp\/v2\/product_tag?post=12409"},{"taxonomy":"yith_product_brand","embeddable":true,"href":"https:\/\/parapharmacieenligne.ma\/en\/wp-json\/wp\/v2\/yith_product_brand?post=12409"}],"curies":[{"name":"wp","href":"https:\/\/api.w.org\/{rel}","templated":true}]}}