{"id":12428,"date":"2026-01-28T18:47:35","date_gmt":"2026-01-28T17:47:35","guid":{"rendered":"https:\/\/parapharmacieenligne.ma\/?post_type=product&#038;p=12428"},"modified":"2026-01-28T18:49:21","modified_gmt":"2026-01-28T17:49:21","slug":"racine-vita-huile-essentielle-de-romarin-10-ml","status":"publish","type":"product","link":"https:\/\/parapharmacieenligne.ma\/en\/product\/racine-vita-huile-essentielle-de-romarin-10-ml\/","title":{"rendered":"RACINE VITA HUILE ESSENTIELLE DE ROMARIN 10 ML"},"content":{"rendered":"<div aria-labelledby=\"tab-title-description\" class=\"woocommerce-Tabs-panel woocommerce-Tabs-panel--description panel entry-content wc-tab\" id=\"tab-description\" role=\"tabpanel\" style=\"\">\n<h2>Description<\/h2>\n<div class=\"container_9 clearfix\" id=\"page\">\n<div class=\"grid_9 alpha omega clearfix\" id=\"columns\">\n<div id=\"center_column\">\n<div id=\"category_produit\">\n<div class=\"clear\" id=\"more_info_block\">\n<div class=\"sheets align_justify\" id=\"more_info_sheets\">\n<div class=\"rte\" id=\"idTab1\">\n<div class=\"container_9 clearfix\" id=\"page\">\n<div class=\"grid_9 alpha omega clearfix\" id=\"columns\">\n<div id=\"center_column\">\n<div id=\"category_produit\">\n<div class=\"clear\" id=\"more_info_block\">\n<div class=\"sheets align_justify\" id=\"more_info_sheets\">\n<div class=\"rte\" id=\"idTab1\">\n<p>Le romarin (rosmarinus officinalis en latin ou romarin \u00e0 cin\u00e9ole) est un petit arbrisseau o\u00f9 poussent des feuilles lin\u00e9aires persistantes, \u00e0 bords parall\u00e8les, enroul\u00e9s sur le dessous. Ses fleurs sont bleues ou blanches. Le romarin fait partie de la famille des lamiac\u00e9es.<br \/>\n Le romarin pousse principalement sur les versants rocheux et dans la garrigue. En g\u00e9n\u00e9ral, cette plante pr\u00e9f\u00e8re les sols secs et les zones ensoleill\u00e9es. On peut la trouver en Afrique du sud mais aussi en Afrique du nord, dans le sud de la France et en Corse.<br \/>\n L\u2019obtention de l\u2019huile essentielle de romarin se fait \u00e0 partir de la distillation de ses sommit\u00e9s fleuries.<br \/>\n L\u2019huile essentielle de romarin est pratiquement incolore. Son odeur vivifiante varie selon les vari\u00e9t\u00e9s de romarin mais, g\u00e9n\u00e9ralement, elle est plut\u00f4t riche, aromatique, puissante et camphr\u00e9e.<br \/>\n L\u2019huile essentielle de romarin poss\u00e8de des vertus antibact\u00e9riennes, fongicides, anti catarrhales, antalgiques et expectorantes.<br \/>\n Elle est aussi antiride, antiseptique, digestive, aide-respiratoire et mucolytique. Elle tonifie les veines et les art\u00e8res et poss\u00e8de une action neuromusculaire et cardiotonique.<\/p>\n<\/p><\/div>\n<\/p><\/div>\n<\/p><\/div>\n<\/p><\/div>\n<\/p><\/div>\n<\/p><\/div>\n<\/p><\/div>\n<\/p><\/div>\n<\/p><\/div>\n<\/p><\/div>\n<\/p><\/div>\n<\/p><\/div>\n<\/p><\/div>\n<\/p><\/div>\n<\/p><\/div>","protected":false},"excerpt":{"rendered":"<p>Highlights:Suppl\u00e9ment vitaminique et min\u00e9ral, stimule la croissance et r\u00e9g\u00e9n\u00e9rescence des phan\u00e8res<\/p>","protected":false},"featured_media":12499,"comment_status":"open","ping_status":"closed","template":"","meta":[],"product_cat":[85],"product_tag":[],"yith_product_brand":[160],"class_list":{"0":"post-12428","1":"product","2":"type-product","3":"status-publish","4":"has-post-thumbnail","6":"product_cat-soins-corps","7":"yith_product_brand-racine-vita","9":"first","10":"instock","11":"sale","12":"shipping-taxable","13":"purchasable","14":"product-type-simple"},"_links":{"self":[{"href":"https:\/\/parapharmacieenligne.ma\/en\/wp-json\/wp\/v2\/product\/12428","targetHints":{"allow":["GET"]}}],"collection":[{"href":"https:\/\/parapharmacieenligne.ma\/en\/wp-json\/wp\/v2\/product"}],"about":[{"href":"https:\/\/parapharmacieenligne.ma\/en\/wp-json\/wp\/v2\/types\/product"}],"replies":[{"embeddable":true,"href":"https:\/\/parapharmacieenligne.ma\/en\/wp-json\/wp\/v2\/comments?post=12428"}],"version-history":[{"count":1,"href":"https:\/\/parapharmacieenligne.ma\/en\/wp-json\/wp\/v2\/product\/12428\/revisions"}],"predecessor-version":[{"id":12500,"href":"https:\/\/parapharmacieenligne.ma\/en\/wp-json\/wp\/v2\/product\/12428\/revisions\/12500"}],"wp:featuredmedia":[{"embeddable":true,"href":"https:\/\/parapharmacieenligne.ma\/en\/wp-json\/wp\/v2\/media\/12499"}],"wp:attachment":[{"href":"https:\/\/parapharmacieenligne.ma\/en\/wp-json\/wp\/v2\/media?parent=12428"}],"wp:term":[{"taxonomy":"product_cat","embeddable":true,"href":"https:\/\/parapharmacieenligne.ma\/en\/wp-json\/wp\/v2\/product_cat?post=12428"},{"taxonomy":"product_tag","embeddable":true,"href":"https:\/\/parapharmacieenligne.ma\/en\/wp-json\/wp\/v2\/product_tag?post=12428"},{"taxonomy":"yith_product_brand","embeddable":true,"href":"https:\/\/parapharmacieenligne.ma\/en\/wp-json\/wp\/v2\/yith_product_brand?post=12428"}],"curies":[{"name":"wp","href":"https:\/\/api.w.org\/{rel}","templated":true}]}}