{"id":12432,"date":"2026-01-28T18:47:37","date_gmt":"2026-01-28T17:47:37","guid":{"rendered":"https:\/\/parapharmacieenligne.ma\/?post_type=product&#038;p=12432"},"modified":"2026-01-28T18:49:32","modified_gmt":"2026-01-28T17:49:32","slug":"racine-vita-creme-hydratante-au-concombre","status":"publish","type":"product","link":"https:\/\/parapharmacieenligne.ma\/en\/product\/racine-vita-creme-hydratante-au-concombre\/","title":{"rendered":"RACINE VITA CR\u00c8ME HYDRATANTE AU CONCOMBRE"},"content":{"rendered":"<div aria-labelledby=\"tab-title-description\" class=\"woocommerce-Tabs-panel woocommerce-Tabs-panel--description panel entry-content wc-tab\" id=\"tab-description\" role=\"tabpanel\" style=\"\">\n<h2>Description<\/h2>\n<p>La Cr\u00e8me Hydratante Racine Vita au Concombre est un soin hydratant et \u00e9claircissant quotidien gr\u00e2ce \u00e0 l\u2019extrait de concombre,<br \/>\n connu pour ses propri\u00e9t\u00e9s calmantes tonifiantes et hydratantes. Riche en vitamines A, B, C et E<br \/>\n Sa texture l\u00e9g\u00e8re et non grasse p\u00e9n\u00e8tre rapidement et Rafra\u00eechie votre peau gr\u00e2ce \u00e0 ce soin riche en actifs<br \/>\n hydratants et min\u00e9raux, en apportant une sensation de confort et de fra\u00eecheur, pour une peau propre souple,<br \/>\n hydrat\u00e9e et lumineuse comme ressourc\u00e9e<br \/>\n <strong>Conseils d\u2019Utilisation : <\/strong><br \/>\n Appliquer la Cr\u00e8me Hydratante<br \/>\n Racine Vita au Concombre sur peau propre et s\u00e8che, matin et\/ou soir<br \/>\n sur le visage, le corps et les mains<br \/>\n A chaque application, la peau est hydrat\u00e9e, fra\u00eeche et confortable.<\/p>\n<\/p><\/div>","protected":false},"excerpt":{"rendered":"<p>Highlights:Cr\u00e8me de jour anti-taches<\/p>","protected":false},"featured_media":12507,"comment_status":"open","ping_status":"closed","template":"","meta":[],"product_cat":[83],"product_tag":[],"yith_product_brand":[160],"class_list":{"0":"post-12432","1":"product","2":"type-product","3":"status-publish","4":"has-post-thumbnail","6":"product_cat-soins-visage","7":"yith_product_brand-racine-vita","9":"first","10":"instock","11":"sale","12":"shipping-taxable","13":"purchasable","14":"product-type-simple"},"_links":{"self":[{"href":"https:\/\/parapharmacieenligne.ma\/en\/wp-json\/wp\/v2\/product\/12432","targetHints":{"allow":["GET"]}}],"collection":[{"href":"https:\/\/parapharmacieenligne.ma\/en\/wp-json\/wp\/v2\/product"}],"about":[{"href":"https:\/\/parapharmacieenligne.ma\/en\/wp-json\/wp\/v2\/types\/product"}],"replies":[{"embeddable":true,"href":"https:\/\/parapharmacieenligne.ma\/en\/wp-json\/wp\/v2\/comments?post=12432"}],"version-history":[{"count":1,"href":"https:\/\/parapharmacieenligne.ma\/en\/wp-json\/wp\/v2\/product\/12432\/revisions"}],"predecessor-version":[{"id":12508,"href":"https:\/\/parapharmacieenligne.ma\/en\/wp-json\/wp\/v2\/product\/12432\/revisions\/12508"}],"wp:featuredmedia":[{"embeddable":true,"href":"https:\/\/parapharmacieenligne.ma\/en\/wp-json\/wp\/v2\/media\/12507"}],"wp:attachment":[{"href":"https:\/\/parapharmacieenligne.ma\/en\/wp-json\/wp\/v2\/media?parent=12432"}],"wp:term":[{"taxonomy":"product_cat","embeddable":true,"href":"https:\/\/parapharmacieenligne.ma\/en\/wp-json\/wp\/v2\/product_cat?post=12432"},{"taxonomy":"product_tag","embeddable":true,"href":"https:\/\/parapharmacieenligne.ma\/en\/wp-json\/wp\/v2\/product_tag?post=12432"},{"taxonomy":"yith_product_brand","embeddable":true,"href":"https:\/\/parapharmacieenligne.ma\/en\/wp-json\/wp\/v2\/yith_product_brand?post=12432"}],"curies":[{"name":"wp","href":"https:\/\/api.w.org\/{rel}","templated":true}]}}