{"id":12434,"date":"2026-01-28T18:47:37","date_gmt":"2026-01-28T17:47:37","guid":{"rendered":"https:\/\/parapharmacieenligne.ma\/?post_type=product&#038;p=12434"},"modified":"2026-01-28T18:49:43","modified_gmt":"2026-01-28T17:49:43","slug":"racine-vita-argile-rouge-100g","status":"publish","type":"product","link":"https:\/\/parapharmacieenligne.ma\/en\/product\/racine-vita-argile-rouge-100g\/","title":{"rendered":"Racine Vita Argile Rouge 100g"},"content":{"rendered":"<div aria-labelledby=\"tab-title-description\" class=\"woocommerce-Tabs-panel woocommerce-Tabs-panel--description panel entry-content wc-tab\" id=\"tab-description\" role=\"tabpanel\" style=\"\">\n<h2>Description<\/h2>\n<p>Racine vita argile blanche masque-cataplasme multi-usage 100g<\/p>\n<p>l\u2019argile surfine poss\u00e8de d\u2019innombrables vertus, elle est tout \u00e0 la fois remin\u00e9ralisante r\u00e9g\u00e9n\u00e9rante, cicatrisante, antiseptique, absorbante.<br \/>\n _Elle adoucit nettoie et purifie la peau.<br \/>\n R\u00e9duit et absorbe l\u2019exc\u00e8s de s\u00e9bum.<br \/>\n _Acc\u00e9l\u00e8re la cicatrisation.<br \/>\n _R\u00e9g\u00e9n\u00e8re les cellules, purifie le cuir chevelu et fortifie les cheveux.<br \/>\n _Calme et apaise les douleurs et les br\u00fblures.<br \/>\n _resserre les pores et enrichit la peau par des min\u00e9raux et oligo-\u00e9l\u00e9ments<br \/>\n (silice, silicates d\u2019aluminium, magn\u00e9sium, calcium,fer\u2026)<\/p>\n<\/p><\/div>","protected":false},"excerpt":{"rendered":"<p>Highlights:Le compl\u00e9ment alimentaire Vigne rouge bio est indiqu\u00e9 pour r\u00e9duire la sensation de jambes lourdes et fatigu\u00e9es.<\/p>","protected":false},"featured_media":12518,"comment_status":"open","ping_status":"closed","template":"","meta":[],"product_cat":[85],"product_tag":[],"yith_product_brand":[160],"class_list":{"0":"post-12434","1":"product","2":"type-product","3":"status-publish","4":"has-post-thumbnail","6":"product_cat-soins-corps","7":"yith_product_brand-racine-vita","9":"first","10":"instock","11":"sale","12":"shipping-taxable","13":"purchasable","14":"product-type-simple"},"_links":{"self":[{"href":"https:\/\/parapharmacieenligne.ma\/en\/wp-json\/wp\/v2\/product\/12434","targetHints":{"allow":["GET"]}}],"collection":[{"href":"https:\/\/parapharmacieenligne.ma\/en\/wp-json\/wp\/v2\/product"}],"about":[{"href":"https:\/\/parapharmacieenligne.ma\/en\/wp-json\/wp\/v2\/types\/product"}],"replies":[{"embeddable":true,"href":"https:\/\/parapharmacieenligne.ma\/en\/wp-json\/wp\/v2\/comments?post=12434"}],"version-history":[{"count":1,"href":"https:\/\/parapharmacieenligne.ma\/en\/wp-json\/wp\/v2\/product\/12434\/revisions"}],"predecessor-version":[{"id":12519,"href":"https:\/\/parapharmacieenligne.ma\/en\/wp-json\/wp\/v2\/product\/12434\/revisions\/12519"}],"wp:featuredmedia":[{"embeddable":true,"href":"https:\/\/parapharmacieenligne.ma\/en\/wp-json\/wp\/v2\/media\/12518"}],"wp:attachment":[{"href":"https:\/\/parapharmacieenligne.ma\/en\/wp-json\/wp\/v2\/media?parent=12434"}],"wp:term":[{"taxonomy":"product_cat","embeddable":true,"href":"https:\/\/parapharmacieenligne.ma\/en\/wp-json\/wp\/v2\/product_cat?post=12434"},{"taxonomy":"product_tag","embeddable":true,"href":"https:\/\/parapharmacieenligne.ma\/en\/wp-json\/wp\/v2\/product_tag?post=12434"},{"taxonomy":"yith_product_brand","embeddable":true,"href":"https:\/\/parapharmacieenligne.ma\/en\/wp-json\/wp\/v2\/yith_product_brand?post=12434"}],"curies":[{"name":"wp","href":"https:\/\/api.w.org\/{rel}","templated":true}]}}