{"id":12453,"date":"2026-01-28T18:48:08","date_gmt":"2026-01-28T17:48:08","guid":{"rendered":"https:\/\/parapharmacieenligne.ma\/?post_type=product&#038;p=12453"},"modified":"2026-01-28T18:50:00","modified_gmt":"2026-01-28T17:50:00","slug":"racine-vita-vaseline-sans-parfum-120-g","status":"publish","type":"product","link":"https:\/\/parapharmacieenligne.ma\/en\/product\/racine-vita-vaseline-sans-parfum-120-g\/","title":{"rendered":"Racine Vita Vaseline sans Parfum 120 G"},"content":{"rendered":"<div aria-labelledby=\"tab-title-description\" class=\"woocommerce-Tabs-panel woocommerce-Tabs-panel--description panel entry-content wc-tab\" id=\"tab-description\" role=\"tabpanel\" style=\"\">\n<h2>Description<\/h2>\n<p>Vaseline p\u00e2te blanche sans parfum<br \/>\n onctueuse hydratante protectrice et adoucissante pour mains visage coudes genoux pieds et talons.<\/p>\n<p><strong><strong>Conseils d\u2019Utilisation : <\/strong> <\/strong><br \/>\n \u2013 appliquer 2 \u00e0 3 fois par jour selon le besoin de la peau.<br \/>\n \u2013 utiliser pour les pr\u00e9parations officinales anhydres.<br \/>\n \u2013 a \u00e9viter le contact avec les yeux.<\/p>\n<\/p><\/div>","protected":false},"excerpt":{"rendered":"<p>Highlights:Hydrate la peau en continu et aide \u00e0 restaurer la barri\u00e8re protectrice de la peau.\u2022 Besoin :Hydrater | Nourrir | Peau s\u00e8che \u00e0 tr\u00e8s s\u00e8che | Peau sensible.\u2022 Ingr\u00e9dients Cl\u00e9s :C\u00e9ramides (1, 3 et 6-II) pour prot\u00e9ger et nourrir | Acide Hyaluronique pour maintenir la peau hydrat\u00e9e | Glyc\u00e9rine pour adoucir et prot\u00e9ger.\u2022S\u00e9curit\u00e9 :Sans Parfum | Hypoallerg\u00e9nique | Non-Com\u00e9dog\u00e8ne.\u2022 Utilisation :Appliquer aussi souvent que n\u00e9cessaire. Visage, corps et mains.Approuv\u00e9 par les membres de l\u2019Association Fran\u00e7aise de l\u2019Ecz\u00e9ma.<\/p>","protected":false},"featured_media":12528,"comment_status":"open","ping_status":"closed","template":"","meta":[],"product_cat":[85],"product_tag":[],"yith_product_brand":[160],"class_list":{"0":"post-12453","1":"product","2":"type-product","3":"status-publish","4":"has-post-thumbnail","6":"product_cat-soins-corps","7":"yith_product_brand-racine-vita","9":"first","10":"instock","11":"sale","12":"shipping-taxable","13":"purchasable","14":"product-type-simple"},"_links":{"self":[{"href":"https:\/\/parapharmacieenligne.ma\/en\/wp-json\/wp\/v2\/product\/12453","targetHints":{"allow":["GET"]}}],"collection":[{"href":"https:\/\/parapharmacieenligne.ma\/en\/wp-json\/wp\/v2\/product"}],"about":[{"href":"https:\/\/parapharmacieenligne.ma\/en\/wp-json\/wp\/v2\/types\/product"}],"replies":[{"embeddable":true,"href":"https:\/\/parapharmacieenligne.ma\/en\/wp-json\/wp\/v2\/comments?post=12453"}],"version-history":[{"count":1,"href":"https:\/\/parapharmacieenligne.ma\/en\/wp-json\/wp\/v2\/product\/12453\/revisions"}],"predecessor-version":[{"id":12529,"href":"https:\/\/parapharmacieenligne.ma\/en\/wp-json\/wp\/v2\/product\/12453\/revisions\/12529"}],"wp:featuredmedia":[{"embeddable":true,"href":"https:\/\/parapharmacieenligne.ma\/en\/wp-json\/wp\/v2\/media\/12528"}],"wp:attachment":[{"href":"https:\/\/parapharmacieenligne.ma\/en\/wp-json\/wp\/v2\/media?parent=12453"}],"wp:term":[{"taxonomy":"product_cat","embeddable":true,"href":"https:\/\/parapharmacieenligne.ma\/en\/wp-json\/wp\/v2\/product_cat?post=12453"},{"taxonomy":"product_tag","embeddable":true,"href":"https:\/\/parapharmacieenligne.ma\/en\/wp-json\/wp\/v2\/product_tag?post=12453"},{"taxonomy":"yith_product_brand","embeddable":true,"href":"https:\/\/parapharmacieenligne.ma\/en\/wp-json\/wp\/v2\/yith_product_brand?post=12453"}],"curies":[{"name":"wp","href":"https:\/\/api.w.org\/{rel}","templated":true}]}}