{"id":12454,"date":"2026-01-28T18:48:09","date_gmt":"2026-01-28T17:48:09","guid":{"rendered":"https:\/\/parapharmacieenligne.ma\/?post_type=product&#038;p=12454"},"modified":"2026-01-28T18:50:18","modified_gmt":"2026-01-28T17:50:18","slug":"racine-vita-masque-capillaire-a-la-keratine","status":"publish","type":"product","link":"https:\/\/parapharmacieenligne.ma\/en\/product\/racine-vita-masque-capillaire-a-la-keratine\/","title":{"rendered":"Racine Vita Masque Capillaire a La Keratine"},"content":{"rendered":"<div aria-labelledby=\"tab-title-description\" class=\"woocommerce-Tabs-panel woocommerce-Tabs-panel--description panel entry-content wc-tab\" id=\"tab-description\" role=\"tabpanel\" style=\"\">\n<h2>Description<\/h2>\n<div class=\"tabs tabs-info-product\">\n<div class=\"container\">\n<div class=\"tab-content\" id=\"tab-content\">\n<div class=\"tab-pane fade in active js-product-tab-active\" id=\"description\" role=\"tabpanel\">\n<div class=\"product-description\">\n<p>D\u00e9m\u00eale et assouplit les cheveux avec une excellente action anti cr\u00e9pu.ll nourrit et prot\u00e8ge en apportant de l\u2019\u00e9clat, sans alourdir les cheveux.<\/p>\n<\/p><\/div>\n<\/p><\/div>\n<\/p><\/div>\n<\/p><\/div>\n<\/p><\/div>\n<section class=\"cross-seling-products featured-products clearfix\">\n<div class=\"container\"><\/div>\n<\/section><\/div>","protected":false},"excerpt":{"rendered":"<p>Highlights:Masque Capillaire Racine-Vita enrichie au k\u00e9ratine, provitamine B5, Ghassou et \u00e0 l\u2019arbre \u00e0 th\u00e9, romarin, lavande, girofle, cannelle, thym.<\/p>","protected":false},"featured_media":12536,"comment_status":"open","ping_status":"closed","template":"","meta":[],"product_cat":[84],"product_tag":[],"yith_product_brand":[160],"class_list":{"0":"post-12454","1":"product","2":"type-product","3":"status-publish","4":"has-post-thumbnail","6":"product_cat-soins-cheveux","7":"yith_product_brand-racine-vita","9":"first","10":"instock","11":"sale","12":"shipping-taxable","13":"purchasable","14":"product-type-simple"},"_links":{"self":[{"href":"https:\/\/parapharmacieenligne.ma\/en\/wp-json\/wp\/v2\/product\/12454","targetHints":{"allow":["GET"]}}],"collection":[{"href":"https:\/\/parapharmacieenligne.ma\/en\/wp-json\/wp\/v2\/product"}],"about":[{"href":"https:\/\/parapharmacieenligne.ma\/en\/wp-json\/wp\/v2\/types\/product"}],"replies":[{"embeddable":true,"href":"https:\/\/parapharmacieenligne.ma\/en\/wp-json\/wp\/v2\/comments?post=12454"}],"version-history":[{"count":1,"href":"https:\/\/parapharmacieenligne.ma\/en\/wp-json\/wp\/v2\/product\/12454\/revisions"}],"predecessor-version":[{"id":12537,"href":"https:\/\/parapharmacieenligne.ma\/en\/wp-json\/wp\/v2\/product\/12454\/revisions\/12537"}],"wp:featuredmedia":[{"embeddable":true,"href":"https:\/\/parapharmacieenligne.ma\/en\/wp-json\/wp\/v2\/media\/12536"}],"wp:attachment":[{"href":"https:\/\/parapharmacieenligne.ma\/en\/wp-json\/wp\/v2\/media?parent=12454"}],"wp:term":[{"taxonomy":"product_cat","embeddable":true,"href":"https:\/\/parapharmacieenligne.ma\/en\/wp-json\/wp\/v2\/product_cat?post=12454"},{"taxonomy":"product_tag","embeddable":true,"href":"https:\/\/parapharmacieenligne.ma\/en\/wp-json\/wp\/v2\/product_tag?post=12454"},{"taxonomy":"yith_product_brand","embeddable":true,"href":"https:\/\/parapharmacieenligne.ma\/en\/wp-json\/wp\/v2\/yith_product_brand?post=12454"}],"curies":[{"name":"wp","href":"https:\/\/api.w.org\/{rel}","templated":true}]}}