{"id":12457,"date":"2026-01-28T18:48:10","date_gmt":"2026-01-28T17:48:10","guid":{"rendered":"https:\/\/parapharmacieenligne.ma\/?post_type=product&#038;p=12457"},"modified":"2026-01-28T18:50:29","modified_gmt":"2026-01-28T17:50:29","slug":"racine-vita-huile-de-coco-40ml","status":"publish","type":"product","link":"https:\/\/parapharmacieenligne.ma\/en\/product\/racine-vita-huile-de-coco-40ml\/","title":{"rendered":"RACINE VITA HUILE DE COCO 40ML"},"content":{"rendered":"<div aria-labelledby=\"tab-title-description\" class=\"woocommerce-Tabs-panel woocommerce-Tabs-panel--description panel entry-content wc-tab\" id=\"tab-description\" role=\"tabpanel\" style=\"\">\n<h2>Description<\/h2>\n<p>\u2013 Permet de lutter contre le vieillissement de la peau et les cernes.<br \/>\n \u2013 R\u00e9paratrice et nourrissante pour les peaux s\u00e8ches, gerc\u00e9es ou irrit\u00e9es.<br \/>\n \u2013 Parfume la peau sans laisser de trace (Film gras).<br \/>\n \u2013 Donne des qualit\u00e9s de bronzages.<br \/>\n \u2013 Fortifie, nourrit et r\u00e9pare la peau et les cheveux.<br \/>\n \u2013 Id\u00e9ale pour le soin des cheveux secs, cr\u00e9pus, fris\u00e9s et ternes.<\/p>\n<\/p><\/div>","protected":false},"excerpt":{"rendered":"<p>Highlights:Minceur , DrenafastR\u00e9duction du volume et du poids12 Plantes et 2 oligo-\u00e9l\u00e9ments<\/p>","protected":false},"featured_media":12542,"comment_status":"open","ping_status":"closed","template":"","meta":[],"product_cat":[85],"product_tag":[],"yith_product_brand":[160],"class_list":{"0":"post-12457","1":"product","2":"type-product","3":"status-publish","4":"has-post-thumbnail","6":"product_cat-soins-corps","7":"yith_product_brand-racine-vita","9":"first","10":"instock","11":"sale","12":"shipping-taxable","13":"purchasable","14":"product-type-simple"},"_links":{"self":[{"href":"https:\/\/parapharmacieenligne.ma\/en\/wp-json\/wp\/v2\/product\/12457","targetHints":{"allow":["GET"]}}],"collection":[{"href":"https:\/\/parapharmacieenligne.ma\/en\/wp-json\/wp\/v2\/product"}],"about":[{"href":"https:\/\/parapharmacieenligne.ma\/en\/wp-json\/wp\/v2\/types\/product"}],"replies":[{"embeddable":true,"href":"https:\/\/parapharmacieenligne.ma\/en\/wp-json\/wp\/v2\/comments?post=12457"}],"version-history":[{"count":1,"href":"https:\/\/parapharmacieenligne.ma\/en\/wp-json\/wp\/v2\/product\/12457\/revisions"}],"predecessor-version":[{"id":12543,"href":"https:\/\/parapharmacieenligne.ma\/en\/wp-json\/wp\/v2\/product\/12457\/revisions\/12543"}],"wp:featuredmedia":[{"embeddable":true,"href":"https:\/\/parapharmacieenligne.ma\/en\/wp-json\/wp\/v2\/media\/12542"}],"wp:attachment":[{"href":"https:\/\/parapharmacieenligne.ma\/en\/wp-json\/wp\/v2\/media?parent=12457"}],"wp:term":[{"taxonomy":"product_cat","embeddable":true,"href":"https:\/\/parapharmacieenligne.ma\/en\/wp-json\/wp\/v2\/product_cat?post=12457"},{"taxonomy":"product_tag","embeddable":true,"href":"https:\/\/parapharmacieenligne.ma\/en\/wp-json\/wp\/v2\/product_tag?post=12457"},{"taxonomy":"yith_product_brand","embeddable":true,"href":"https:\/\/parapharmacieenligne.ma\/en\/wp-json\/wp\/v2\/yith_product_brand?post=12457"}],"curies":[{"name":"wp","href":"https:\/\/api.w.org\/{rel}","templated":true}]}}