{"id":12494,"date":"2026-01-28T18:49:12","date_gmt":"2026-01-28T17:49:12","guid":{"rendered":"https:\/\/parapharmacieenligne.ma\/?post_type=product&#038;p=12494"},"modified":"2026-01-28T18:51:36","modified_gmt":"2026-01-28T17:51:36","slug":"racine-vita-huile-de-lavande-40ml","status":"publish","type":"product","link":"https:\/\/parapharmacieenligne.ma\/en\/product\/racine-vita-huile-de-lavande-40ml\/","title":{"rendered":"RACINE VITA HUILE DE LAVANDE 40ML"},"content":{"rendered":"<div aria-labelledby=\"tab-title-description\" class=\"woocommerce-Tabs-panel woocommerce-Tabs-panel--description panel entry-content wc-tab\" id=\"tab-description\" role=\"tabpanel\" style=\"\">\n<h2>Description<\/h2>\n<p>\u2013 Apaise la peau notamment apr\u00e8s le rasage et la d\u00e9pilation.<br \/>\n \u2013 Excellente cicatrisante et antiseptique.<br \/>\n \u2013 Relaxante et anti stress en massage.<br \/>\n \u2013 Protection solaire, d\u00e9maquillante, Anti acn\u00e9<br \/>\n \u2013 R\u00e9duit les affections cutan\u00e9es (ecz\u00e9ma,br\u00fblures).<br \/>\n \u2013 Anti cellulite et diminue les vergetures.<br \/>\n \u2013 Nourrit et diminue les irritations du cuir chevelu.<br \/>\n \u2013 Anti transpirante, anti-chute (pour tous types de cheveux).<br \/>\n \u2013 Diminue les rhumatismes lors de massage.<\/p>\n<\/p><\/div>","protected":false},"excerpt":{"rendered":"<p>Highlights:Anti Stress, Anti Acn\u00e9, Anti cellulite et Vergeture<\/p>","protected":false},"featured_media":12578,"comment_status":"open","ping_status":"closed","template":"","meta":[],"product_cat":[85],"product_tag":[],"yith_product_brand":[160],"class_list":{"0":"post-12494","1":"product","2":"type-product","3":"status-publish","4":"has-post-thumbnail","6":"product_cat-soins-corps","7":"yith_product_brand-racine-vita","9":"first","10":"instock","11":"sale","12":"shipping-taxable","13":"purchasable","14":"product-type-simple"},"_links":{"self":[{"href":"https:\/\/parapharmacieenligne.ma\/en\/wp-json\/wp\/v2\/product\/12494","targetHints":{"allow":["GET"]}}],"collection":[{"href":"https:\/\/parapharmacieenligne.ma\/en\/wp-json\/wp\/v2\/product"}],"about":[{"href":"https:\/\/parapharmacieenligne.ma\/en\/wp-json\/wp\/v2\/types\/product"}],"replies":[{"embeddable":true,"href":"https:\/\/parapharmacieenligne.ma\/en\/wp-json\/wp\/v2\/comments?post=12494"}],"version-history":[{"count":1,"href":"https:\/\/parapharmacieenligne.ma\/en\/wp-json\/wp\/v2\/product\/12494\/revisions"}],"predecessor-version":[{"id":12579,"href":"https:\/\/parapharmacieenligne.ma\/en\/wp-json\/wp\/v2\/product\/12494\/revisions\/12579"}],"wp:featuredmedia":[{"embeddable":true,"href":"https:\/\/parapharmacieenligne.ma\/en\/wp-json\/wp\/v2\/media\/12578"}],"wp:attachment":[{"href":"https:\/\/parapharmacieenligne.ma\/en\/wp-json\/wp\/v2\/media?parent=12494"}],"wp:term":[{"taxonomy":"product_cat","embeddable":true,"href":"https:\/\/parapharmacieenligne.ma\/en\/wp-json\/wp\/v2\/product_cat?post=12494"},{"taxonomy":"product_tag","embeddable":true,"href":"https:\/\/parapharmacieenligne.ma\/en\/wp-json\/wp\/v2\/product_tag?post=12494"},{"taxonomy":"yith_product_brand","embeddable":true,"href":"https:\/\/parapharmacieenligne.ma\/en\/wp-json\/wp\/v2\/yith_product_brand?post=12494"}],"curies":[{"name":"wp","href":"https:\/\/api.w.org\/{rel}","templated":true}]}}