{"id":12513,"date":"2026-01-28T18:49:38","date_gmt":"2026-01-28T17:49:38","guid":{"rendered":"https:\/\/parapharmacieenligne.ma\/?post_type=product&#038;p=12513"},"modified":"2026-01-28T18:51:56","modified_gmt":"2026-01-28T17:51:56","slug":"racine-vita-serum-vitamine-c-20-10ml","status":"publish","type":"product","link":"https:\/\/parapharmacieenligne.ma\/en\/product\/racine-vita-serum-vitamine-c-20-10ml\/","title":{"rendered":"Racine-Vita Serum Vitamine C 20% \u2013 10ml"},"content":{"rendered":"<div aria-labelledby=\"tab-title-description\" class=\"woocommerce-Tabs-panel woocommerce-Tabs-panel--description panel entry-content wc-tab\" id=\"tab-description\" role=\"tabpanel\" style=\"\">\n<h2>Description<\/h2>\n<p>Description<br \/>\n Le s\u00e9rum visage racine-vita formul\u00e9 \u00e0 la vitamine c est un soin extra puissant aux effets anti-\u00e2ges anti-rides et anti-oxydant.<br \/>\n Grace \u00e0 sa composition riche en vitamine c (%20) acide hyaluronique vitamine e.<br \/>\n Le s\u00e9rum racine-vita permet de :<br \/>\n \u2013 stimuler la production du collag\u00e8ne.<br \/>\n \u2013 r\u00e9duire l\u2019apparence des rides et ridules.<br \/>\n \u2013 contribuer \u00e0 l\u2019am\u00e9lioration de la fermet\u00e9 et \u00e9lasticit\u00e9 de la peau.<br \/>\n \u2013 \u00e9claircir le teint et d\u2019att\u00e9nuer les taches pigmentaires.<br \/>\n \u2013 offrir protection anti oxydante pour la peau contre les dommages caus\u00e9s par les rayons UVA et UVB.<br \/>\n \u2013 rajeunir visiblement votre visage et laisser la peau plus fraiche douche et hydrat\u00e9e.<\/p>\n<\/p><\/div>","protected":false},"excerpt":{"rendered":"<p>Highlights:Le S\u00e9rum visage Racine-Vita formul\u00e9 \u00e0 la vitamine C est un soin extra puissant aux effets anti-\u00e2ge, Anti rides et anti oxydant Gr\u00e2ce \u00e0 sa composition riche en vitamine c (%20), acide hyaluronique et la vitamine E.<\/p>","protected":false},"featured_media":12588,"comment_status":"open","ping_status":"closed","template":"","meta":[],"product_cat":[83],"product_tag":[],"yith_product_brand":[160],"class_list":{"0":"post-12513","1":"product","2":"type-product","3":"status-publish","4":"has-post-thumbnail","6":"product_cat-soins-visage","7":"yith_product_brand-racine-vita","9":"first","10":"instock","11":"sale","12":"shipping-taxable","13":"purchasable","14":"product-type-simple"},"_links":{"self":[{"href":"https:\/\/parapharmacieenligne.ma\/en\/wp-json\/wp\/v2\/product\/12513","targetHints":{"allow":["GET"]}}],"collection":[{"href":"https:\/\/parapharmacieenligne.ma\/en\/wp-json\/wp\/v2\/product"}],"about":[{"href":"https:\/\/parapharmacieenligne.ma\/en\/wp-json\/wp\/v2\/types\/product"}],"replies":[{"embeddable":true,"href":"https:\/\/parapharmacieenligne.ma\/en\/wp-json\/wp\/v2\/comments?post=12513"}],"version-history":[{"count":1,"href":"https:\/\/parapharmacieenligne.ma\/en\/wp-json\/wp\/v2\/product\/12513\/revisions"}],"predecessor-version":[{"id":12589,"href":"https:\/\/parapharmacieenligne.ma\/en\/wp-json\/wp\/v2\/product\/12513\/revisions\/12589"}],"wp:featuredmedia":[{"embeddable":true,"href":"https:\/\/parapharmacieenligne.ma\/en\/wp-json\/wp\/v2\/media\/12588"}],"wp:attachment":[{"href":"https:\/\/parapharmacieenligne.ma\/en\/wp-json\/wp\/v2\/media?parent=12513"}],"wp:term":[{"taxonomy":"product_cat","embeddable":true,"href":"https:\/\/parapharmacieenligne.ma\/en\/wp-json\/wp\/v2\/product_cat?post=12513"},{"taxonomy":"product_tag","embeddable":true,"href":"https:\/\/parapharmacieenligne.ma\/en\/wp-json\/wp\/v2\/product_tag?post=12513"},{"taxonomy":"yith_product_brand","embeddable":true,"href":"https:\/\/parapharmacieenligne.ma\/en\/wp-json\/wp\/v2\/yith_product_brand?post=12513"}],"curies":[{"name":"wp","href":"https:\/\/api.w.org\/{rel}","templated":true}]}}