{"id":12517,"date":"2026-01-28T18:49:39","date_gmt":"2026-01-28T17:49:39","guid":{"rendered":"https:\/\/parapharmacieenligne.ma\/?post_type=product&#038;p=12517"},"modified":"2026-01-28T18:52:26","modified_gmt":"2026-01-28T17:52:26","slug":"racine-vita-huile-de-menthe-40-ml","status":"publish","type":"product","link":"https:\/\/parapharmacieenligne.ma\/en\/product\/racine-vita-huile-de-menthe-40-ml\/","title":{"rendered":"RACINE VITA Huile de menthe 40 ml"},"content":{"rendered":"<div aria-labelledby=\"tab-title-description\" class=\"woocommerce-Tabs-panel woocommerce-Tabs-panel--description panel entry-content wc-tab\" id=\"tab-description\" role=\"tabpanel\" style=\"\">\n<h2>Description<\/h2>\n<p>RACINE VITA Huile de menthe 40 ml<\/p>\n<p>Rafra\u00eechissante, Antiseptique, Nettoyante ,<br \/>\n D\u00e9congestionnement Nasal<\/p>\n<p>\u2013 Anti-inflammatoire, antiseptique .<br \/>\n \u2013 Tonifie les muscles lisses et l\u2019\u00e9piderme des<br \/>\n peaux flasques.<br \/>\n \u2013 Huile de massage pour le dos, les jambes et les<br \/>\n pieds.<br \/>\n \u2013 Convient au sauna facial et aux peaux grasses.<br \/>\n \u2013 Calme et apaise les d\u00e9mangeaisons .<br \/>\n \u2013 Agit contre la fatigue g\u00e9n\u00e9rale.<br \/>\n \u2013 Stimule la circulation sanguine du cuir chevelu<br \/>\n et aide les follicules pileux \u00e0 recevoir les nutriments.<\/p>\n<\/p><\/div>","protected":false},"excerpt":{"rendered":"<p>Highlights:Ce gel moussant nettoie et r\u00e9\u00e9quilibre les peaux fragiles, sensibles, \u00e0 tendance acn\u00e9ique pour laquelle l\u2019hygi\u00e8ne est primordiale.<\/p>","protected":false},"featured_media":12602,"comment_status":"open","ping_status":"closed","template":"","meta":[],"product_cat":[85],"product_tag":[],"yith_product_brand":[160],"class_list":{"0":"post-12517","1":"product","2":"type-product","3":"status-publish","4":"has-post-thumbnail","6":"product_cat-soins-corps","7":"yith_product_brand-racine-vita","9":"first","10":"instock","11":"sale","12":"shipping-taxable","13":"purchasable","14":"product-type-simple"},"_links":{"self":[{"href":"https:\/\/parapharmacieenligne.ma\/en\/wp-json\/wp\/v2\/product\/12517","targetHints":{"allow":["GET"]}}],"collection":[{"href":"https:\/\/parapharmacieenligne.ma\/en\/wp-json\/wp\/v2\/product"}],"about":[{"href":"https:\/\/parapharmacieenligne.ma\/en\/wp-json\/wp\/v2\/types\/product"}],"replies":[{"embeddable":true,"href":"https:\/\/parapharmacieenligne.ma\/en\/wp-json\/wp\/v2\/comments?post=12517"}],"version-history":[{"count":1,"href":"https:\/\/parapharmacieenligne.ma\/en\/wp-json\/wp\/v2\/product\/12517\/revisions"}],"predecessor-version":[{"id":12603,"href":"https:\/\/parapharmacieenligne.ma\/en\/wp-json\/wp\/v2\/product\/12517\/revisions\/12603"}],"wp:featuredmedia":[{"embeddable":true,"href":"https:\/\/parapharmacieenligne.ma\/en\/wp-json\/wp\/v2\/media\/12602"}],"wp:attachment":[{"href":"https:\/\/parapharmacieenligne.ma\/en\/wp-json\/wp\/v2\/media?parent=12517"}],"wp:term":[{"taxonomy":"product_cat","embeddable":true,"href":"https:\/\/parapharmacieenligne.ma\/en\/wp-json\/wp\/v2\/product_cat?post=12517"},{"taxonomy":"product_tag","embeddable":true,"href":"https:\/\/parapharmacieenligne.ma\/en\/wp-json\/wp\/v2\/product_tag?post=12517"},{"taxonomy":"yith_product_brand","embeddable":true,"href":"https:\/\/parapharmacieenligne.ma\/en\/wp-json\/wp\/v2\/yith_product_brand?post=12517"}],"curies":[{"name":"wp","href":"https:\/\/api.w.org\/{rel}","templated":true}]}}