{"id":12530,"date":"2026-01-28T18:50:05","date_gmt":"2026-01-28T17:50:05","guid":{"rendered":"https:\/\/parapharmacieenligne.ma\/?post_type=product&#038;p=12530"},"modified":"2026-01-28T18:52:38","modified_gmt":"2026-01-28T17:52:38","slug":"racine-vita-creme-depilatoire-aloe-vera-50ml","status":"publish","type":"product","link":"https:\/\/parapharmacieenligne.ma\/en\/product\/racine-vita-creme-depilatoire-aloe-vera-50ml\/","title":{"rendered":"Racine vita Creme depilatoire Aloe vera 50ml"},"content":{"rendered":"<div aria-labelledby=\"tab-title-description\" class=\"woocommerce-Tabs-panel woocommerce-Tabs-panel--description panel entry-content wc-tab\" id=\"tab-description\" role=\"tabpanel\" style=\"\">\n<h2>Description<\/h2>\n<h3 class=\"short-description\"><span style=\"font-size: 16px;font-family: book antiqua, palatino, serif\">La Cr\u00e8me D\u00e9pilatoire \u00e0 l\u2019Extrait d\u2019Aloe Eliminez efficacement et en moins de 5 Minutes tous les poils ind\u00e9sirables m\u00eame les plus court. Et en plus d\u2019une \u00e9pilation efficace, soyeuse et imm\u00e9diate, la Cr\u00e8me D\u00e9pilatoire \u00e0 l\u2019Extrait d\u2019Aloe Vera de Racine Vita apporte a votre peau douceur et hydratation et nutrition\u2026<\/span><\/h3>\n<\/p><\/div>","protected":false},"excerpt":{"rendered":"<p>Highlights:Nettoie, nourrit, prot\u00e8ge le visage et le corps de toute la famille<\/p>","protected":false},"featured_media":12608,"comment_status":"open","ping_status":"closed","template":"","meta":[],"product_cat":[85],"product_tag":[],"yith_product_brand":[160],"class_list":{"0":"post-12530","1":"product","2":"type-product","3":"status-publish","4":"has-post-thumbnail","6":"product_cat-soins-corps","7":"yith_product_brand-racine-vita","9":"first","10":"instock","11":"sale","12":"shipping-taxable","13":"purchasable","14":"product-type-simple"},"_links":{"self":[{"href":"https:\/\/parapharmacieenligne.ma\/en\/wp-json\/wp\/v2\/product\/12530","targetHints":{"allow":["GET"]}}],"collection":[{"href":"https:\/\/parapharmacieenligne.ma\/en\/wp-json\/wp\/v2\/product"}],"about":[{"href":"https:\/\/parapharmacieenligne.ma\/en\/wp-json\/wp\/v2\/types\/product"}],"replies":[{"embeddable":true,"href":"https:\/\/parapharmacieenligne.ma\/en\/wp-json\/wp\/v2\/comments?post=12530"}],"version-history":[{"count":1,"href":"https:\/\/parapharmacieenligne.ma\/en\/wp-json\/wp\/v2\/product\/12530\/revisions"}],"predecessor-version":[{"id":12609,"href":"https:\/\/parapharmacieenligne.ma\/en\/wp-json\/wp\/v2\/product\/12530\/revisions\/12609"}],"wp:featuredmedia":[{"embeddable":true,"href":"https:\/\/parapharmacieenligne.ma\/en\/wp-json\/wp\/v2\/media\/12608"}],"wp:attachment":[{"href":"https:\/\/parapharmacieenligne.ma\/en\/wp-json\/wp\/v2\/media?parent=12530"}],"wp:term":[{"taxonomy":"product_cat","embeddable":true,"href":"https:\/\/parapharmacieenligne.ma\/en\/wp-json\/wp\/v2\/product_cat?post=12530"},{"taxonomy":"product_tag","embeddable":true,"href":"https:\/\/parapharmacieenligne.ma\/en\/wp-json\/wp\/v2\/product_tag?post=12530"},{"taxonomy":"yith_product_brand","embeddable":true,"href":"https:\/\/parapharmacieenligne.ma\/en\/wp-json\/wp\/v2\/yith_product_brand?post=12530"}],"curies":[{"name":"wp","href":"https:\/\/api.w.org\/{rel}","templated":true}]}}