{"id":12558,"date":"2026-01-28T18:51:03","date_gmt":"2026-01-28T17:51:03","guid":{"rendered":"https:\/\/parapharmacieenligne.ma\/?post_type=product&#038;p=12558"},"modified":"2026-01-28T18:53:39","modified_gmt":"2026-01-28T17:53:39","slug":"racine-vita-huile-de-roquette-40ml","status":"publish","type":"product","link":"https:\/\/parapharmacieenligne.ma\/en\/product\/racine-vita-huile-de-roquette-40ml\/","title":{"rendered":"RACINE VITA HUILE DE ROQUETTE 40ML"},"content":{"rendered":"<div aria-labelledby=\"tab-title-description\" class=\"woocommerce-Tabs-panel woocommerce-Tabs-panel--description panel entry-content wc-tab\" id=\"tab-description\" role=\"tabpanel\" style=\"\">\n<h2>Description<\/h2>\n<div class=\"container_9 clearfix\" id=\"page\">\n<div class=\"grid_9 alpha omega clearfix\" id=\"columns\">\n<div id=\"center_column\">\n<div id=\"category_produit\">\n<div class=\"clear\" id=\"more_info_block\">\n<div class=\"sheets align_justify\" id=\"more_info_sheets\">\n<div class=\"rte\" id=\"idTab1\">\n<p>\u2013 Apporte un v\u00e9ritable coup d\u2019\u00e9clat \u00e0 votre peau.<br \/>\n \u2013 elle nourrit et adoucit la peau et pr\u00e9vient le dess\u00e8chement de l \u00e9piderme.<br \/>\n \u2013 Assouplit les peaux les plus s\u00e8ches et les prot\u00e8ge contre la d\u00e9shydratation.<br \/>\n \u2013 Lutte contre les effets de vieillissement.<br \/>\n \u2013 Fortifiant pour les cheveux et les ongles.<br \/>\n \u2013 Excellent anti rides et ridules.<\/p>\n<\/p><\/div>\n<\/p><\/div>\n<\/p><\/div>\n<\/p><\/div>\n<\/p><\/div>\n<div class=\"column grid_2 omega\" id=\"right_column\"><\/div>\n<\/p><\/div>\n<\/p><\/div>\n<div class=\"grid_9 alpha omega clearfix\" id=\"footer\">\n<div id=\"sous_footer\">\n<div class=\"block_various_links\" id=\"block_various_links_footer\"><\/div>\n<\/p><\/div>\n<\/p><\/div>\n<\/p><\/div>","protected":false},"excerpt":{"rendered":"<p>Highlights:Notre compl\u00e9ment alimentaire Extrait de p\u00e9pins de pamplemousse est indiqu\u00e9 pour maintenir le fonctionnement normal du syst\u00e8me immunitaire.<\/p>","protected":false},"featured_media":12636,"comment_status":"open","ping_status":"closed","template":"","meta":[],"product_cat":[85],"product_tag":[],"yith_product_brand":[160],"class_list":{"0":"post-12558","1":"product","2":"type-product","3":"status-publish","4":"has-post-thumbnail","6":"product_cat-soins-corps","7":"yith_product_brand-racine-vita","9":"first","10":"instock","11":"sale","12":"shipping-taxable","13":"purchasable","14":"product-type-simple"},"_links":{"self":[{"href":"https:\/\/parapharmacieenligne.ma\/en\/wp-json\/wp\/v2\/product\/12558","targetHints":{"allow":["GET"]}}],"collection":[{"href":"https:\/\/parapharmacieenligne.ma\/en\/wp-json\/wp\/v2\/product"}],"about":[{"href":"https:\/\/parapharmacieenligne.ma\/en\/wp-json\/wp\/v2\/types\/product"}],"replies":[{"embeddable":true,"href":"https:\/\/parapharmacieenligne.ma\/en\/wp-json\/wp\/v2\/comments?post=12558"}],"version-history":[{"count":1,"href":"https:\/\/parapharmacieenligne.ma\/en\/wp-json\/wp\/v2\/product\/12558\/revisions"}],"predecessor-version":[{"id":12637,"href":"https:\/\/parapharmacieenligne.ma\/en\/wp-json\/wp\/v2\/product\/12558\/revisions\/12637"}],"wp:featuredmedia":[{"embeddable":true,"href":"https:\/\/parapharmacieenligne.ma\/en\/wp-json\/wp\/v2\/media\/12636"}],"wp:attachment":[{"href":"https:\/\/parapharmacieenligne.ma\/en\/wp-json\/wp\/v2\/media?parent=12558"}],"wp:term":[{"taxonomy":"product_cat","embeddable":true,"href":"https:\/\/parapharmacieenligne.ma\/en\/wp-json\/wp\/v2\/product_cat?post=12558"},{"taxonomy":"product_tag","embeddable":true,"href":"https:\/\/parapharmacieenligne.ma\/en\/wp-json\/wp\/v2\/product_tag?post=12558"},{"taxonomy":"yith_product_brand","embeddable":true,"href":"https:\/\/parapharmacieenligne.ma\/en\/wp-json\/wp\/v2\/yith_product_brand?post=12558"}],"curies":[{"name":"wp","href":"https:\/\/api.w.org\/{rel}","templated":true}]}}