{"id":12576,"date":"2026-01-28T18:51:32","date_gmt":"2026-01-28T17:51:32","guid":{"rendered":"https:\/\/parapharmacieenligne.ma\/?post_type=product&#038;p=12576"},"modified":"2026-01-28T18:54:23","modified_gmt":"2026-01-28T17:54:23","slug":"racine-vita-huile-essentielle-de-citron-10-ml","status":"publish","type":"product","link":"https:\/\/parapharmacieenligne.ma\/en\/product\/racine-vita-huile-essentielle-de-citron-10-ml\/","title":{"rendered":"RACINE VITA HUILE ESSENTIELLE DE CITRON 10 ML"},"content":{"rendered":"<div aria-labelledby=\"tab-title-description\" class=\"woocommerce-Tabs-panel woocommerce-Tabs-panel--description panel entry-content wc-tab\" id=\"tab-description\" role=\"tabpanel\" style=\"\">\n<h2>Description<\/h2>\n<div class=\"container_9 clearfix\" id=\"page\">\n<div class=\"grid_9 alpha omega clearfix\" id=\"columns\">\n<div id=\"center_column\">\n<div id=\"category_produit\">\n<div class=\"clear\" id=\"more_info_block\">\n<div class=\"sheets align_justify\" id=\"more_info_sheets\">\n<div class=\"rte\" id=\"idTab1\">\n<div class=\"container_9 clearfix\" id=\"page\">\n<div class=\"grid_9 alpha omega clearfix\" id=\"columns\">\n<div id=\"center_column\">\n<div id=\"category_produit\">\n<div class=\"clear\" id=\"more_info_block\">\n<div class=\"sheets align_justify\" id=\"more_info_sheets\">\n<div class=\"rte\" id=\"idTab1\">\n<p>L\u2019essence de Citron est r\u00e9put\u00e9e pour ses vertus : fortifiante,antiseptique,cicatrisante,remin\u00e9ralisante,tonique et amincissante. Elle est id\u00e9ale en diffusion avec ses notes am\u00e8res et acidul\u00e9es pour purifier l\u2019air ambiant et repousser les odeurs d\u00e9sagr\u00e9ables. favorise la cicatrisation de la peau,apaise les d\u00e9mangeaisons et pr\u00e9vient les rides. Elle est connue aussi pour faciliter la concentration et la redynamise.<\/p>\n<\/p><\/div>\n<\/p><\/div>\n<\/p><\/div>\n<\/p><\/div>\n<\/p><\/div>\n<div class=\"column grid_2 omega\" id=\"right_column\"><\/div>\n<\/p><\/div>\n<\/p><\/div>\n<div class=\"grid_9 alpha omega clearfix\" id=\"footer\">\n<div id=\"sous_footer\">\n<div class=\"block_various_links\" id=\"block_various_links_footer\"><\/div>\n<\/p><\/div>\n<\/p><\/div>\n<\/p><\/div>\n<\/p><\/div>\n<\/p><\/div>\n<\/p><\/div>\n<\/p><\/div>\n<\/p><\/div>\n<\/p><\/div>\n<div class=\"grid_9 alpha omega clearfix\" id=\"footer\">\n<div id=\"sous_footer\">\n<div class=\"block_various_links\" id=\"block_various_links_footer\"><\/div>\n<\/p><\/div>\n<\/p><\/div>\n<\/p><\/div>","protected":false},"excerpt":{"rendered":"<p>Highlights:Ses notes vertes sublimeront vos plats sal\u00e9s et sucr\u00e9s<\/p>","protected":false},"featured_media":12652,"comment_status":"open","ping_status":"closed","template":"","meta":[],"product_cat":[85],"product_tag":[],"yith_product_brand":[160],"class_list":{"0":"post-12576","1":"product","2":"type-product","3":"status-publish","4":"has-post-thumbnail","6":"product_cat-soins-corps","7":"yith_product_brand-racine-vita","9":"first","10":"instock","11":"sale","12":"shipping-taxable","13":"purchasable","14":"product-type-simple"},"_links":{"self":[{"href":"https:\/\/parapharmacieenligne.ma\/en\/wp-json\/wp\/v2\/product\/12576","targetHints":{"allow":["GET"]}}],"collection":[{"href":"https:\/\/parapharmacieenligne.ma\/en\/wp-json\/wp\/v2\/product"}],"about":[{"href":"https:\/\/parapharmacieenligne.ma\/en\/wp-json\/wp\/v2\/types\/product"}],"replies":[{"embeddable":true,"href":"https:\/\/parapharmacieenligne.ma\/en\/wp-json\/wp\/v2\/comments?post=12576"}],"version-history":[{"count":1,"href":"https:\/\/parapharmacieenligne.ma\/en\/wp-json\/wp\/v2\/product\/12576\/revisions"}],"predecessor-version":[{"id":12653,"href":"https:\/\/parapharmacieenligne.ma\/en\/wp-json\/wp\/v2\/product\/12576\/revisions\/12653"}],"wp:featuredmedia":[{"embeddable":true,"href":"https:\/\/parapharmacieenligne.ma\/en\/wp-json\/wp\/v2\/media\/12652"}],"wp:attachment":[{"href":"https:\/\/parapharmacieenligne.ma\/en\/wp-json\/wp\/v2\/media?parent=12576"}],"wp:term":[{"taxonomy":"product_cat","embeddable":true,"href":"https:\/\/parapharmacieenligne.ma\/en\/wp-json\/wp\/v2\/product_cat?post=12576"},{"taxonomy":"product_tag","embeddable":true,"href":"https:\/\/parapharmacieenligne.ma\/en\/wp-json\/wp\/v2\/product_tag?post=12576"},{"taxonomy":"yith_product_brand","embeddable":true,"href":"https:\/\/parapharmacieenligne.ma\/en\/wp-json\/wp\/v2\/yith_product_brand?post=12576"}],"curies":[{"name":"wp","href":"https:\/\/api.w.org\/{rel}","templated":true}]}}