{"id":12590,"date":"2026-01-28T18:51:57","date_gmt":"2026-01-28T17:51:57","guid":{"rendered":"https:\/\/parapharmacieenligne.ma\/?post_type=product&#038;p=12590"},"modified":"2026-01-28T18:54:34","modified_gmt":"2026-01-28T17:54:34","slug":"racine-vita-huile-essentielle-darbre-a-the-10-ml","status":"publish","type":"product","link":"https:\/\/parapharmacieenligne.ma\/en\/product\/racine-vita-huile-essentielle-darbre-a-the-10-ml\/","title":{"rendered":"RACINE VITA HUILE ESSENTIELLE D\u2019ARBRE A THE 10 ML"},"content":{"rendered":"<div aria-labelledby=\"tab-title-description\" class=\"woocommerce-Tabs-panel woocommerce-Tabs-panel--description panel entry-content wc-tab\" id=\"tab-description\" role=\"tabpanel\" style=\"\">\n<h2>Description<\/h2>\n<div class=\"container_9 clearfix\" id=\"page\">\n<div class=\"grid_9 alpha omega clearfix\" id=\"columns\">\n<div id=\"center_column\">\n<div id=\"category_produit\">\n<div class=\"clear\" id=\"more_info_block\">\n<div class=\"sheets align_justify\" id=\"more_info_sheets\">\n<div class=\"rte\" id=\"idTab1\">\n<div class=\"container_9 clearfix\" id=\"page\">\n<div class=\"grid_9 alpha omega clearfix\" id=\"columns\">\n<div id=\"center_column\">\n<div id=\"category_produit\">\n<div class=\"clear\" id=\"more_info_block\">\n<div class=\"sheets align_justify\" id=\"more_info_sheets\">\n<div class=\"rte\" id=\"idTab1\">\n<p>L\u2019huile essentielle de tea tree (arbre \u00e0 th\u00e9) est l\u2019une des essences naturelles les plus populaires en aromath\u00e9rapie. Rien de plus normal car elle a des nombreuses vertus : antiseptique, antivirale, antifongique, etc. D\u00e9couvrez tout ce qu\u2019on peut faire avec l\u2019huile essentielle de tea tree.<\/p>\n<\/p><\/div>\n<\/p><\/div>\n<\/p><\/div>\n<\/p><\/div>\n<\/p><\/div>\n<div class=\"column grid_2 omega\" id=\"right_column\"><\/div>\n<\/p><\/div>\n<\/p><\/div>\n<div class=\"grid_9 alpha omega clearfix\" id=\"footer\">\n<div id=\"sous_footer\">\n<div class=\"block_various_links\" id=\"block_various_links_footer\"><\/div>\n<\/p><\/div>\n<\/p><\/div>\n<\/p><\/div>\n<\/p><\/div>\n<\/p><\/div>\n<\/p><\/div>\n<\/p><\/div>\n<\/p><\/div>\n<\/p><\/div>\n<div class=\"grid_9 alpha omega clearfix\" id=\"footer\">\n<div id=\"sous_footer\">\n<div class=\"block_various_links\" id=\"block_various_links_footer\"><\/div>\n<\/p><\/div>\n<\/p><\/div>\n<\/p><\/div>","protected":false},"excerpt":{"rendered":"<p>Highlights:Minceur , DrenafastR\u00e9duction du volume et du poids12 Plantes et 2 oligo-\u00e9l\u00e9ments<\/p>","protected":false},"featured_media":12656,"comment_status":"open","ping_status":"closed","template":"","meta":[],"product_cat":[85],"product_tag":[],"yith_product_brand":[160],"class_list":{"0":"post-12590","1":"product","2":"type-product","3":"status-publish","4":"has-post-thumbnail","6":"product_cat-soins-corps","7":"yith_product_brand-racine-vita","9":"first","10":"instock","11":"sale","12":"shipping-taxable","13":"purchasable","14":"product-type-simple"},"_links":{"self":[{"href":"https:\/\/parapharmacieenligne.ma\/en\/wp-json\/wp\/v2\/product\/12590","targetHints":{"allow":["GET"]}}],"collection":[{"href":"https:\/\/parapharmacieenligne.ma\/en\/wp-json\/wp\/v2\/product"}],"about":[{"href":"https:\/\/parapharmacieenligne.ma\/en\/wp-json\/wp\/v2\/types\/product"}],"replies":[{"embeddable":true,"href":"https:\/\/parapharmacieenligne.ma\/en\/wp-json\/wp\/v2\/comments?post=12590"}],"version-history":[{"count":1,"href":"https:\/\/parapharmacieenligne.ma\/en\/wp-json\/wp\/v2\/product\/12590\/revisions"}],"predecessor-version":[{"id":12657,"href":"https:\/\/parapharmacieenligne.ma\/en\/wp-json\/wp\/v2\/product\/12590\/revisions\/12657"}],"wp:featuredmedia":[{"embeddable":true,"href":"https:\/\/parapharmacieenligne.ma\/en\/wp-json\/wp\/v2\/media\/12656"}],"wp:attachment":[{"href":"https:\/\/parapharmacieenligne.ma\/en\/wp-json\/wp\/v2\/media?parent=12590"}],"wp:term":[{"taxonomy":"product_cat","embeddable":true,"href":"https:\/\/parapharmacieenligne.ma\/en\/wp-json\/wp\/v2\/product_cat?post=12590"},{"taxonomy":"product_tag","embeddable":true,"href":"https:\/\/parapharmacieenligne.ma\/en\/wp-json\/wp\/v2\/product_tag?post=12590"},{"taxonomy":"yith_product_brand","embeddable":true,"href":"https:\/\/parapharmacieenligne.ma\/en\/wp-json\/wp\/v2\/yith_product_brand?post=12590"}],"curies":[{"name":"wp","href":"https:\/\/api.w.org\/{rel}","templated":true}]}}