{"id":12593,"date":"2026-01-28T18:51:58","date_gmt":"2026-01-28T17:51:58","guid":{"rendered":"https:\/\/parapharmacieenligne.ma\/?post_type=product&#038;p=12593"},"modified":"2026-01-28T18:54:48","modified_gmt":"2026-01-28T17:54:48","slug":"racine-vita-huile-de-concombre-40ml","status":"publish","type":"product","link":"https:\/\/parapharmacieenligne.ma\/en\/product\/racine-vita-huile-de-concombre-40ml\/","title":{"rendered":"RACINE VITA HUILE DE CONCOMBRE 40ML"},"content":{"rendered":"<div aria-labelledby=\"tab-title-description\" class=\"woocommerce-Tabs-panel woocommerce-Tabs-panel--description panel entry-content wc-tab\" id=\"tab-description\" role=\"tabpanel\" style=\"\">\n<h2>Description<\/h2>\n<div class=\"container_9 clearfix\" id=\"page\">\n<div class=\"grid_9 alpha omega clearfix\" id=\"columns\">\n<div id=\"center_column\">\n<div id=\"category_produit\">\n<div class=\"clear\" id=\"more_info_block\">\n<div class=\"sheets align_justify\" id=\"more_info_sheets\">\n<div class=\"rte\" id=\"idTab1\"><\/div>\n<\/p><\/div>\n<\/p><\/div>\n<\/p><\/div>\n<\/p><\/div>\n<\/p><\/div>\n<\/p><\/div>\n<div class=\"grid_9 alpha omega clearfix\" id=\"footer\">\n<div id=\"sous_footer\">\n<div class=\"block_various_links\" id=\"block_various_links_footer\">\n<div class=\"container_9 clearfix\" id=\"page\">\n<div class=\"grid_9 alpha omega clearfix\" id=\"columns\">\n<div class=\"column grid_2 omega\" id=\"right_column\">\u2013 Efficace huile pour assurer un joli teint sain \u00e0 la peau.<br \/>\n \u2013 R\u00e9g\u00e9n\u00e9rant, \u00c9claircissant, et Rafraichissant.<br \/>\n \u2013 Ses vitamines contribuent activement au renouvellement des cellules.<br \/>\n \u2013 Utile pour la perte des cheveux, l\u2019acn\u00e9, et lutte contre la vieillisse.<br \/>\n \u2013 Adoucissant, rapporte souplesse et confort aux peaux, aux cheveux et aux ongles.<br \/>\n \u2013 Agit contre la br\u00fblure et le coup de soleil, et apaise les d\u00e9mangeaisons.<br \/>\n \u2013 Active la croissance et la multiplication des cellules de la peau et les cernes.<\/div>\n<\/p><\/div>\n<\/p><\/div>\n<div class=\"grid_9 alpha omega clearfix\" id=\"footer\">\n<div id=\"sous_footer\">\n<div class=\"block_various_links\" id=\"block_various_links_footer\"><\/div>\n<\/p><\/div>\n<\/p><\/div>\n<\/p><\/div>\n<\/p><\/div>\n<\/p><\/div>\n<\/p><\/div>","protected":false},"excerpt":{"rendered":"<p>Highlights:Hydratant, Apaisant, R\u00e9g\u00e9n\u00e9rant et Purifiant<\/p>","protected":false},"featured_media":12662,"comment_status":"open","ping_status":"closed","template":"","meta":[],"product_cat":[85],"product_tag":[],"yith_product_brand":[160],"class_list":{"0":"post-12593","1":"product","2":"type-product","3":"status-publish","4":"has-post-thumbnail","6":"product_cat-soins-corps","7":"yith_product_brand-racine-vita","9":"first","10":"instock","11":"sale","12":"shipping-taxable","13":"purchasable","14":"product-type-simple"},"_links":{"self":[{"href":"https:\/\/parapharmacieenligne.ma\/en\/wp-json\/wp\/v2\/product\/12593","targetHints":{"allow":["GET"]}}],"collection":[{"href":"https:\/\/parapharmacieenligne.ma\/en\/wp-json\/wp\/v2\/product"}],"about":[{"href":"https:\/\/parapharmacieenligne.ma\/en\/wp-json\/wp\/v2\/types\/product"}],"replies":[{"embeddable":true,"href":"https:\/\/parapharmacieenligne.ma\/en\/wp-json\/wp\/v2\/comments?post=12593"}],"version-history":[{"count":1,"href":"https:\/\/parapharmacieenligne.ma\/en\/wp-json\/wp\/v2\/product\/12593\/revisions"}],"predecessor-version":[{"id":12663,"href":"https:\/\/parapharmacieenligne.ma\/en\/wp-json\/wp\/v2\/product\/12593\/revisions\/12663"}],"wp:featuredmedia":[{"embeddable":true,"href":"https:\/\/parapharmacieenligne.ma\/en\/wp-json\/wp\/v2\/media\/12662"}],"wp:attachment":[{"href":"https:\/\/parapharmacieenligne.ma\/en\/wp-json\/wp\/v2\/media?parent=12593"}],"wp:term":[{"taxonomy":"product_cat","embeddable":true,"href":"https:\/\/parapharmacieenligne.ma\/en\/wp-json\/wp\/v2\/product_cat?post=12593"},{"taxonomy":"product_tag","embeddable":true,"href":"https:\/\/parapharmacieenligne.ma\/en\/wp-json\/wp\/v2\/product_tag?post=12593"},{"taxonomy":"yith_product_brand","embeddable":true,"href":"https:\/\/parapharmacieenligne.ma\/en\/wp-json\/wp\/v2\/yith_product_brand?post=12593"}],"curies":[{"name":"wp","href":"https:\/\/api.w.org\/{rel}","templated":true}]}}