{"id":12697,"date":"2026-01-28T19:01:27","date_gmt":"2026-01-28T18:01:27","guid":{"rendered":"https:\/\/parapharmacieenligne.ma\/?post_type=product&#038;p=12697"},"modified":"2026-01-28T19:02:32","modified_gmt":"2026-01-28T18:02:32","slug":"centifolia-gel-creme-definisseur-boucles-anti-frisottis-150ml","status":"publish","type":"product","link":"https:\/\/parapharmacieenligne.ma\/en\/product\/centifolia-gel-creme-definisseur-boucles-anti-frisottis-150ml\/","title":{"rendered":"Centifolia Gel Creme Definisseur Boucles Anti-frisottis 150ml"},"content":{"rendered":"<div aria-labelledby=\"tab-title-description\" class=\"woocommerce-Tabs-panel woocommerce-Tabs-panel--description panel entry-content wc-tab\" id=\"tab-description\" role=\"tabpanel\" style=\"\">\n<h2>Description<\/h2>\n<p>Une nouvelle g\u00e9n\u00e9ration de SOIN COIFFANT POUR CHEVEUX MULTI-TEXTURISES, BOUCLES, FRISES ET CREPUS :<\/p>\n<p>D\u00e9couvrez notre GEL CREME DEFINISSEUR BOUCLES 2EN1 BIO sans rin\u00e7age offrant une double action pour sublimer vos boucles.<\/p>\n<p>Sa texture gel cr\u00e8me offre une exp\u00e9rience unique salon de coiffure. Un v\u00e9ritable soin coiffant boucles, professionnel, sensoriel, efficace et certifi\u00e9 BIO. Id\u00e9al pour ne pas agresser les cheveux tout en offrant un r\u00e9sultat optimal et naturel. Ce soin coiffant sans rin\u00e7age offrant une double action : la cr\u00e8me prot\u00e8ge et d\u00e9finit, le gel apporte un effet gainant et anti-frisottis. En un seul geste, vos boucles sont dessin\u00e9es, prot\u00e9g\u00e9es et fix\u00e9es. D\u00e9finit et gaine 2 fois plus les boucles de la racine \u00e0 la pointe sans effet carton.<\/p>\n<p>Formul\u00e9 pour d\u00e9livrer les bienfaits d\u2019un actif v\u00e9g\u00e9tal : la MANGUE BIO, s\u00e9lectionn\u00e9e pour son pouvoir nourrissant et hydratant pour les boucles les plus fragilis\u00e9es et affam\u00e9es.<\/p>\n<p>Au c\u0153ur de la formule, un actif d\u00e9finisseur de boucles 100% d\u2019origine naturel, biosourc\u00e9 \u00e0 partir d\u2019amidon, permet de contr\u00f4ler les frisottis, de d\u00e9finir les boucles et de les maintenir. R\u00e9sistant \u00e0 l\u2019humidit\u00e9 pour une tenue longue dur\u00e9e.<\/p>\n<p>Une formule in\u00e9dite :<\/p>\n<p><strong>Hydratation et nutrition intense<\/strong> : Les cheveux boucl\u00e9s ont tendance \u00e0 \u00eatre plus secs car les huiles naturelles du cuir chevelu ont du mal \u00e0 atteindre les pointes en raison de la forme des boucles. Ainsi, notre soin coiffant offre une hydratation et une nutrition intense qui est essentiel pour maintenir l\u2019hydratation des cheveux boucl\u00e9s et pr\u00e9venir les frisottis, gr\u00e2ce aux pouvoirs de la mangue bio, de l\u2019huile de buriti bio, du beurre de karit\u00e9 et de l\u2019aloe vera \u00e9quitable et bio.<br \/>\n <strong>D\u00e9finition des boucles<\/strong> : D\u00e9finit et accentue les boucles naturellement, tout en \u00e9vitant les frisottis et en pr\u00e9servant la forme naturelle des boucles.<br \/>\n <strong>Contr\u00f4le des frisottis<\/strong> : Efficace contre les frisottis et aide \u00e0 maintenir les boucles bien d\u00e9finies et lisses.<br \/>\n <strong>Volume contr\u00f4l\u00e9<\/strong> : Bien que les boucles apportent d\u00e9j\u00e0 du volume, \u00e9vite ainsi l\u2019effet \u00ab gonfl\u00e9 \u00bb tout en maintenant la d\u00e9finition des boucles.<br \/>\n <strong>Texture l\u00e9g\u00e8re<\/strong> : qui n\u2019alourdit pas les boucles ni les rend raides. Une texture l\u00e9g\u00e8re qui permet aux boucles de rebondir naturellement, sans effet carton.<br \/>\n <strong>Sans r\u00e9sidus<\/strong> : ne laissent pas de r\u00e9sidus visibles et ne rendent pas les cheveux collants.<br \/>\n <strong>Longue tenue<\/strong> : maintient les boucles bien d\u00e9finies et en place toute la journ\u00e9e.<\/p>\n<p><strong>Notre Gel-cr\u00e8me d\u00e9finisseur boucles est formul\u00e9 avec un parfum 100% naturel !<\/strong><\/p>\n<p>Un parfum 100% naturel est un parfum fabriqu\u00e9 uniquement \u00e0 partir d\u2019ingr\u00e9dients naturels, extraits de plantes, de fleurs, de fruits, ou d\u2019autres sources naturelles. Ces parfums sont souvent appr\u00e9ci\u00e9s par ceux qui pr\u00e9f\u00e8rent des produits plus respectueux de l\u2019environnement et qui \u00e9vitent les produits chimiques potentiellement irritants et polluant.<\/p>\n<p>Le Flor Index est un outil capable de mesurer l\u2019impact environnemental \u00e0 presque toutes les \u00e9tapes du cycle de d\u00e9veloppement des parfums : du sourcing des mati\u00e8res premi\u00e8res \u00e0 la fin de vie du parfum, en passant par la formulation, la production et le transport. Ce scorage permet de donner une note globale de A B C D E, A \u00e9tant le moins impactant et le plus \u00e9co-con\u00e7u possible. Notre parfum s\u00e9lectionn\u00e9 est Flor Index A certifi\u00e9 AFNOR.<\/p>\n<p>UNE EFFICACIT\u00c9 PROUV\u00c9E ET VALID\u00c9E PAR DES COIFFEURS PROFESSIONNELS<\/p>\n<p>Convient aux cheveux boucl\u00e9s, fris\u00e9s et cr\u00e9pus (2BC \/ 3ABC \/ 4ABC). Enfants \u00e0 partir de 3 ans.<\/p>\n<p>Con\u00e7u et fabriqu\u00e9 en France<\/p>\n<p>Formule vegan : sans ingr\u00e9dients d\u2019origine animale ou d\u00e9riv\u00e9s.<\/p>\n<\/p><\/div>","protected":false},"excerpt":{"rendered":"<p>Highlights:EFFICACIT\u00c9 PROFESSIONNELLE \u2013 2x plus de d\u00e9finition et 2x moins de frisottis<\/p>","protected":false},"featured_media":12733,"comment_status":"open","ping_status":"closed","template":"","meta":[],"product_cat":[84],"product_tag":[],"yith_product_brand":[161],"class_list":{"0":"post-12697","1":"product","2":"type-product","3":"status-publish","4":"has-post-thumbnail","6":"product_cat-soins-cheveux","7":"yith_product_brand-centifolia","9":"first","10":"instock","11":"sale","12":"shipping-taxable","13":"purchasable","14":"product-type-simple"},"_links":{"self":[{"href":"https:\/\/parapharmacieenligne.ma\/en\/wp-json\/wp\/v2\/product\/12697","targetHints":{"allow":["GET"]}}],"collection":[{"href":"https:\/\/parapharmacieenligne.ma\/en\/wp-json\/wp\/v2\/product"}],"about":[{"href":"https:\/\/parapharmacieenligne.ma\/en\/wp-json\/wp\/v2\/types\/product"}],"replies":[{"embeddable":true,"href":"https:\/\/parapharmacieenligne.ma\/en\/wp-json\/wp\/v2\/comments?post=12697"}],"version-history":[{"count":1,"href":"https:\/\/parapharmacieenligne.ma\/en\/wp-json\/wp\/v2\/product\/12697\/revisions"}],"predecessor-version":[{"id":12734,"href":"https:\/\/parapharmacieenligne.ma\/en\/wp-json\/wp\/v2\/product\/12697\/revisions\/12734"}],"wp:featuredmedia":[{"embeddable":true,"href":"https:\/\/parapharmacieenligne.ma\/en\/wp-json\/wp\/v2\/media\/12733"}],"wp:attachment":[{"href":"https:\/\/parapharmacieenligne.ma\/en\/wp-json\/wp\/v2\/media?parent=12697"}],"wp:term":[{"taxonomy":"product_cat","embeddable":true,"href":"https:\/\/parapharmacieenligne.ma\/en\/wp-json\/wp\/v2\/product_cat?post=12697"},{"taxonomy":"product_tag","embeddable":true,"href":"https:\/\/parapharmacieenligne.ma\/en\/wp-json\/wp\/v2\/product_tag?post=12697"},{"taxonomy":"yith_product_brand","embeddable":true,"href":"https:\/\/parapharmacieenligne.ma\/en\/wp-json\/wp\/v2\/yith_product_brand?post=12697"}],"curies":[{"name":"wp","href":"https:\/\/api.w.org\/{rel}","templated":true}]}}