{"id":12699,"date":"2026-01-28T19:01:28","date_gmt":"2026-01-28T18:01:28","guid":{"rendered":"https:\/\/parapharmacieenligne.ma\/?post_type=product&#038;p=12699"},"modified":"2026-01-28T19:02:54","modified_gmt":"2026-01-28T18:02:54","slug":"centifolia-masque-protecteur-couleur-prolonge-250ml","status":"publish","type":"product","link":"https:\/\/parapharmacieenligne.ma\/en\/product\/centifolia-masque-protecteur-couleur-prolonge-250ml\/","title":{"rendered":"Centifolia Masque Protecteur Couleur Prolonge 250ml"},"content":{"rendered":"<div aria-labelledby=\"tab-title-description\" class=\"woocommerce-Tabs-panel woocommerce-Tabs-panel--description panel entry-content wc-tab\" id=\"tab-description\" role=\"tabpanel\" style=\"\">\n<h2>Description<\/h2>\n<p>Une nouvelle g\u00e9n\u00e9ration de masque BIO :<\/p>\n<p>D\u00e9couvrez LE PREMIER MASQUE COULEUR CENTIFOLIA OFFRANT UNE COULEUR \u00c9CLATANTE d\u00e8s la 1\u00e8re utilisation et la prot\u00e8ge pendant 6 SEMAINES !<\/p>\n<p>Sa texture hautement protectrice et onctueuse offre une exp\u00e9rience unique salon de coiffure. Un v\u00e9ritable masque protecteur couleur professionnel, sensoriel, efficace et certifi\u00e9 BIO. Id\u00e9al pour ne pas agresser les cheveux tout en offrant un r\u00e9sultat optimal et naturel. Des actifs hautement performants qui pr\u00e9servent la couleur et son intensit\u00e9 pendant 6 semaines. Le + : <strong>apporte plus de douceur et d\u2019\u00e9clat imm\u00e9diatement apr\u00e8s chaque application<\/strong>. Pr\u00e9vient le ternissement de la couleur<\/p>\n<p>Il a \u00e9t\u00e9 formul\u00e9 pour d\u00e9livrer les bienfaits d\u2019un actif v\u00e9g\u00e9tal : la GRENADE BIO. D\u2019origine FRANCE, elle \u00e9t\u00e9 s\u00e9lectionn\u00e9e pour son pouvoir antioxydant et protecteur.<\/p>\n<p>Au c\u0153ur de la formule, un actif biomim\u00e9tique &amp; anti-gaspi issu de la valorisation des d\u00e9chets d\u2019\u00e9corce d\u2019\u00e9pinette noire, prot\u00e8ge et r\u00e9v\u00e8le la couleur. Il limite la d\u00e9coloration apr\u00e8s exposition aux UV et apr\u00e8s lavage.<\/p>\n<p><strong>Qu\u2019est-ce qu\u2019un actif BIOMIM\u00c9TIQUE ? <\/strong>C\u2019est un actif qui s\u2019inspire de l\u2019enveloppe de protection qu\u2019est l\u2019\u00e9corce pour prot\u00e9ger les cheveux et ainsi aider \u00e0 maintenir la couleur.<\/p>\n<p><strong>Qu\u2019est-ce qu\u2019un actif anti-gaspi\/coproduit ? <\/strong>Un coproduit ou ingr\u00e9dient anti-gaspi est fabriqu\u00e9 \u00e0 partir de mati\u00e8res qui sont vou\u00e9es \u00e0 \u00eatre jet\u00e9es. Ces mati\u00e8res sont ainsi valoris\u00e9es afin de d\u00e9velopper de nouveaux actifs ou de nouvelles mati\u00e8res sensorielles que nous pouvons utiliser dans nos produits. C\u2019est \u00e7a l\u2019upcycling : donner une seconde vie ! Dans cette formule, il est r\u00e9alis\u00e9 \u00e0 partir d\u2019\u00e9corce de la production de bois.<\/p>\n<p><strong>Notre Masque protecteur couleur est formul\u00e9 avec un parfum 100% naturel !<\/strong><\/p>\n<p>Un parfum 100% naturel est un parfum fabriqu\u00e9 uniquement \u00e0 partir d\u2019ingr\u00e9dients naturels, extraits de plantes, de fleurs, de fruits, ou d\u2019autres sources naturelles. Ces parfums sont souvent appr\u00e9ci\u00e9s par ceux qui pr\u00e9f\u00e8rent des produits plus respectueux de l\u2019environnement et qui \u00e9vitent les produits chimiques potentiellement irritants et polluant.<\/p>\n<p>Le Flor Index est un outil capable de mesurer l\u2019impact environnemental \u00e0 presque toutes les \u00e9tapes du cycle de d\u00e9veloppement des parfums : du sourcing des mati\u00e8res premi\u00e8res \u00e0 la fin de vie du parfum, en passant par la formulation, la production et le transport. Ce scorage permet de donner une note globale de A B C D E, A \u00e9tant le moins impactant et le plus \u00e9co-con\u00e7u possible. Notre parfum s\u00e9lectionn\u00e9 est Flor Index A certifi\u00e9 AFNOR.<\/p>\n<p>UNE EFFICACIT\u00c9 PROUV\u00c9E ET VALID\u00c9E PAR DES COIFFEURS PROFESSIONNELS<\/p>\n<p>Convient aux cheveux color\u00e9s ou m\u00e9ch\u00e9s (coloration v\u00e9g\u00e9tale ou chimique).<\/p>\n<p>Con\u00e7u et fabriqu\u00e9 en France<\/p>\n<p>Formule vegan : sans ingr\u00e9dients d\u2019origine animale ou d\u00e9riv\u00e9s.<\/p>\n<\/p><\/div>","protected":false},"excerpt":{"rendered":"<p>Highlights:EFFICACIT\u00c9 PROFESSIONNELLE \u2013 Couleur pr\u00e9serv\u00e9e 6 semaines<\/p>","protected":false},"featured_media":12740,"comment_status":"open","ping_status":"closed","template":"","meta":[],"product_cat":[84],"product_tag":[],"yith_product_brand":[161],"class_list":{"0":"post-12699","1":"product","2":"type-product","3":"status-publish","4":"has-post-thumbnail","6":"product_cat-soins-cheveux","7":"yith_product_brand-centifolia","9":"first","10":"instock","11":"sale","12":"shipping-taxable","13":"purchasable","14":"product-type-simple"},"_links":{"self":[{"href":"https:\/\/parapharmacieenligne.ma\/en\/wp-json\/wp\/v2\/product\/12699","targetHints":{"allow":["GET"]}}],"collection":[{"href":"https:\/\/parapharmacieenligne.ma\/en\/wp-json\/wp\/v2\/product"}],"about":[{"href":"https:\/\/parapharmacieenligne.ma\/en\/wp-json\/wp\/v2\/types\/product"}],"replies":[{"embeddable":true,"href":"https:\/\/parapharmacieenligne.ma\/en\/wp-json\/wp\/v2\/comments?post=12699"}],"version-history":[{"count":1,"href":"https:\/\/parapharmacieenligne.ma\/en\/wp-json\/wp\/v2\/product\/12699\/revisions"}],"predecessor-version":[{"id":12741,"href":"https:\/\/parapharmacieenligne.ma\/en\/wp-json\/wp\/v2\/product\/12699\/revisions\/12741"}],"wp:featuredmedia":[{"embeddable":true,"href":"https:\/\/parapharmacieenligne.ma\/en\/wp-json\/wp\/v2\/media\/12740"}],"wp:attachment":[{"href":"https:\/\/parapharmacieenligne.ma\/en\/wp-json\/wp\/v2\/media?parent=12699"}],"wp:term":[{"taxonomy":"product_cat","embeddable":true,"href":"https:\/\/parapharmacieenligne.ma\/en\/wp-json\/wp\/v2\/product_cat?post=12699"},{"taxonomy":"product_tag","embeddable":true,"href":"https:\/\/parapharmacieenligne.ma\/en\/wp-json\/wp\/v2\/product_tag?post=12699"},{"taxonomy":"yith_product_brand","embeddable":true,"href":"https:\/\/parapharmacieenligne.ma\/en\/wp-json\/wp\/v2\/yith_product_brand?post=12699"}],"curies":[{"name":"wp","href":"https:\/\/api.w.org\/{rel}","templated":true}]}}