{"id":12703,"date":"2026-01-28T19:01:32","date_gmt":"2026-01-28T18:01:32","guid":{"rendered":"https:\/\/parapharmacieenligne.ma\/?post_type=product&#038;p=12703"},"modified":"2026-01-28T19:03:48","modified_gmt":"2026-01-28T18:03:48","slug":"centifolia-baume-demelant-brillance-250ml","status":"publish","type":"product","link":"https:\/\/parapharmacieenligne.ma\/en\/product\/centifolia-baume-demelant-brillance-250ml\/","title":{"rendered":"Centifolia Baume Demelant Brillance 250ml"},"content":{"rendered":"<div aria-labelledby=\"tab-title-description\" class=\"woocommerce-Tabs-panel woocommerce-Tabs-panel--description panel entry-content wc-tab\" id=\"tab-description\" role=\"tabpanel\" style=\"\">\n<h2>Description<\/h2>\n<p>Adapt\u00e9 \u00e0 <strong>tous les types de cheveux<\/strong> m\u00eame boucl\u00e9s, le baume d\u00e9m\u00ealant brillance apr\u00e8s shampoing Centifolia d\u00e9m\u00eale et illumine vos cheveux sans les agresser gr\u00e2ce \u00e0 sa formule bio ultra-douce et biod\u00e9gradable.<\/p>\n<p>L\u2019extrait de Framboise BIO issu de la pulpe des framboises fra\u00eeches a \u00e9t\u00e9 minutieusement s\u00e9lectionn\u00e9 pour redonner de l\u2019\u00e9clat \u00e0 vos cheveux.<\/p>\n<p>La K\u00e9ratine V\u00e9g\u00e9tale va pr\u00e9server la structure interne du cheveu face aux agressions en limitant l\u2019alt\u00e9ration des prot\u00e9ines, constituant majeur de la fibre capillaire. Elle apporte un effet gainant et offre \u00e0 votre chevelure douceur et l\u00e9g\u00e8ret\u00e9.<\/p>\n<p>D\u00e9m\u00eal\u00e9s sans \u00eatres alourdis, vos cheveux sont l\u00e9gers et extr\u00eamement Faciles \u00e0 coiffer. La fibre capillaire est liss\u00e9e. Ils sont doux et \u00e9clatants de beaut\u00e9.<\/p>\n<p>Le d\u00e9m\u00ealage est une \u00e9tape indispensable d\u2019une bonne routine capillaire, et ce qu\u2019importe la nature de vos cheveux. Mais il peut s\u2019av\u00e9rer tr\u00e8s douloureux, voire inconfortable, selon la longueur et le type de vos cheveux. En plus d\u2019\u00eatre d\u00e9sagr\u00e9able, un d\u00e9m\u00ealage trop violent est aussi le risque de casser vos cheveux ou de les arracher. Pour cette raison, nous vous conseillons d\u2019adopter un<strong> baume d\u00e9m\u00ealant<\/strong> r\u00e9guli\u00e8rement. De plus, utiliser le baume d\u00e9m\u00ealant brillance apr\u00e8s-shampoing permet aussi de nourrir la fibre capillaire en profondeur, et de r\u00e9parer et revitaliser les cheveux, sans les alourdir.<\/p>\n<p>Vous souhaitez utiliser un <strong>baume apr\u00e8s-shampoing<\/strong>, mais craignez que cette \u00e9tape vous demande trop de temps au quotidien ? Un <strong>apr\u00e8s-shampoing d\u00e9m\u00ealant<\/strong> s\u2019applique facilement et rapidement, et s\u2019int\u00e8gre parfaitement dans votre routine capillaire. Apr\u00e8s avoir lav\u00e9 vos cheveux gr\u00e2ce \u00e0 un <strong>shampoing d\u00e9m\u00ealant<\/strong> bio, le baume s\u2019applique sur vos cheveux rinc\u00e9s et essor\u00e9s. Il suffit de le r\u00e9partir sur les longueurs et pointes et de le laisser agir seulement quelques instants avant de rincer sous l\u2019eau. Il est important de bien r\u00e9partir l\u2019<strong>apr\u00e8s-shampoing bio<\/strong> sur toute la longueur pour faciliter le d\u00e9m\u00ealage. Si vous avez les cheveux tr\u00e8s \u00e9pais, vous pouvez l\u2019appliquer en plusieurs couches pour vous assurer de r\u00e9partir le produit harmonieusement. N\u2019h\u00e9sitez pas \u00e0 appliquer votre baume apr\u00e8s-shampoing gr\u00e2ce \u00e0 une brosse \u00e0 poils doux. Pour ce faire, coiffez d\u2019abord les pointes, puis remontez petit \u00e0 petit vers les racines pour \u00e9viter la formation de n\u0153uds qui risqueraient d\u2019arracher vos cheveux.<\/p>\n<p>Pour plus de brillance, d\u00e9couvrez votre nouvelle routine capillaire Centifolia : SUBLIME BRILLANCE<\/p>\n<p>Emballage garanti sans phtalate ni Bisph\u00e9nol A. Con\u00e7u et fabriqu\u00e9 en France.<\/p>\n<p>Ne pas utiliser en dessous de 3 ans.<\/p>\n<\/p><\/div>","protected":false},"excerpt":{"rendered":"<p>Highlights:Illumine &#038; lisse tous les types de cheveuxEdition limit\u00e9e 40ans : +25% de produit OFFERTD\u00e9m\u00eale et illumine sans alourdir la chevelureFormul\u00e9 avec de la K\u00e9ratine V\u00e9g\u00e9taleFormule 97% BIODEGRADABLETube 30% recycl\u00e9 avec une capsule r\u00e9duite en plastique99% d\u2019ingr\u00e9dients d\u2019origine naturelleFormule vegan<\/p>","protected":false},"featured_media":12751,"comment_status":"open","ping_status":"closed","template":"","meta":[],"product_cat":[84],"product_tag":[],"yith_product_brand":[161],"class_list":{"0":"post-12703","1":"product","2":"type-product","3":"status-publish","4":"has-post-thumbnail","6":"product_cat-soins-cheveux","7":"yith_product_brand-centifolia","9":"first","10":"instock","11":"sale","12":"shipping-taxable","13":"purchasable","14":"product-type-simple"},"_links":{"self":[{"href":"https:\/\/parapharmacieenligne.ma\/en\/wp-json\/wp\/v2\/product\/12703","targetHints":{"allow":["GET"]}}],"collection":[{"href":"https:\/\/parapharmacieenligne.ma\/en\/wp-json\/wp\/v2\/product"}],"about":[{"href":"https:\/\/parapharmacieenligne.ma\/en\/wp-json\/wp\/v2\/types\/product"}],"replies":[{"embeddable":true,"href":"https:\/\/parapharmacieenligne.ma\/en\/wp-json\/wp\/v2\/comments?post=12703"}],"version-history":[{"count":1,"href":"https:\/\/parapharmacieenligne.ma\/en\/wp-json\/wp\/v2\/product\/12703\/revisions"}],"predecessor-version":[{"id":12752,"href":"https:\/\/parapharmacieenligne.ma\/en\/wp-json\/wp\/v2\/product\/12703\/revisions\/12752"}],"wp:featuredmedia":[{"embeddable":true,"href":"https:\/\/parapharmacieenligne.ma\/en\/wp-json\/wp\/v2\/media\/12751"}],"wp:attachment":[{"href":"https:\/\/parapharmacieenligne.ma\/en\/wp-json\/wp\/v2\/media?parent=12703"}],"wp:term":[{"taxonomy":"product_cat","embeddable":true,"href":"https:\/\/parapharmacieenligne.ma\/en\/wp-json\/wp\/v2\/product_cat?post=12703"},{"taxonomy":"product_tag","embeddable":true,"href":"https:\/\/parapharmacieenligne.ma\/en\/wp-json\/wp\/v2\/product_tag?post=12703"},{"taxonomy":"yith_product_brand","embeddable":true,"href":"https:\/\/parapharmacieenligne.ma\/en\/wp-json\/wp\/v2\/yith_product_brand?post=12703"}],"curies":[{"name":"wp","href":"https:\/\/api.w.org\/{rel}","templated":true}]}}