{"id":12704,"date":"2026-01-28T19:01:32","date_gmt":"2026-01-28T18:01:32","guid":{"rendered":"https:\/\/parapharmacieenligne.ma\/?post_type=product&#038;p=12704"},"modified":"2026-01-28T19:03:59","modified_gmt":"2026-01-28T18:03:59","slug":"centifolia-dentifrice-soin-protection-intergal-75ml","status":"publish","type":"product","link":"https:\/\/parapharmacieenligne.ma\/en\/product\/centifolia-dentifrice-soin-protection-intergal-75ml\/","title":{"rendered":"Centifolia Dentifrice soin Protection Intergal 75ml"},"content":{"rendered":"<div aria-labelledby=\"tab-title-description\" class=\"woocommerce-Tabs-panel woocommerce-Tabs-panel--description panel entry-content wc-tab\" id=\"tab-description\" role=\"tabpanel\" style=\"\">\n<h2>Description<\/h2>\n<p>Centifolia a choisi, comme ingr\u00e9dient phare, un actif aux merveilleuses vertus : l\u2019Aloe vera \u00e9quitable &amp; BIO. Id\u00e9al pour apaiser les dents et les gencives sensibles.<\/p>\n<p>Ce dentifrice assure une hygi\u00e8ne buccale parfaite. Il nettoie, pr\u00e9serve et prot\u00e8ge efficacement les dents de toute la famille \u00e0 partir de 7 ans. Sa formule rafra\u00eechissante prot\u00e8ge les gencives sensibles et respecte l\u2019email des dents. Aide \u00e0 \u00e9liminer la plaque dentaire. Adapt\u00e9 \u00e0 tout type de gencives dont sensibles.<\/p>\n<p>Contient du fluorure de sodium (dosage r\u00e9glement\u00e9 1450ppm) : Permet de lutter contre les caries, d\u2019am\u00e9liorer la force des dents et d\u2019am\u00e9liorer la remin\u00e9ralisation de l\u2019\u00e9mail des dents.<\/p>\n<p>Selon L\u2019Union Fran\u00e7aise pour la Sant\u00e9 Bucco-Dentaire le fluor est l\u2019actif anti-carie le plus efficace*. Utilis\u00e9 de mani\u00e8re raisonn\u00e9e, le fluor est un alli\u00e9 tr\u00e8s pr\u00e9cieux pour la sant\u00e9 de vos dents.<\/p>\n<p>Emballage recyclable et garanti sans phtalate ni Bisph\u00e9nol A. Produit non test\u00e9 sur les animaux. Fabriqu\u00e9 en France.<\/p>\n<p>*article de L\u2019Union Fran\u00e7aise pour la Sant\u00e9 Bucco-Dentaire \u00abDentifrice \u00ab sans \u00bb fluor : une perte de chance face \u00e0 votre sant\u00e9 bucco-dentaire !\u00bb<\/p>\n<\/p><\/div>","protected":false},"excerpt":{"rendered":"<p>Highlights:Dents et gencives prot\u00e9g\u00e9esA l\u2019Aloe vera \u00e9quitable &#038; BIOContient du fluorure de sodium (1450ppm)Convient aux femmes enceintes ou allaitantesSans dioxyde de titane, sans sulfate, sans silice,sans huiles essentielles<\/p>","protected":false},"featured_media":12755,"comment_status":"open","ping_status":"closed","template":"","meta":[],"product_cat":[88],"product_tag":[],"yith_product_brand":[161],"class_list":{"0":"post-12704","1":"product","2":"type-product","3":"status-publish","4":"has-post-thumbnail","6":"product_cat-soins-bucco-dentaires","7":"yith_product_brand-centifolia","9":"first","10":"instock","11":"sale","12":"shipping-taxable","13":"purchasable","14":"product-type-simple"},"_links":{"self":[{"href":"https:\/\/parapharmacieenligne.ma\/en\/wp-json\/wp\/v2\/product\/12704","targetHints":{"allow":["GET"]}}],"collection":[{"href":"https:\/\/parapharmacieenligne.ma\/en\/wp-json\/wp\/v2\/product"}],"about":[{"href":"https:\/\/parapharmacieenligne.ma\/en\/wp-json\/wp\/v2\/types\/product"}],"replies":[{"embeddable":true,"href":"https:\/\/parapharmacieenligne.ma\/en\/wp-json\/wp\/v2\/comments?post=12704"}],"version-history":[{"count":1,"href":"https:\/\/parapharmacieenligne.ma\/en\/wp-json\/wp\/v2\/product\/12704\/revisions"}],"predecessor-version":[{"id":12756,"href":"https:\/\/parapharmacieenligne.ma\/en\/wp-json\/wp\/v2\/product\/12704\/revisions\/12756"}],"wp:featuredmedia":[{"embeddable":true,"href":"https:\/\/parapharmacieenligne.ma\/en\/wp-json\/wp\/v2\/media\/12755"}],"wp:attachment":[{"href":"https:\/\/parapharmacieenligne.ma\/en\/wp-json\/wp\/v2\/media?parent=12704"}],"wp:term":[{"taxonomy":"product_cat","embeddable":true,"href":"https:\/\/parapharmacieenligne.ma\/en\/wp-json\/wp\/v2\/product_cat?post=12704"},{"taxonomy":"product_tag","embeddable":true,"href":"https:\/\/parapharmacieenligne.ma\/en\/wp-json\/wp\/v2\/product_tag?post=12704"},{"taxonomy":"yith_product_brand","embeddable":true,"href":"https:\/\/parapharmacieenligne.ma\/en\/wp-json\/wp\/v2\/yith_product_brand?post=12704"}],"curies":[{"name":"wp","href":"https:\/\/api.w.org\/{rel}","templated":true}]}}